{"id":29402,"date":"2026-02-27T00:06:44","date_gmt":"2026-02-27T00:06:44","guid":{"rendered":"https:\/\/nordicmart.andreevmaster.com\/product\/little-tikes-lasten-piknikpoyta-rehevan-vihrea\/"},"modified":"2026-02-27T09:31:10","modified_gmt":"2026-02-27T09:31:10","slug":"little-tikes-lasten-piknikpoyta-rehevan-vihrea","status":"publish","type":"product","link":"https:\/\/nordicmart.andreevmaster.com\/fi\/tuote\/little-tikes-lasten-piknikpoyta-rehevan-vihrea\/","title":{"rendered":"LITTLE TIKES Lasten piknikp\u00f6yt\u00e4, rehev\u00e4n vihre\u00e4"},"content":{"rendered":"<p>Vihre\u00e4 ja punainen piknikp\u00f6yt\u00e4 lapsille tunnetulta Little Tikes -br\u00e4ndilt\u00e4, arvostetulta lasten lelujen valmistajalta. P\u00f6yt\u00e4 sopii erinomaisesti leikkimiseen sek\u00e4 kotona ett\u00e4 puutarhassa. Yksiosainen p\u00f6yt\u00e4 on varustettu mukavilla punaisilla istuimilla ja py\u00f6ristetyill\u00e4, sileill\u00e4 reunoilla turvallisuuden takaamiseksi. P\u00f6yt\u00e4 voi toimia lasten ty\u00f6p\u00f6yt\u00e4n\u00e4, joka sopii kaikenlaisiin teht\u00e4viin, kuten muovailuun, maalaamiseen, leikkaamiseen, sy\u00f6miseen jne. P\u00f6yd\u00e4n \u00e4\u00e4reen mahtuu istumaan nelj\u00e4 lasta samanaikaisesti. Ominaisuudet: * &#8211; yksiosainen p\u00f6yt\u00e4, * &#8211; varustettu mukavilla punaisilla istuimilla ja py\u00f6ristetyill\u00e4, sileill\u00e4 reunoilla turvallisuuden takaamiseksi, * &#8211; p\u00f6yt\u00e4 toimii lasten ty\u00f6p\u00f6yt\u00e4n\u00e4, * &#8211; p\u00f6yd\u00e4n \u00e4\u00e4reen mahtuu istumaan nelj\u00e4 lasta samanaikaisesti, * &#8211; helppo pit\u00e4\u00e4 puhtaana.<\/p>\n<p>Little Tikes -tuotteet ovat tunnettuja ja rakastettuja kaikilla mantereilla, lukemattomissa kodeissa, joissa asuu hymyilevi\u00e4 lapsia ja tyytyv\u00e4isi\u00e4 vanhempia. Little Tikes valmistaa tuotteita, jotka t\u00e4ytt\u00e4v\u00e4t kaikki tarvittavat turvallisuusstandardit. Tuotteiden kest\u00e4vyyden takaamiseksi lelut on suunniteltu ja valmistettu k\u00e4ytt\u00e4m\u00e4ll\u00e4 sopivinta tekniikkaa, rotaatiovalua, joka takaa vuosien hauskanpidon.<\/p>\n","protected":false},"excerpt":{"rendered":"<p>Vihre\u00e4 ja punainen piknikp\u00f6yt\u00e4 lapsille tunnetulta Little Tikes -br\u00e4ndilt\u00e4, arvostetulta lasten lelujen valmistajalta. P\u00f6yt\u00e4 sopii erinomaisesti leikkimiseen sek\u00e4 kotona ett\u00e4 puutarhassa. Yksiosainen p\u00f6yt\u00e4 on varustettu mukavilla punaisilla istuimilla ja py\u00f6ristetyill\u00e4, sileill\u00e4 reunoilla turvallisuuden takaamiseksi. P\u00f6yt\u00e4 voi toimia lasten ty\u00f6p\u00f6yt\u00e4n\u00e4, joka sopii kaikenlaisiin teht\u00e4viin, kuten muovailuun, maalaamiseen, leikkaamiseen, sy\u00f6miseen jne. P\u00f6yd\u00e4n \u00e4\u00e4reen mahtuu istumaan nelj\u00e4 lasta [&hellip;]<\/p>\n","protected":false},"featured_media":0,"comment_status":"open","ping_status":"closed","template":"","meta":[],"product_brand":[],"product_cat":[32],"product_tag":[],"class_list":{"0":"post-29402","1":"product","2":"type-product","3":"status-publish","5":"product_cat-uncategorized-fi","7":"first","8":"instock","9":"shipping-taxable","10":"purchasable","11":"product-type-simple"},"_links":{"self":[{"href":"https:\/\/nordicmart.andreevmaster.com\/fi\/wp-json\/wp\/v2\/product\/29402","targetHints":{"allow":["GET"]}}],"collection":[{"href":"https:\/\/nordicmart.andreevmaster.com\/fi\/wp-json\/wp\/v2\/product"}],"about":[{"href":"https:\/\/nordicmart.andreevmaster.com\/fi\/wp-json\/wp\/v2\/types\/product"}],"replies":[{"embeddable":true,"href":"https:\/\/nordicmart.andreevmaster.com\/fi\/wp-json\/wp\/v2\/comments?post=29402"}],"wp:attachment":[{"href":"https:\/\/nordicmart.andreevmaster.com\/fi\/wp-json\/wp\/v2\/media?parent=29402"}],"wp:term":[{"taxonomy":"product_brand","embeddable":true,"href":"https:\/\/nordicmart.andreevmaster.com\/fi\/wp-json\/wp\/v2\/product_brand?post=29402"},{"taxonomy":"product_cat","embeddable":true,"href":"https:\/\/nordicmart.andreevmaster.com\/fi\/wp-json\/wp\/v2\/product_cat?post=29402"},{"taxonomy":"product_tag","embeddable":true,"href":"https:\/\/nordicmart.andreevmaster.com\/fi\/wp-json\/wp\/v2\/product_tag?post=29402"}],"curies":[{"name":"wp","href":"https:\/\/api.w.org\/{rel}","templated":true}]}}