{"id":29401,"date":"2026-02-27T00:06:44","date_gmt":"2026-02-27T00:06:44","guid":{"rendered":"https:\/\/nordicmart.andreevmaster.com\/product\/little-tikesin-suuri-piknikpoyta-lapsille\/"},"modified":"2026-02-27T09:31:10","modified_gmt":"2026-02-27T09:31:10","slug":"little-tikesin-suuri-piknikpoyta-lapsille","status":"publish","type":"product","link":"https:\/\/nordicmart.andreevmaster.com\/fi\/tuote\/little-tikesin-suuri-piknikpoyta-lapsille\/","title":{"rendered":"Little Tikesin suuri piknikp\u00f6yt\u00e4 lapsille"},"content":{"rendered":"<p>Suuri vihre\u00e4 piknikp\u00f6yt\u00e4, jonka on suunnitellut tunnettu lelujen valmistaja Little Tikes. Yksiosainen piknikp\u00f6yt\u00e4 on suunniteltu k\u00e4ytett\u00e4v\u00e4ksi sek\u00e4 kotona ett\u00e4 puutarhassa. Se sopii erinomaisesti kaikenlaisiin teht\u00e4viin ja leikkeihin. Se on t\u00e4ydellinen paikka rentoutua tai nauttia ateria ulkona. <\/p>\n<p>Ominaisuudet: <\/p>\n<p>* py\u00f6ristetyt reunat takaavat lapsesi turvallisuuden leikin aikana,<br \/>\n* tuote on valmistettu korkealaatuisesta, s\u00e4\u00e4nkest\u00e4v\u00e4st\u00e4 muovista,<br \/>\n* helppo puhdistaa.* p\u00f6yt\u00e4 on suunniteltu 6 lapselle,<br \/>\n* yhden lapsen enimm\u00e4ispaino: 36 kg.<\/p>\n<p>Little Tikes -tuotteet ovat tunnettuja ja rakastettuja kaikilla mantereilla, monissa kodeissa lukemattomien hymyilevien lasten ja tyytyv\u00e4isten vanhempien keskuudessa. Little Tikes valmistaa tuotteita, jotka t\u00e4ytt\u00e4v\u00e4t kaikki tarvittavat turvallisuusstandardit. Tuotteiden kest\u00e4vyyden varmistamiseksi lelut on suunniteltu ja valmistettu k\u00e4ytt\u00e4m\u00e4ll\u00e4 sopivinta tekniikkaa, eli rotaatiovalua, joka takaa vuosien hauskanpidon.<\/p>\n","protected":false},"excerpt":{"rendered":"<p>Suuri vihre\u00e4 piknikp\u00f6yt\u00e4, jonka on suunnitellut tunnettu lelujen valmistaja Little Tikes. Yksiosainen piknikp\u00f6yt\u00e4 on suunniteltu k\u00e4ytett\u00e4v\u00e4ksi sek\u00e4 kotona ett\u00e4 puutarhassa. Se sopii erinomaisesti kaikenlaisiin teht\u00e4viin ja leikkeihin. Se on t\u00e4ydellinen paikka rentoutua tai nauttia ateria ulkona. Ominaisuudet: * py\u00f6ristetyt reunat takaavat lapsesi turvallisuuden leikin aikana, * tuote on valmistettu korkealaatuisesta, s\u00e4\u00e4nkest\u00e4v\u00e4st\u00e4 muovista, * helppo puhdistaa.* [&hellip;]<\/p>\n","protected":false},"featured_media":0,"comment_status":"open","ping_status":"closed","template":"","meta":[],"product_brand":[],"product_cat":[32],"product_tag":[],"class_list":{"0":"post-29401","1":"product","2":"type-product","3":"status-publish","5":"product_cat-uncategorized-fi","7":"first","8":"instock","9":"shipping-taxable","10":"purchasable","11":"product-type-simple"},"_links":{"self":[{"href":"https:\/\/nordicmart.andreevmaster.com\/fi\/wp-json\/wp\/v2\/product\/29401","targetHints":{"allow":["GET"]}}],"collection":[{"href":"https:\/\/nordicmart.andreevmaster.com\/fi\/wp-json\/wp\/v2\/product"}],"about":[{"href":"https:\/\/nordicmart.andreevmaster.com\/fi\/wp-json\/wp\/v2\/types\/product"}],"replies":[{"embeddable":true,"href":"https:\/\/nordicmart.andreevmaster.com\/fi\/wp-json\/wp\/v2\/comments?post=29401"}],"wp:attachment":[{"href":"https:\/\/nordicmart.andreevmaster.com\/fi\/wp-json\/wp\/v2\/media?parent=29401"}],"wp:term":[{"taxonomy":"product_brand","embeddable":true,"href":"https:\/\/nordicmart.andreevmaster.com\/fi\/wp-json\/wp\/v2\/product_brand?post=29401"},{"taxonomy":"product_cat","embeddable":true,"href":"https:\/\/nordicmart.andreevmaster.com\/fi\/wp-json\/wp\/v2\/product_cat?post=29401"},{"taxonomy":"product_tag","embeddable":true,"href":"https:\/\/nordicmart.andreevmaster.com\/fi\/wp-json\/wp\/v2\/product_tag?post=29401"}],"curies":[{"name":"wp","href":"https:\/\/api.w.org\/{rel}","templated":true}]}}