{"id":29400,"date":"2026-02-27T00:06:44","date_gmt":"2026-02-27T00:06:44","guid":{"rendered":"https:\/\/nordicmart.andreevmaster.com\/product\/falk-tasapainopyora-hiljaiset-pyorat-moottori-prem1er-retro-musta-12m\/"},"modified":"2026-02-27T09:31:09","modified_gmt":"2026-02-27T09:31:09","slug":"falk-tasapainopyora-hiljaiset-pyorat-moottori-prem1er-retro-musta-12m","status":"publish","type":"product","link":"https:\/\/nordicmart.andreevmaster.com\/fi\/tuote\/falk-tasapainopyora-hiljaiset-pyorat-moottori-prem1er-retro-musta-12m\/","title":{"rendered":"FALK Tasapainopy\u00f6r\u00e4 Hiljaiset py\u00f6r\u00e4t Moottori Prem1er Retro Musta 12m+"},"content":{"rendered":"<p>Uusi versio suloisesta Falk-ajettavasta moottoripy\u00f6r\u00e4st\u00e4. Varustettu suurilla py\u00f6rill\u00e4, jotka tarjoavat lapsellesi tarvittavan vakauden, ja elastomeeripinnoitteella, joka tekee siit\u00e4 kest\u00e4v\u00e4mm\u00e4n naarmuille ja muille vaurioille. Ihanteellinen sis\u00e4- ja ulkok\u00e4ytt\u00f6\u00f6n.Ominaisuudet:<\/p>\n<p>* &#8211; 1-vuotiaille lapsille<br \/>\n* &#8211; Enimm\u00e4iskuorma 25 kg<br \/>\n* &#8211; Hiljaiset ja luistamattomat py\u00f6r\u00e4t<br \/>\n* &#8211; Py\u00f6r\u00e4t eiv\u00e4t j\u00e4t\u00e4 j\u00e4lki\u00e4 lattiaan<br \/>\n* &#8211; K\u00e4\u00e4ntyv\u00e4 ohjauspy\u00f6r\u00e4<br \/>\n* &#8211; \u00c4\u00e4nitorvi ohjauspy\u00f6r\u00e4ss\u00e4<br \/>\n* &#8211; Retrotyylinen ajettava lelu<br \/>\n* &#8211; Elastomeeripinnoite<br \/>\n* &#8211; Leve\u00e4t py\u00f6r\u00e4t turvallisuuden tunteen lis\u00e4\u00e4miseksi<br \/>\n* &#8211; Lapsi harjoittelee tasapainoa ja motorisia taitoja<\/p>\n<p>Lelu kehitt\u00e4\u00e4:<\/p>\n<p>* &#8211; Tasapainoa<br \/>\n* &#8211; Motorisia taitoja<br \/>\n* &#8211; Motorista koordinaatiota<br \/>\n* &#8211; Lapsen itsen\u00e4isyytt\u00e4<br \/>\n* &#8211; Fyysist\u00e4 aktiivisuutta<br \/>\n* &#8211; Mielikuvitusta ja luovuutta<br \/>\n* &#8211; Keskittymiskyky\u00e4<br \/>\n* &#8211; Paikannuskyky\u00e4<\/p>\n","protected":false},"excerpt":{"rendered":"<p>Uusi versio suloisesta Falk-ajettavasta moottoripy\u00f6r\u00e4st\u00e4. Varustettu suurilla py\u00f6rill\u00e4, jotka tarjoavat lapsellesi tarvittavan vakauden, ja elastomeeripinnoitteella, joka tekee siit\u00e4 kest\u00e4v\u00e4mm\u00e4n naarmuille ja muille vaurioille. Ihanteellinen sis\u00e4- ja ulkok\u00e4ytt\u00f6\u00f6n.Ominaisuudet: * &#8211; 1-vuotiaille lapsille * &#8211; Enimm\u00e4iskuorma 25 kg * &#8211; Hiljaiset ja luistamattomat py\u00f6r\u00e4t * &#8211; Py\u00f6r\u00e4t eiv\u00e4t j\u00e4t\u00e4 j\u00e4lki\u00e4 lattiaan * &#8211; K\u00e4\u00e4ntyv\u00e4 ohjauspy\u00f6r\u00e4 * &#8211; [&hellip;]<\/p>\n","protected":false},"featured_media":0,"comment_status":"open","ping_status":"closed","template":"","meta":[],"product_brand":[],"product_cat":[32],"product_tag":[],"class_list":{"0":"post-29400","1":"product","2":"type-product","3":"status-publish","5":"product_cat-uncategorized-fi","7":"first","8":"instock","9":"shipping-taxable","10":"purchasable","11":"product-type-simple"},"_links":{"self":[{"href":"https:\/\/nordicmart.andreevmaster.com\/fi\/wp-json\/wp\/v2\/product\/29400","targetHints":{"allow":["GET"]}}],"collection":[{"href":"https:\/\/nordicmart.andreevmaster.com\/fi\/wp-json\/wp\/v2\/product"}],"about":[{"href":"https:\/\/nordicmart.andreevmaster.com\/fi\/wp-json\/wp\/v2\/types\/product"}],"replies":[{"embeddable":true,"href":"https:\/\/nordicmart.andreevmaster.com\/fi\/wp-json\/wp\/v2\/comments?post=29400"}],"wp:attachment":[{"href":"https:\/\/nordicmart.andreevmaster.com\/fi\/wp-json\/wp\/v2\/media?parent=29400"}],"wp:term":[{"taxonomy":"product_brand","embeddable":true,"href":"https:\/\/nordicmart.andreevmaster.com\/fi\/wp-json\/wp\/v2\/product_brand?post=29400"},{"taxonomy":"product_cat","embeddable":true,"href":"https:\/\/nordicmart.andreevmaster.com\/fi\/wp-json\/wp\/v2\/product_cat?post=29400"},{"taxonomy":"product_tag","embeddable":true,"href":"https:\/\/nordicmart.andreevmaster.com\/fi\/wp-json\/wp\/v2\/product_tag?post=29400"}],"curies":[{"name":"wp","href":"https:\/\/api.w.org\/{rel}","templated":true}]}}