{"id":29397,"date":"2026-02-27T00:06:43","date_gmt":"2026-02-27T00:06:43","guid":{"rendered":"https:\/\/nordicmart.andreevmaster.com\/product\/falk-ride-on-toy-quiet-wheels-motor-prem1er-retro-red-1-2\/"},"modified":"2026-02-27T09:31:09","modified_gmt":"2026-02-27T09:31:09","slug":"falk-ride-on-toy-quiet-wheels-motor-prem1er-retro-red-1-2","status":"publish","type":"product","link":"https:\/\/nordicmart.andreevmaster.com\/fi\/tuote\/falk-ride-on-toy-quiet-wheels-motor-prem1er-retro-red-1-2\/","title":{"rendered":"FALK Ride-On Toy Quiet Wheels Motor Prem1er Retro Red 1+"},"content":{"rendered":"<p>Uusi versio vieh\u00e4tt\u00e4v\u00e4st\u00e4 Falk-tasapainopy\u00f6r\u00e4st\u00e4. Varustettu suurilla py\u00f6rill\u00e4, jotka antavat lapselle tarvittavan vakauden, ja elastomeeripinnoitteella, joka tekee py\u00f6r\u00e4st\u00e4 kest\u00e4v\u00e4mm\u00e4n naarmuille ja muille vaurioille. Ihanteellinen sis\u00e4- ja ulkok\u00e4ytt\u00f6\u00f6n.<\/p>\n<p>Tekniset tiedot:<\/p>\n<p>* &#8211; Enimm\u00e4iskuorma 25 kg<br \/>\n* &#8211; Hiljaiset ja luistamattomat py\u00f6r\u00e4t<br \/>\n* &#8211; K\u00e4\u00e4ntyv\u00e4 ohjauspy\u00f6r\u00e4<br \/>\n* &#8211; \u00c4\u00e4nitorvi ohjauspy\u00f6r\u00e4ss\u00e4<br \/>\n* &#8211; Mitat: 63 x 26 x 39 cm<\/p>\n<p>Ominaisuudet:<\/p>\n<p>* &#8211; 1-vuotiaille ja sit\u00e4 vanhemmille lapsille<br \/>\n* &#8211; Py\u00f6r\u00e4t eiv\u00e4t j\u00e4t\u00e4 j\u00e4lki\u00e4 lattiaan<br \/>\n* &#8211; Retrotyylinen ajettava lelu<br \/>\n* &#8211; Elastomeeripinnoite<br \/>\n* &#8211; Leve\u00e4t py\u00f6r\u00e4t antavat turvallisuuden tunteen<br \/>\n* &#8211; Lapsesi harjoittelee tasapainoa ja motorisia taitoja<\/p>\n","protected":false},"excerpt":{"rendered":"<p>Uusi versio vieh\u00e4tt\u00e4v\u00e4st\u00e4 Falk-tasapainopy\u00f6r\u00e4st\u00e4. Varustettu suurilla py\u00f6rill\u00e4, jotka antavat lapselle tarvittavan vakauden, ja elastomeeripinnoitteella, joka tekee py\u00f6r\u00e4st\u00e4 kest\u00e4v\u00e4mm\u00e4n naarmuille ja muille vaurioille. Ihanteellinen sis\u00e4- ja ulkok\u00e4ytt\u00f6\u00f6n. Tekniset tiedot: * &#8211; Enimm\u00e4iskuorma 25 kg * &#8211; Hiljaiset ja luistamattomat py\u00f6r\u00e4t * &#8211; K\u00e4\u00e4ntyv\u00e4 ohjauspy\u00f6r\u00e4 * &#8211; \u00c4\u00e4nitorvi ohjauspy\u00f6r\u00e4ss\u00e4 * &#8211; Mitat: 63 x 26 x 39 [&hellip;]<\/p>\n","protected":false},"featured_media":0,"comment_status":"open","ping_status":"closed","template":"","meta":[],"product_brand":[],"product_cat":[32],"product_tag":[],"class_list":{"0":"post-29397","1":"product","2":"type-product","3":"status-publish","5":"product_cat-uncategorized-fi","7":"first","8":"instock","9":"shipping-taxable","10":"purchasable","11":"product-type-simple"},"_links":{"self":[{"href":"https:\/\/nordicmart.andreevmaster.com\/fi\/wp-json\/wp\/v2\/product\/29397","targetHints":{"allow":["GET"]}}],"collection":[{"href":"https:\/\/nordicmart.andreevmaster.com\/fi\/wp-json\/wp\/v2\/product"}],"about":[{"href":"https:\/\/nordicmart.andreevmaster.com\/fi\/wp-json\/wp\/v2\/types\/product"}],"replies":[{"embeddable":true,"href":"https:\/\/nordicmart.andreevmaster.com\/fi\/wp-json\/wp\/v2\/comments?post=29397"}],"wp:attachment":[{"href":"https:\/\/nordicmart.andreevmaster.com\/fi\/wp-json\/wp\/v2\/media?parent=29397"}],"wp:term":[{"taxonomy":"product_brand","embeddable":true,"href":"https:\/\/nordicmart.andreevmaster.com\/fi\/wp-json\/wp\/v2\/product_brand?post=29397"},{"taxonomy":"product_cat","embeddable":true,"href":"https:\/\/nordicmart.andreevmaster.com\/fi\/wp-json\/wp\/v2\/product_cat?post=29397"},{"taxonomy":"product_tag","embeddable":true,"href":"https:\/\/nordicmart.andreevmaster.com\/fi\/wp-json\/wp\/v2\/product_tag?post=29397"}],"curies":[{"name":"wp","href":"https:\/\/api.w.org\/{rel}","templated":true}]}}