{"id":29396,"date":"2026-02-27T00:06:43","date_gmt":"2026-02-27T00:06:43","guid":{"rendered":"https:\/\/nordicmart.andreevmaster.com\/product\/little-tikes-monkey-grove-for-toddlers-playground-slide-2\/"},"modified":"2026-02-27T09:31:09","modified_gmt":"2026-02-27T09:31:09","slug":"little-tikes-monkey-grove-for-toddlers-playground-slide-2","status":"publish","type":"product","link":"https:\/\/nordicmart.andreevmaster.com\/fi\/tuote\/little-tikes-monkey-grove-for-toddlers-playground-slide-2\/","title":{"rendered":"LITTLE TIKES Monkey Grove for Toddlers Playground Slide"},"content":{"rendered":"<p>MONKEY GROVE stimuloi lasten mielikuvitusta ja kannustaa aktiiviseen leikkiin puutarhassa!Ominaisuudet ja varusteet:<\/p>\n<p>* seinien rei\u00e4t auttavat kehitt\u00e4m\u00e4\u00e4n kiipeilytaitoja<br \/>\n* alimman tason rei\u00e4t yhdist\u00e4v\u00e4t leikkialueet, luovat salaisia k\u00e4yt\u00e4vi\u00e4 ja tarjoavat monia leikkimahdollisuuksia, eik\u00e4 pienill\u00e4 tutkimusmatkailijoilla ole pulaa ideoista<br \/>\n* voidaan koota ilman ty\u00f6kaluja<\/p>\n<p>Little Tikes -tuotteet ovat tunnettuja ja rakastettuja kaikilla mantereilla, monissa kodeissa, lukemattomien hymyilevien lasten ja tyytyv\u00e4isten vanhempien keskuudessa. Little Tikes valmistaa tuotteita, jotka t\u00e4ytt\u00e4v\u00e4t kaikki tarvittavat turvallisuusstandardit. Tuotteiden kest\u00e4vyys huomioon ottaen lelut on suunniteltu ja valmistettu k\u00e4ytt\u00e4m\u00e4ll\u00e4 sopivinta tekniikkaa, rotaatiovalua, joka takaa vuosien hauskanpidon.<\/p>\n","protected":false},"excerpt":{"rendered":"<p>MONKEY GROVE stimuloi lasten mielikuvitusta ja kannustaa aktiiviseen leikkiin puutarhassa!Ominaisuudet ja varusteet: * seinien rei\u00e4t auttavat kehitt\u00e4m\u00e4\u00e4n kiipeilytaitoja * alimman tason rei\u00e4t yhdist\u00e4v\u00e4t leikkialueet, luovat salaisia k\u00e4yt\u00e4vi\u00e4 ja tarjoavat monia leikkimahdollisuuksia, eik\u00e4 pienill\u00e4 tutkimusmatkailijoilla ole pulaa ideoista * voidaan koota ilman ty\u00f6kaluja Little Tikes -tuotteet ovat tunnettuja ja rakastettuja kaikilla mantereilla, monissa kodeissa, lukemattomien hymyilevien [&hellip;]<\/p>\n","protected":false},"featured_media":0,"comment_status":"open","ping_status":"closed","template":"","meta":[],"product_brand":[],"product_cat":[32],"product_tag":[],"class_list":{"0":"post-29396","1":"product","2":"type-product","3":"status-publish","5":"product_cat-uncategorized-fi","7":"first","8":"instock","9":"shipping-taxable","10":"purchasable","11":"product-type-simple"},"_links":{"self":[{"href":"https:\/\/nordicmart.andreevmaster.com\/fi\/wp-json\/wp\/v2\/product\/29396","targetHints":{"allow":["GET"]}}],"collection":[{"href":"https:\/\/nordicmart.andreevmaster.com\/fi\/wp-json\/wp\/v2\/product"}],"about":[{"href":"https:\/\/nordicmart.andreevmaster.com\/fi\/wp-json\/wp\/v2\/types\/product"}],"replies":[{"embeddable":true,"href":"https:\/\/nordicmart.andreevmaster.com\/fi\/wp-json\/wp\/v2\/comments?post=29396"}],"wp:attachment":[{"href":"https:\/\/nordicmart.andreevmaster.com\/fi\/wp-json\/wp\/v2\/media?parent=29396"}],"wp:term":[{"taxonomy":"product_brand","embeddable":true,"href":"https:\/\/nordicmart.andreevmaster.com\/fi\/wp-json\/wp\/v2\/product_brand?post=29396"},{"taxonomy":"product_cat","embeddable":true,"href":"https:\/\/nordicmart.andreevmaster.com\/fi\/wp-json\/wp\/v2\/product_cat?post=29396"},{"taxonomy":"product_tag","embeddable":true,"href":"https:\/\/nordicmart.andreevmaster.com\/fi\/wp-json\/wp\/v2\/product_tag?post=29396"}],"curies":[{"name":"wp","href":"https:\/\/api.w.org\/{rel}","templated":true}]}}