{"id":29395,"date":"2026-02-27T00:06:43","date_gmt":"2026-02-27T00:06:43","guid":{"rendered":"https:\/\/nordicmart.andreevmaster.com\/product\/viga-puinen-suora-liukumaki-kiipeilyseina\/"},"modified":"2026-02-27T09:31:09","modified_gmt":"2026-02-27T09:31:09","slug":"viga-puinen-suora-liukumaki-kiipeilyseina","status":"publish","type":"product","link":"https:\/\/nordicmart.andreevmaster.com\/fi\/tuote\/viga-puinen-suora-liukumaki-kiipeilyseina\/","title":{"rendered":"VIGA Puinen suora liukum\u00e4ki kiipeilysein\u00e4"},"content":{"rendered":"<p>VIGA:n puinen liukum\u00e4ki on monitoiminen elementti kotileikkikentt\u00e4\u00e4n, joka voidaan liitt\u00e4\u00e4 keinutuoliin (44710) ja kiipeilykolmioon (44708). Toisella puolella on tasainen pinta, jota voidaan k\u00e4ytt\u00e4\u00e4 liukum\u00e4ken\u00e4 tai k\u00e4velysiltana. Toisella puolella on kiipeilysein\u00e4.<\/p>\n<p>Ominaisuudet:<\/p>\n<p>&#8211; lelu 18 kuukauden ik\u00e4isille ja sit\u00e4 vanhemmille lapsille &#8211; sopii keinutuoliin (44710) ja kiipeilykolmioon (44708) &#8211; voidaan k\u00e4ytt\u00e4\u00e4 pienen kotileikkikent\u00e4n rakentamiseen &#8211; voidaan k\u00e4ytt\u00e4\u00e4 liukum\u00e4ken\u00e4, kiipeilysein\u00e4n\u00e4 tai k\u00e4velysiltana &#8211; valmistettu korkealaatuisesta py\u00f6kkipuusta ja vanerista<\/p>\n<p>Lelu kehitt\u00e4\u00e4:<\/p>\n<p>&#8211; karkeamotorisia taitoja &#8211; motorista koordinaatiota &#8211; tasapainoaistia<\/p>\n<p>[img-128121-left-thickbox_default]<\/p>\n<p>[img-128119-left-thickbox_default]<\/p>\n","protected":false},"excerpt":{"rendered":"<p>VIGA:n puinen liukum\u00e4ki on monitoiminen elementti kotileikkikentt\u00e4\u00e4n, joka voidaan liitt\u00e4\u00e4 keinutuoliin (44710) ja kiipeilykolmioon (44708). Toisella puolella on tasainen pinta, jota voidaan k\u00e4ytt\u00e4\u00e4 liukum\u00e4ken\u00e4 tai k\u00e4velysiltana. Toisella puolella on kiipeilysein\u00e4. Ominaisuudet: &#8211; lelu 18 kuukauden ik\u00e4isille ja sit\u00e4 vanhemmille lapsille &#8211; sopii keinutuoliin (44710) ja kiipeilykolmioon (44708) &#8211; voidaan k\u00e4ytt\u00e4\u00e4 pienen kotileikkikent\u00e4n rakentamiseen &#8211; voidaan [&hellip;]<\/p>\n","protected":false},"featured_media":0,"comment_status":"open","ping_status":"closed","template":"","meta":[],"product_brand":[],"product_cat":[32],"product_tag":[],"class_list":{"0":"post-29395","1":"product","2":"type-product","3":"status-publish","5":"product_cat-uncategorized-fi","7":"first","8":"instock","9":"shipping-taxable","10":"purchasable","11":"product-type-simple"},"_links":{"self":[{"href":"https:\/\/nordicmart.andreevmaster.com\/fi\/wp-json\/wp\/v2\/product\/29395","targetHints":{"allow":["GET"]}}],"collection":[{"href":"https:\/\/nordicmart.andreevmaster.com\/fi\/wp-json\/wp\/v2\/product"}],"about":[{"href":"https:\/\/nordicmart.andreevmaster.com\/fi\/wp-json\/wp\/v2\/types\/product"}],"replies":[{"embeddable":true,"href":"https:\/\/nordicmart.andreevmaster.com\/fi\/wp-json\/wp\/v2\/comments?post=29395"}],"wp:attachment":[{"href":"https:\/\/nordicmart.andreevmaster.com\/fi\/wp-json\/wp\/v2\/media?parent=29395"}],"wp:term":[{"taxonomy":"product_brand","embeddable":true,"href":"https:\/\/nordicmart.andreevmaster.com\/fi\/wp-json\/wp\/v2\/product_brand?post=29395"},{"taxonomy":"product_cat","embeddable":true,"href":"https:\/\/nordicmart.andreevmaster.com\/fi\/wp-json\/wp\/v2\/product_cat?post=29395"},{"taxonomy":"product_tag","embeddable":true,"href":"https:\/\/nordicmart.andreevmaster.com\/fi\/wp-json\/wp\/v2\/product_tag?post=29395"}],"curies":[{"name":"wp","href":"https:\/\/api.w.org\/{rel}","templated":true}]}}