{"id":29394,"date":"2026-02-27T00:06:43","date_gmt":"2026-02-27T00:06:43","guid":{"rendered":"https:\/\/nordicmart.andreevmaster.com\/product\/little-tikes-super-monkey-grove-vari-2-1-leikkikentan-liukumaki\/"},"modified":"2026-02-27T09:31:09","modified_gmt":"2026-02-27T09:31:09","slug":"little-tikes-super-monkey-grove-vari-2-1-leikkikentan-liukumaki","status":"publish","type":"product","link":"https:\/\/nordicmart.andreevmaster.com\/fi\/tuote\/little-tikes-super-monkey-grove-vari-2-1-leikkikentan-liukumaki\/","title":{"rendered":"Little Tikes Super Monkey Grove v\u00e4ri 2\/1 Leikkikent\u00e4n liukum\u00e4ki"},"content":{"rendered":"<p>Amerikkalaisen Little Tikes -yrityksen Super Monkey Grove tarjoaa loputtomasti kiipeily-, liukum\u00e4ki- ja piiloleikkien iloa. T\u00e4ydellinen kotiin ja puutarhaan. Sopii ryhm\u00e4leikkeihin ja kehitt\u00e4\u00e4 lasten fyysisi\u00e4 kykyj\u00e4. T\u00e4ydellinen lelu lapsillesi! Erinomainen paitsi kuumina p\u00e4ivin\u00e4! Super Monkey Grove on t\u00e4ydellinen puutarhatarvike pienille! Energiset lapset l\u00f6yt\u00e4v\u00e4t paljon hauskaa kiipeilem\u00e4ll\u00e4 ja liukumalla t\u00e4ll\u00e4 suurella liukum\u00e4ell\u00e4. Lapset voivat kiivet\u00e4 kalliosein\u00e4\u00e4 ja katsella ulos valtavalta alustalta. Kaksi liukum\u00e4ke\u00e4 sopivat eri-ik\u00e4isille lapsille. Ihana ry\u00f6mint\u00e4tunneli toimii &#8221;pakohatchina&#8221; salaisissa teht\u00e4viss\u00e4, ja valtava linnoitus kudoksen alla toimii piilopaikkana.Ominaisuudet: * &#8211; kaksi erikokoista liukum\u00e4ke\u00e4, * &#8211; sopii eri-ik\u00e4isille lapsille, * &#8211; pikkulapset voivat kiivet\u00e4 kivisein\u00e4lle ja istua j\u00e4ttim\u00e4isell\u00e4 alustalla, * &#8211; liukum\u00e4en pituus: 173 cm (iso liukum\u00e4ki), 100 cm (pieni liukum\u00e4ki), * &#8211; ry\u00f6mint\u00e4tunneli.<\/p>\n<p>Lelu kehitt\u00e4\u00e4:<\/p>\n<p>* &#8211; lapsen fyysist\u00e4 kuntoa,<br \/>\n* &#8211; koordinaatiota ja tasapainoa,<br \/>\n* &#8211; motorisia taitoja,<br \/>\n* &#8211; mielikuvitusta,<br \/>\n* &#8211; luovuutta.<\/p>\n<p>Little Tikes tarjoaa luovia ratkaisuja ja kest\u00e4vyytt\u00e4, joiden ansiosta lapset voivat nauttia leikkimisest\u00e4 monien vuosien ajan. Siksi yksi sen lippulaivatuotteista on Cozy Coupe\u00ae -ajettava auto, joka on tuonut iloa lapsille jo yli kolmenkymmenen vuoden ajan. Valikoimaan kuuluu my\u00f6s seuraavien kategorioiden leluja: leikkim\u00f6kit, taloustavarat, keinut ja leikkikent\u00e4t, keinutuolit ja k\u00e4velytuolit, huonekalut, puutarhalelut, lasten ajoneuvot, liukum\u00e4et ja kiipeilytelineet.<\/p>\n","protected":false},"excerpt":{"rendered":"<p>Amerikkalaisen Little Tikes -yrityksen Super Monkey Grove tarjoaa loputtomasti kiipeily-, liukum\u00e4ki- ja piiloleikkien iloa. T\u00e4ydellinen kotiin ja puutarhaan. Sopii ryhm\u00e4leikkeihin ja kehitt\u00e4\u00e4 lasten fyysisi\u00e4 kykyj\u00e4. T\u00e4ydellinen lelu lapsillesi! Erinomainen paitsi kuumina p\u00e4ivin\u00e4! Super Monkey Grove on t\u00e4ydellinen puutarhatarvike pienille! Energiset lapset l\u00f6yt\u00e4v\u00e4t paljon hauskaa kiipeilem\u00e4ll\u00e4 ja liukumalla t\u00e4ll\u00e4 suurella liukum\u00e4ell\u00e4. Lapset voivat kiivet\u00e4 kalliosein\u00e4\u00e4 ja [&hellip;]<\/p>\n","protected":false},"featured_media":0,"comment_status":"open","ping_status":"closed","template":"","meta":[],"product_brand":[],"product_cat":[32],"product_tag":[],"class_list":{"0":"post-29394","1":"product","2":"type-product","3":"status-publish","5":"product_cat-uncategorized-fi","7":"first","8":"instock","9":"shipping-taxable","10":"purchasable","11":"product-type-simple"},"_links":{"self":[{"href":"https:\/\/nordicmart.andreevmaster.com\/fi\/wp-json\/wp\/v2\/product\/29394","targetHints":{"allow":["GET"]}}],"collection":[{"href":"https:\/\/nordicmart.andreevmaster.com\/fi\/wp-json\/wp\/v2\/product"}],"about":[{"href":"https:\/\/nordicmart.andreevmaster.com\/fi\/wp-json\/wp\/v2\/types\/product"}],"replies":[{"embeddable":true,"href":"https:\/\/nordicmart.andreevmaster.com\/fi\/wp-json\/wp\/v2\/comments?post=29394"}],"wp:attachment":[{"href":"https:\/\/nordicmart.andreevmaster.com\/fi\/wp-json\/wp\/v2\/media?parent=29394"}],"wp:term":[{"taxonomy":"product_brand","embeddable":true,"href":"https:\/\/nordicmart.andreevmaster.com\/fi\/wp-json\/wp\/v2\/product_brand?post=29394"},{"taxonomy":"product_cat","embeddable":true,"href":"https:\/\/nordicmart.andreevmaster.com\/fi\/wp-json\/wp\/v2\/product_cat?post=29394"},{"taxonomy":"product_tag","embeddable":true,"href":"https:\/\/nordicmart.andreevmaster.com\/fi\/wp-json\/wp\/v2\/product_tag?post=29394"}],"curies":[{"name":"wp","href":"https:\/\/api.w.org\/{rel}","templated":true}]}}