{"id":29393,"date":"2026-02-27T00:06:42","date_gmt":"2026-02-27T00:06:42","guid":{"rendered":"https:\/\/nordicmart.andreevmaster.com\/product\/little-tikes-country-garden-playhouse-2\/"},"modified":"2026-02-27T09:31:08","modified_gmt":"2026-02-27T09:31:08","slug":"little-tikes-country-garden-playhouse-2","status":"publish","type":"product","link":"https:\/\/nordicmart.andreevmaster.com\/fi\/tuote\/little-tikes-country-garden-playhouse-2\/","title":{"rendered":"Little Tikes COUNTRY GARDEN PLAYHOUSE"},"content":{"rendered":"<p>Little Tikes Maalaistyylinen puutarhaleikkim\u00f6kki, vihre\u00e4.<\/p>\n<p>* Sis\u00e4ll\u00e4 on pesuallas kiertokahvalla,<br \/>\n* liesi painonapeilla ja puhelin.<br \/>\n* M\u00f6kiss\u00e4 on ovi, 4 ikkunaa ja ikkunaluukut, jotka on helppo avata ja sulkea.<\/p>\n<p>Monimutkaisesti suunniteltu maalaistalo seuraa lapsia leikkien aikana ja kannustaa heit\u00e4 menem\u00e4\u00e4n puutarhaan haukkaamaan raitista ilmaa. Muovinen maalaistyyppinen puutarham\u00f6kki inspiroi luovaa leikki\u00e4, edist\u00e4\u00e4 aktiivisuutta ja tarjoaa tuntikausia hauskaa muiden lasten kanssa.<\/p>\n<p>Little Tikes perustettiin vuonna 1970. Nyky\u00e4\u00e4n se on yksi MGA Entertainmentin t\u00e4rkeimmist\u00e4 tuotemerkeist\u00e4 ja l\u00e4sn\u00e4 monissa maissa ja kulttuureissa ymp\u00e4ri maailmaa. Little Tikes -tuotteet ovat eritt\u00e4in suosittuja, ja niit\u00e4 leimaavat korkea laatu, turvallisuus ja kest\u00e4vyys. Puutarhalelujen suunnittelussa ja valmistuksessa k\u00e4ytet\u00e4\u00e4n rotaatiovalutekniikkaa \u2013 lelut ovat kaksisein\u00e4isi\u00e4, mik\u00e4 suojaa niit\u00e4 auringolta ja s\u00e4\u00e4olosuhteilta ja tekee niist\u00e4 kest\u00e4v\u00e4mpi\u00e4 \u00e4killisille iskuille. Yritys varmistaa, ett\u00e4 sen tuotteet inspiroivat luovaa leikki\u00e4, kannustavat aktiivisuuteen ja l\u00f6yt\u00e4miseen sek\u00e4 tuovat iloa lapsille, mink\u00e4 vuoksi se on nauttinut vanhempien ja vieraiden luottamusta tuhansissa lastenhuoneissa ja p\u00e4iv\u00e4kodeissa jo vuosien ajan. Kuka ei tunne nyky\u00e4\u00e4n ikonista vasaraa, jossa on \u00e4\u00e4ni- ja valoefektej\u00e4?<\/p>\n","protected":false},"excerpt":{"rendered":"<p>Little Tikes Maalaistyylinen puutarhaleikkim\u00f6kki, vihre\u00e4. * Sis\u00e4ll\u00e4 on pesuallas kiertokahvalla, * liesi painonapeilla ja puhelin. * M\u00f6kiss\u00e4 on ovi, 4 ikkunaa ja ikkunaluukut, jotka on helppo avata ja sulkea. Monimutkaisesti suunniteltu maalaistalo seuraa lapsia leikkien aikana ja kannustaa heit\u00e4 menem\u00e4\u00e4n puutarhaan haukkaamaan raitista ilmaa. Muovinen maalaistyyppinen puutarham\u00f6kki inspiroi luovaa leikki\u00e4, edist\u00e4\u00e4 aktiivisuutta ja tarjoaa tuntikausia [&hellip;]<\/p>\n","protected":false},"featured_media":0,"comment_status":"open","ping_status":"closed","template":"","meta":[],"product_brand":[],"product_cat":[32],"product_tag":[],"class_list":{"0":"post-29393","1":"product","2":"type-product","3":"status-publish","5":"product_cat-uncategorized-fi","7":"first","8":"instock","9":"shipping-taxable","10":"purchasable","11":"product-type-simple"},"_links":{"self":[{"href":"https:\/\/nordicmart.andreevmaster.com\/fi\/wp-json\/wp\/v2\/product\/29393","targetHints":{"allow":["GET"]}}],"collection":[{"href":"https:\/\/nordicmart.andreevmaster.com\/fi\/wp-json\/wp\/v2\/product"}],"about":[{"href":"https:\/\/nordicmart.andreevmaster.com\/fi\/wp-json\/wp\/v2\/types\/product"}],"replies":[{"embeddable":true,"href":"https:\/\/nordicmart.andreevmaster.com\/fi\/wp-json\/wp\/v2\/comments?post=29393"}],"wp:attachment":[{"href":"https:\/\/nordicmart.andreevmaster.com\/fi\/wp-json\/wp\/v2\/media?parent=29393"}],"wp:term":[{"taxonomy":"product_brand","embeddable":true,"href":"https:\/\/nordicmart.andreevmaster.com\/fi\/wp-json\/wp\/v2\/product_brand?post=29393"},{"taxonomy":"product_cat","embeddable":true,"href":"https:\/\/nordicmart.andreevmaster.com\/fi\/wp-json\/wp\/v2\/product_cat?post=29393"},{"taxonomy":"product_tag","embeddable":true,"href":"https:\/\/nordicmart.andreevmaster.com\/fi\/wp-json\/wp\/v2\/product_tag?post=29393"}],"curies":[{"name":"wp","href":"https:\/\/api.w.org\/{rel}","templated":true}]}}