{"id":29392,"date":"2026-02-27T00:05:52","date_gmt":"2026-02-27T00:05:52","guid":{"rendered":"https:\/\/nordicmart.andreevmaster.com\/product\/viga-polarb-puinen-diy-tyopaja\/"},"modified":"2026-02-27T09:31:08","modified_gmt":"2026-02-27T09:31:08","slug":"viga-polarb-puinen-diy-tyopaja","status":"publish","type":"product","link":"https:\/\/nordicmart.andreevmaster.com\/fi\/tuote\/viga-polarb-puinen-diy-tyopaja\/","title":{"rendered":"VIGA PolarB Puinen DIY-ty\u00f6paja"},"content":{"rendered":"<p>Viga Toysin DIY-ty\u00f6paja, joka kuuluu eksklusiiviseen PolarB-sarjaan, saa lapsesi tuntemaan itsens\u00e4 aidoksi mekaanikoksi. Lapsesi voi ly\u00f6d\u00e4 nauloja, kirist\u00e4\u00e4 ruuveja jakoavaimella ja ruuvata puulevyj\u00e4 ja hammaspy\u00f6ri\u00e4 ty\u00f6p\u00f6yt\u00e4\u00e4n. Lelussa on kellotaulu, puiset autot ja erilaisia ty\u00f6kaluja.Ominaisuudet:<\/p>\n<p>* &#8211; sarja sis\u00e4lt\u00e4\u00e4 ty\u00f6pajan, ty\u00f6kaluja, ruuveja, el\u00e4inten piirustuksia,<br \/>\n* &#8211; lapset voivat kirist\u00e4\u00e4 erilaisia ruuveja, vaihtaa lelujen autojen renkaita ja &#8221;leikata&#8221; osia,<br \/>\n* &#8211; ty\u00f6kalut ja erilaiset osat voidaan s\u00e4ilytt\u00e4\u00e4 p\u00f6yd\u00e4n alla olevalla hyllyll\u00e4.<\/p>\n<p>Lelu kehitt\u00e4\u00e4:<\/p>\n<p>* &#8211; mielikuvitusta,<br \/>\n* &#8211; k\u00e4tevyytt\u00e4,<br \/>\n* &#8211; luovuutta,<br \/>\n* &#8211; motorisia taitoja,<br \/>\n* &#8211; k\u00e4si-silm\u00e4-koordinaatiota.<\/p>\n","protected":false},"excerpt":{"rendered":"<p>Viga Toysin DIY-ty\u00f6paja, joka kuuluu eksklusiiviseen PolarB-sarjaan, saa lapsesi tuntemaan itsens\u00e4 aidoksi mekaanikoksi. Lapsesi voi ly\u00f6d\u00e4 nauloja, kirist\u00e4\u00e4 ruuveja jakoavaimella ja ruuvata puulevyj\u00e4 ja hammaspy\u00f6ri\u00e4 ty\u00f6p\u00f6yt\u00e4\u00e4n. Lelussa on kellotaulu, puiset autot ja erilaisia ty\u00f6kaluja.Ominaisuudet: * &#8211; sarja sis\u00e4lt\u00e4\u00e4 ty\u00f6pajan, ty\u00f6kaluja, ruuveja, el\u00e4inten piirustuksia, * &#8211; lapset voivat kirist\u00e4\u00e4 erilaisia ruuveja, vaihtaa lelujen autojen renkaita ja [&hellip;]<\/p>\n","protected":false},"featured_media":0,"comment_status":"open","ping_status":"closed","template":"","meta":[],"product_brand":[],"product_cat":[32],"product_tag":[],"class_list":{"0":"post-29392","1":"product","2":"type-product","3":"status-publish","5":"product_cat-uncategorized-fi","7":"first","8":"instock","9":"shipping-taxable","10":"purchasable","11":"product-type-simple"},"_links":{"self":[{"href":"https:\/\/nordicmart.andreevmaster.com\/fi\/wp-json\/wp\/v2\/product\/29392","targetHints":{"allow":["GET"]}}],"collection":[{"href":"https:\/\/nordicmart.andreevmaster.com\/fi\/wp-json\/wp\/v2\/product"}],"about":[{"href":"https:\/\/nordicmart.andreevmaster.com\/fi\/wp-json\/wp\/v2\/types\/product"}],"replies":[{"embeddable":true,"href":"https:\/\/nordicmart.andreevmaster.com\/fi\/wp-json\/wp\/v2\/comments?post=29392"}],"wp:attachment":[{"href":"https:\/\/nordicmart.andreevmaster.com\/fi\/wp-json\/wp\/v2\/media?parent=29392"}],"wp:term":[{"taxonomy":"product_brand","embeddable":true,"href":"https:\/\/nordicmart.andreevmaster.com\/fi\/wp-json\/wp\/v2\/product_brand?post=29392"},{"taxonomy":"product_cat","embeddable":true,"href":"https:\/\/nordicmart.andreevmaster.com\/fi\/wp-json\/wp\/v2\/product_cat?post=29392"},{"taxonomy":"product_tag","embeddable":true,"href":"https:\/\/nordicmart.andreevmaster.com\/fi\/wp-json\/wp\/v2\/product_tag?post=29392"}],"curies":[{"name":"wp","href":"https:\/\/api.w.org\/{rel}","templated":true}]}}