{"id":29391,"date":"2026-02-27T00:05:52","date_gmt":"2026-02-27T00:05:52","guid":{"rendered":"https:\/\/nordicmart.andreevmaster.com\/product\/step2-safari-truck-leikkikentan-liukumaki\/"},"modified":"2026-02-27T09:31:08","modified_gmt":"2026-02-27T09:31:08","slug":"step2-safari-truck-leikkikentan-liukumaki","status":"publish","type":"product","link":"https:\/\/nordicmart.andreevmaster.com\/fi\/tuote\/step2-safari-truck-leikkikentan-liukumaki\/","title":{"rendered":"STEP2 Safari Truck -leikkikent\u00e4n liukum\u00e4ki"},"content":{"rendered":"<p>Step2:n Safari Truck on tukeva kiipeilyteline, jossa on maastoauton muotoinen liukum\u00e4ki. Ajoneuvon realistinen ulkon\u00e4k\u00f6, suuret py\u00f6r\u00e4t ja avoin katto kannustavat lapsia leikkim\u00e4\u00e4n puutarhassa. Pienet seikkailijat voivat kiivet\u00e4 suurten py\u00f6rien yli kuin portaita korkeimmalle tasanteelle, jossa on kiikarit, joiden avulla he voivat tarkkailla villiel\u00e4imi\u00e4. Leikkipaikka on valmistettu korkealaatuisesta, turvallisesta muovista, joka on kest\u00e4v\u00e4\u00e4 ja pitk\u00e4ik\u00e4ist\u00e4.Ominaisuudet:<\/p>\n<p>* &#8211; suunniteltu 2\u20134-vuotiaille lapsille<br \/>\n* &#8211; sis\u00e4lt\u00e4\u00e4: kiipeilytelineen liukum\u00e4ell\u00e4, ohjauspy\u00f6r\u00e4n ja kiikarit<br \/>\n* &#8211; realistinen maastoajoneuvon muotoilu suurilla py\u00f6rill\u00e4<br \/>\n* &#8211; neutraalit v\u00e4rit, jotka ovat saaneet inspiraationsa safareista<br \/>\n* &#8211; kest\u00e4v\u00e4 j\u00e4\u00e4hdyttimen suojus, jossa on ajovalojen tarrat<br \/>\n* &#8211; avoin katto<br \/>\n* &#8211; enimm\u00e4iskuorma 37,5 kg<br \/>\n* &#8211; valmistettu korkealaatuisesta muovista<br \/>\n* &#8211; tuote kotik\u00e4ytt\u00f6\u00f6n<\/p>\n","protected":false},"excerpt":{"rendered":"<p>Step2:n Safari Truck on tukeva kiipeilyteline, jossa on maastoauton muotoinen liukum\u00e4ki. Ajoneuvon realistinen ulkon\u00e4k\u00f6, suuret py\u00f6r\u00e4t ja avoin katto kannustavat lapsia leikkim\u00e4\u00e4n puutarhassa. Pienet seikkailijat voivat kiivet\u00e4 suurten py\u00f6rien yli kuin portaita korkeimmalle tasanteelle, jossa on kiikarit, joiden avulla he voivat tarkkailla villiel\u00e4imi\u00e4. Leikkipaikka on valmistettu korkealaatuisesta, turvallisesta muovista, joka on kest\u00e4v\u00e4\u00e4 ja pitk\u00e4ik\u00e4ist\u00e4.Ominaisuudet: * [&hellip;]<\/p>\n","protected":false},"featured_media":0,"comment_status":"open","ping_status":"closed","template":"","meta":[],"product_brand":[],"product_cat":[32],"product_tag":[],"class_list":{"0":"post-29391","1":"product","2":"type-product","3":"status-publish","5":"product_cat-uncategorized-fi","7":"first","8":"instock","9":"shipping-taxable","10":"purchasable","11":"product-type-simple"},"_links":{"self":[{"href":"https:\/\/nordicmart.andreevmaster.com\/fi\/wp-json\/wp\/v2\/product\/29391","targetHints":{"allow":["GET"]}}],"collection":[{"href":"https:\/\/nordicmart.andreevmaster.com\/fi\/wp-json\/wp\/v2\/product"}],"about":[{"href":"https:\/\/nordicmart.andreevmaster.com\/fi\/wp-json\/wp\/v2\/types\/product"}],"replies":[{"embeddable":true,"href":"https:\/\/nordicmart.andreevmaster.com\/fi\/wp-json\/wp\/v2\/comments?post=29391"}],"wp:attachment":[{"href":"https:\/\/nordicmart.andreevmaster.com\/fi\/wp-json\/wp\/v2\/media?parent=29391"}],"wp:term":[{"taxonomy":"product_brand","embeddable":true,"href":"https:\/\/nordicmart.andreevmaster.com\/fi\/wp-json\/wp\/v2\/product_brand?post=29391"},{"taxonomy":"product_cat","embeddable":true,"href":"https:\/\/nordicmart.andreevmaster.com\/fi\/wp-json\/wp\/v2\/product_cat?post=29391"},{"taxonomy":"product_tag","embeddable":true,"href":"https:\/\/nordicmart.andreevmaster.com\/fi\/wp-json\/wp\/v2\/product_tag?post=29391"}],"curies":[{"name":"wp","href":"https:\/\/api.w.org\/{rel}","templated":true}]}}