{"id":29390,"date":"2026-02-27T00:05:52","date_gmt":"2026-02-27T00:05:52","guid":{"rendered":"https:\/\/nordicmart.andreevmaster.com\/product\/step-2-leikkimokki-linna-leikkikentta-liukumaki-lapsille-2in1\/"},"modified":"2026-02-27T09:31:08","modified_gmt":"2026-02-27T09:31:08","slug":"step-2-leikkimokki-linna-leikkikentta-liukumaki-lapsille-2in1","status":"publish","type":"product","link":"https:\/\/nordicmart.andreevmaster.com\/fi\/tuote\/step-2-leikkimokki-linna-leikkikentta-liukumaki-lapsille-2in1\/","title":{"rendered":"STEP 2 Leikkim\u00f6kki-linna-leikkikentt\u00e4-liukum\u00e4ki lapsille 2in1"},"content":{"rendered":"<p>T\u00e4m\u00e4 vieh\u00e4tt\u00e4v\u00e4 leikkim\u00f6kki ja liukum\u00e4ki tarjoaa loputtomia mahdollisuuksia! Se voi olla linna tai mik\u00e4 tahansa muu, mit\u00e4 lapset voivat kuvitella! T\u00e4m\u00e4 tyylik\u00e4s takapihan leikkisetti on valmistettu useista materiaaleista, mik\u00e4 antaa sille ainutlaatuisen ilmeen. Koko setti on hillitty ja klassinen. V\u00e4rikk\u00e4\u00e4t muoviosat ovat lapsille sopivia ja kest\u00e4v\u00e4t tuntikausia leikkimist\u00e4! T\u00e4m\u00e4 leikkipaikka viihdytt\u00e4\u00e4 pienokaisia koko p\u00e4iv\u00e4n!<\/p>\n<p>Ominaisuudet:<\/p>\n<p>* &#8211; 4-vuotiaille ja sit\u00e4 vanhemmille lapsille,<br \/>\n* &#8211; Tuotetta voidaan k\u00e4ytt\u00e4\u00e4 leikkim\u00f6kkin\u00e4 tai linnana,<br \/>\n* &#8211; Siin\u00e4 on korkea liukum\u00e4ki, joka viihdytt\u00e4\u00e4 lasta,<br \/>\n* &#8211; Valmistettu kokonaan kest\u00e4v\u00e4st\u00e4, korkealaatuisesta materiaalista,<\/p>\n<p>Step2 \u2013 ensinn\u00e4kin laatu, sitten upeat lelut!<\/p>\n<p>Jos asetat laadun ja turvallisuuden etusijalle valitessasi leluja lapsellesi, Step2:n v\u00e4rikk\u00e4\u00e4t lelut t\u00e4ytt\u00e4v\u00e4t varmasti sek\u00e4 lasten ett\u00e4 vanhempien odotukset. Tarjontaan kuuluu muun muassa hiekkalaatikot, puutarham\u00f6kit, leikkikent\u00e4t, ty\u00f6pajat, ajettavat lelut, keitti\u00f6t ja lastenhuonekalut.<\/p>\n","protected":false},"excerpt":{"rendered":"<p>T\u00e4m\u00e4 vieh\u00e4tt\u00e4v\u00e4 leikkim\u00f6kki ja liukum\u00e4ki tarjoaa loputtomia mahdollisuuksia! Se voi olla linna tai mik\u00e4 tahansa muu, mit\u00e4 lapset voivat kuvitella! T\u00e4m\u00e4 tyylik\u00e4s takapihan leikkisetti on valmistettu useista materiaaleista, mik\u00e4 antaa sille ainutlaatuisen ilmeen. Koko setti on hillitty ja klassinen. V\u00e4rikk\u00e4\u00e4t muoviosat ovat lapsille sopivia ja kest\u00e4v\u00e4t tuntikausia leikkimist\u00e4! T\u00e4m\u00e4 leikkipaikka viihdytt\u00e4\u00e4 pienokaisia koko p\u00e4iv\u00e4n! Ominaisuudet: [&hellip;]<\/p>\n","protected":false},"featured_media":0,"comment_status":"open","ping_status":"closed","template":"","meta":[],"product_brand":[],"product_cat":[32],"product_tag":[],"class_list":{"0":"post-29390","1":"product","2":"type-product","3":"status-publish","5":"product_cat-uncategorized-fi","7":"first","8":"instock","9":"shipping-taxable","10":"purchasable","11":"product-type-simple"},"_links":{"self":[{"href":"https:\/\/nordicmart.andreevmaster.com\/fi\/wp-json\/wp\/v2\/product\/29390","targetHints":{"allow":["GET"]}}],"collection":[{"href":"https:\/\/nordicmart.andreevmaster.com\/fi\/wp-json\/wp\/v2\/product"}],"about":[{"href":"https:\/\/nordicmart.andreevmaster.com\/fi\/wp-json\/wp\/v2\/types\/product"}],"replies":[{"embeddable":true,"href":"https:\/\/nordicmart.andreevmaster.com\/fi\/wp-json\/wp\/v2\/comments?post=29390"}],"wp:attachment":[{"href":"https:\/\/nordicmart.andreevmaster.com\/fi\/wp-json\/wp\/v2\/media?parent=29390"}],"wp:term":[{"taxonomy":"product_brand","embeddable":true,"href":"https:\/\/nordicmart.andreevmaster.com\/fi\/wp-json\/wp\/v2\/product_brand?post=29390"},{"taxonomy":"product_cat","embeddable":true,"href":"https:\/\/nordicmart.andreevmaster.com\/fi\/wp-json\/wp\/v2\/product_cat?post=29390"},{"taxonomy":"product_tag","embeddable":true,"href":"https:\/\/nordicmart.andreevmaster.com\/fi\/wp-json\/wp\/v2\/product_tag?post=29390"}],"curies":[{"name":"wp","href":"https:\/\/api.w.org\/{rel}","templated":true}]}}