{"id":29387,"date":"2026-02-27T00:05:51","date_gmt":"2026-02-27T00:05:51","guid":{"rendered":"https:\/\/nordicmart.andreevmaster.com\/product\/woopie-magneettiset-rakennuspalikat-110-kpl-_4pcs\/"},"modified":"2026-02-27T09:31:08","modified_gmt":"2026-02-27T09:31:08","slug":"woopie-magneettiset-rakennuspalikat-110-kpl-_4pcs","status":"publish","type":"product","link":"https:\/\/nordicmart.andreevmaster.com\/fi\/tuote\/woopie-magneettiset-rakennuspalikat-110-kpl-_4pcs\/","title":{"rendered":"WOOPIE Magneettiset rakennuspalikat 110 kpl._4PCS"},"content":{"rendered":"<p>WOOPIE-magneettiset rakennuspalikat yhdist\u00e4v\u00e4t hauskanpidon ja oppimisen! Nuoren rakentajan tarvitsee vain yhdist\u00e4\u00e4 palikat ja alkaa luoda mielikuvituksellisia rakenteita ja monia muita kuvioita, kuten geometrisia muotoja, kirjaimia, numeroita ja jopa matemaattisia laskutoimituksia! Ainoa rajoitus on heid\u00e4n mielikuvituksensa. Sarja sis\u00e4lt\u00e4\u00e4 110 kappaletta ja v\u00e4rikk\u00e4it\u00e4 inspiraatioita sek\u00e4 kokoamisohjeet, jotka auttavat pienokaisesi. Rakenteiden rakentaminen palikoista kehitt\u00e4\u00e4 lasten luovuutta, k\u00e4dentaitoja (\u201dhienomotoriikkaa\u201d), tilallista mielikuvitusta ja keskittymiskyky\u00e4.Ominaisuudet:<\/p>\n<p>* &#8211; lelu 3-vuotiaille ja sit\u00e4 vanhemmille lapsille<br \/>\n* &#8211; 110 magneettisen palikan sarja + inspiraatiota antavat ohjeet<br \/>\n* &#8211; rajattomat mahdollisuudet rakentaa erilaisia rakenteita<br \/>\n* &#8211; kehitt\u00e4\u00e4 luovuutta, mielikuvitusta, k\u00e4den taitoja (&#8221;hienomotoriikkaa&#8221;), avaruudellista ajattelua ja keskittymiskyky\u00e4<br \/>\n* &#8211; v\u00e4rik\u00e4s pakkaus, sopii erinomaisesti lahjaksi<\/p>\n<p>Sarja sis\u00e4lt\u00e4\u00e4:<\/p>\n<p>* &#8211; 33 x metallipalloa, halkaisija 1,2 cm<br \/>\n* &#8211; 56 x tikkua, pituus 6 cm<br \/>\n* &#8211; 21 x liitint\u00e4<\/p>\n<p>HINTA ON 4 TUOTTEEN SARJALLE<\/p>\n","protected":false},"excerpt":{"rendered":"<p>WOOPIE-magneettiset rakennuspalikat yhdist\u00e4v\u00e4t hauskanpidon ja oppimisen! Nuoren rakentajan tarvitsee vain yhdist\u00e4\u00e4 palikat ja alkaa luoda mielikuvituksellisia rakenteita ja monia muita kuvioita, kuten geometrisia muotoja, kirjaimia, numeroita ja jopa matemaattisia laskutoimituksia! Ainoa rajoitus on heid\u00e4n mielikuvituksensa. Sarja sis\u00e4lt\u00e4\u00e4 110 kappaletta ja v\u00e4rikk\u00e4it\u00e4 inspiraatioita sek\u00e4 kokoamisohjeet, jotka auttavat pienokaisesi. Rakenteiden rakentaminen palikoista kehitt\u00e4\u00e4 lasten luovuutta, k\u00e4dentaitoja (\u201dhienomotoriikkaa\u201d), [&hellip;]<\/p>\n","protected":false},"featured_media":0,"comment_status":"open","ping_status":"closed","template":"","meta":[],"product_brand":[],"product_cat":[32],"product_tag":[],"class_list":{"0":"post-29387","1":"product","2":"type-product","3":"status-publish","5":"product_cat-uncategorized-fi","7":"first","8":"instock","9":"shipping-taxable","10":"purchasable","11":"product-type-simple"},"_links":{"self":[{"href":"https:\/\/nordicmart.andreevmaster.com\/fi\/wp-json\/wp\/v2\/product\/29387","targetHints":{"allow":["GET"]}}],"collection":[{"href":"https:\/\/nordicmart.andreevmaster.com\/fi\/wp-json\/wp\/v2\/product"}],"about":[{"href":"https:\/\/nordicmart.andreevmaster.com\/fi\/wp-json\/wp\/v2\/types\/product"}],"replies":[{"embeddable":true,"href":"https:\/\/nordicmart.andreevmaster.com\/fi\/wp-json\/wp\/v2\/comments?post=29387"}],"wp:attachment":[{"href":"https:\/\/nordicmart.andreevmaster.com\/fi\/wp-json\/wp\/v2\/media?parent=29387"}],"wp:term":[{"taxonomy":"product_brand","embeddable":true,"href":"https:\/\/nordicmart.andreevmaster.com\/fi\/wp-json\/wp\/v2\/product_brand?post=29387"},{"taxonomy":"product_cat","embeddable":true,"href":"https:\/\/nordicmart.andreevmaster.com\/fi\/wp-json\/wp\/v2\/product_cat?post=29387"},{"taxonomy":"product_tag","embeddable":true,"href":"https:\/\/nordicmart.andreevmaster.com\/fi\/wp-json\/wp\/v2\/product_tag?post=29387"}],"curies":[{"name":"wp","href":"https:\/\/api.w.org\/{rel}","templated":true}]}}