{"id":29384,"date":"2026-02-27T00:05:50","date_gmt":"2026-02-27T00:05:50","guid":{"rendered":"https:\/\/nordicmart.andreevmaster.com\/product\/falk-claas-470-arion-green-ride-on-toy-with-trailer-sand-set-2\/"},"modified":"2026-02-27T09:31:07","modified_gmt":"2026-02-27T09:31:07","slug":"falk-claas-470-arion-green-ride-on-toy-with-trailer-sand-set-2","status":"publish","type":"product","link":"https:\/\/nordicmart.andreevmaster.com\/fi\/tuote\/falk-claas-470-arion-green-ride-on-toy-with-trailer-sand-set-2\/","title":{"rendered":"FALK Claas 470 Arion Green Ride-On Toy with Trailer + Sand Set"},"content":{"rendered":"<p>T\u00e4m\u00e4 sensaatiomainen Claas Arion -ajotraktori Falkilta on t\u00e4ydellinen ajoneuvo kaikille pienille maatalouskoneiden faneille. Irrotettavan per\u00e4vaunun ja ohjauspy\u00f6r\u00e4\u00e4n rakennetun \u00e4\u00e4nimerkin ansiosta leikkiminen maanviljelij\u00e4n\u00e4 saa aivan uuden ulottuvuuden. Vakaa rakenne ja korkealaatuinen muovi takaavat turvallisuuden ja kest\u00e4vyyden. Se on erinomainen lelu, joka kehitt\u00e4\u00e4 fyysist\u00e4 kuntoa ja mielikuvitusta. Ominaisuudet: * &#8211; Lelu 1-vuotiaille lapsille. * &#8211; Enimm\u00e4iskuorma 25 kg. * &#8211; Ohjauspy\u00f6r\u00e4ss\u00e4 on \u00e4\u00e4nitorvi. * &#8211; Mukana irrotettava per\u00e4vaunu.* &#8211; Valmistettu kest\u00e4v\u00e4st\u00e4 ja turvallisesta muovista.<br \/>\n* &#8211; Vakaa ja turvallinen rakenne.<\/p>\n<p>Setti sis\u00e4lt\u00e4\u00e4:<\/p>\n<p>* &#8211; Ajetun traktorin<br \/>\n* &#8211; Irrotettavan per\u00e4vaunun<br \/>\n* &#8211; Haravan<br \/>\n* &#8211; Lapion<\/p>\n<p>Lelu kehitt\u00e4\u00e4:<\/p>\n<p>* &#8211; Karkeamotorisia taitoja ja fyysist\u00e4 kuntoa<br \/>\n* &#8211; Motorista koordinaatiota ja tasapainoa<br \/>\n* &#8211; Mielikuvitusta ja luovuutta<br \/>\n* &#8211; Itsen\u00e4isyyden tunnetta ja itseluottamusta<\/p>\n<p>[img-126961-left-thickbox_default]<\/p>\n<p>[img-126960-left-thickbox_default]<\/p>\n<p>[img-126960-left-thickbox_default]<\/p>\n","protected":false},"excerpt":{"rendered":"<p>T\u00e4m\u00e4 sensaatiomainen Claas Arion -ajotraktori Falkilta on t\u00e4ydellinen ajoneuvo kaikille pienille maatalouskoneiden faneille. Irrotettavan per\u00e4vaunun ja ohjauspy\u00f6r\u00e4\u00e4n rakennetun \u00e4\u00e4nimerkin ansiosta leikkiminen maanviljelij\u00e4n\u00e4 saa aivan uuden ulottuvuuden. Vakaa rakenne ja korkealaatuinen muovi takaavat turvallisuuden ja kest\u00e4vyyden. Se on erinomainen lelu, joka kehitt\u00e4\u00e4 fyysist\u00e4 kuntoa ja mielikuvitusta. Ominaisuudet: * &#8211; Lelu 1-vuotiaille lapsille. * &#8211; Enimm\u00e4iskuorma 25 [&hellip;]<\/p>\n","protected":false},"featured_media":0,"comment_status":"open","ping_status":"closed","template":"","meta":[],"product_brand":[],"product_cat":[32],"product_tag":[],"class_list":{"0":"post-29384","1":"product","2":"type-product","3":"status-publish","5":"product_cat-uncategorized-fi","7":"first","8":"instock","9":"shipping-taxable","10":"purchasable","11":"product-type-simple"},"_links":{"self":[{"href":"https:\/\/nordicmart.andreevmaster.com\/fi\/wp-json\/wp\/v2\/product\/29384","targetHints":{"allow":["GET"]}}],"collection":[{"href":"https:\/\/nordicmart.andreevmaster.com\/fi\/wp-json\/wp\/v2\/product"}],"about":[{"href":"https:\/\/nordicmart.andreevmaster.com\/fi\/wp-json\/wp\/v2\/types\/product"}],"replies":[{"embeddable":true,"href":"https:\/\/nordicmart.andreevmaster.com\/fi\/wp-json\/wp\/v2\/comments?post=29384"}],"wp:attachment":[{"href":"https:\/\/nordicmart.andreevmaster.com\/fi\/wp-json\/wp\/v2\/media?parent=29384"}],"wp:term":[{"taxonomy":"product_brand","embeddable":true,"href":"https:\/\/nordicmart.andreevmaster.com\/fi\/wp-json\/wp\/v2\/product_brand?post=29384"},{"taxonomy":"product_cat","embeddable":true,"href":"https:\/\/nordicmart.andreevmaster.com\/fi\/wp-json\/wp\/v2\/product_cat?post=29384"},{"taxonomy":"product_tag","embeddable":true,"href":"https:\/\/nordicmart.andreevmaster.com\/fi\/wp-json\/wp\/v2\/product_tag?post=29384"}],"curies":[{"name":"wp","href":"https:\/\/api.w.org\/{rel}","templated":true}]}}