{"id":29380,"date":"2026-02-27T00:05:50","date_gmt":"2026-02-27T00:05:50","guid":{"rendered":"https:\/\/nordicmart.andreevmaster.com\/product\/falk-new-holland-poljintraktori-peravaunulla-avattava-konepelti-2-vuotta\/"},"modified":"2026-02-27T09:31:06","modified_gmt":"2026-02-27T09:31:06","slug":"falk-new-holland-poljintraktori-peravaunulla-avattava-konepelti-2-vuotta","status":"publish","type":"product","link":"https:\/\/nordicmart.andreevmaster.com\/fi\/tuote\/falk-new-holland-poljintraktori-peravaunulla-avattava-konepelti-2-vuotta\/","title":{"rendered":"FALK New Holland -poljintraktori per\u00e4vaunulla + avattava konepelti, 2 vuotta"},"content":{"rendered":"<p>FALKin New Holland -poljintraktori per\u00e4vaunulla on monen pienen traktorinkuljettajan unelmien t\u00e4yttymys. Huolellisesti valmistettu pienimpi\u00e4kin yksityiskohtia my\u00f6ten! Kukaan maanviljelij\u00e4 ei k\u00e4\u00e4nt\u00e4isi t\u00e4lle selk\u00e4\u00e4ns\u00e4. Ajoneuvo on valmistettu korkealaatuisesta muovista. Suunniteltu 2-vuotiaille ja sit\u00e4 vanhemmille lapsille. Ajoneuvo on varustettu irrotettavalla per\u00e4vaunulla, jossa on sivupaneelit, sek\u00e4 ohjauspy\u00f6r\u00e4ll\u00e4 ja \u00e4\u00e4nimerkill\u00e4. Traktorin py\u00f6r\u00e4t on valmistettu korkealaatuisesta muovista. Tuotteessa on avattava konepelti, jossa on aidon moottorin j\u00e4ljitelm\u00e4. Ominaisuudet: * &#8211; 2-vuotiaille ja sit\u00e4 vanhemmille lapsille* &#8211; enimm\u00e4iskuorma 30 kg,<br \/>\n* &#8211; \u00e4\u00e4nitorvi ohjaustangossa,<br \/>\n* &#8211; ketjuveto taka-akselille,<br \/>\n* &#8211; irrotettava per\u00e4vaunu,<br \/>\n* &#8211; k\u00e4\u00e4ntyv\u00e4 etuakseli,<br \/>\n* &#8211; py\u00f6r\u00e4t valmistettu korkealaatuisesta muovista,<br \/>\n* &#8211; vakaa ja turvallinen,<br \/>\n* &#8211; tuote vaatii osittaisen kokoonpanon.<\/p>\n<p>Falk on johtava eurooppalainen korkealaatuisten polkuautojen valmistaja. Yhti\u00f6n tuotevalikoimaan kuuluu muun muassa Claas-, Renault-, McCormick-, Kubota- ja Case IH -merkkien lisensoimia traktoreita. Kaikki ajoneuvot valmistetaan Ranskassa korkealaatuisista materiaaleista.<\/p>\n","protected":false},"excerpt":{"rendered":"<p>FALKin New Holland -poljintraktori per\u00e4vaunulla on monen pienen traktorinkuljettajan unelmien t\u00e4yttymys. Huolellisesti valmistettu pienimpi\u00e4kin yksityiskohtia my\u00f6ten! Kukaan maanviljelij\u00e4 ei k\u00e4\u00e4nt\u00e4isi t\u00e4lle selk\u00e4\u00e4ns\u00e4. Ajoneuvo on valmistettu korkealaatuisesta muovista. Suunniteltu 2-vuotiaille ja sit\u00e4 vanhemmille lapsille. Ajoneuvo on varustettu irrotettavalla per\u00e4vaunulla, jossa on sivupaneelit, sek\u00e4 ohjauspy\u00f6r\u00e4ll\u00e4 ja \u00e4\u00e4nimerkill\u00e4. Traktorin py\u00f6r\u00e4t on valmistettu korkealaatuisesta muovista. Tuotteessa on avattava konepelti, [&hellip;]<\/p>\n","protected":false},"featured_media":0,"comment_status":"open","ping_status":"closed","template":"","meta":[],"product_brand":[],"product_cat":[32],"product_tag":[],"class_list":{"0":"post-29380","1":"product","2":"type-product","3":"status-publish","5":"product_cat-uncategorized-fi","7":"first","8":"instock","9":"shipping-taxable","10":"purchasable","11":"product-type-simple"},"_links":{"self":[{"href":"https:\/\/nordicmart.andreevmaster.com\/fi\/wp-json\/wp\/v2\/product\/29380","targetHints":{"allow":["GET"]}}],"collection":[{"href":"https:\/\/nordicmart.andreevmaster.com\/fi\/wp-json\/wp\/v2\/product"}],"about":[{"href":"https:\/\/nordicmart.andreevmaster.com\/fi\/wp-json\/wp\/v2\/types\/product"}],"replies":[{"embeddable":true,"href":"https:\/\/nordicmart.andreevmaster.com\/fi\/wp-json\/wp\/v2\/comments?post=29380"}],"wp:attachment":[{"href":"https:\/\/nordicmart.andreevmaster.com\/fi\/wp-json\/wp\/v2\/media?parent=29380"}],"wp:term":[{"taxonomy":"product_brand","embeddable":true,"href":"https:\/\/nordicmart.andreevmaster.com\/fi\/wp-json\/wp\/v2\/product_brand?post=29380"},{"taxonomy":"product_cat","embeddable":true,"href":"https:\/\/nordicmart.andreevmaster.com\/fi\/wp-json\/wp\/v2\/product_cat?post=29380"},{"taxonomy":"product_tag","embeddable":true,"href":"https:\/\/nordicmart.andreevmaster.com\/fi\/wp-json\/wp\/v2\/product_tag?post=29380"}],"curies":[{"name":"wp","href":"https:\/\/api.w.org\/{rel}","templated":true}]}}