{"id":29376,"date":"2026-02-27T00:05:49","date_gmt":"2026-02-27T00:05:49","guid":{"rendered":"https:\/\/nordicmart.andreevmaster.com\/product\/falk-baby-massey-ferguson-traktori-punaisella-peravaunulla-lisavarusteet-1-vuotiaille\/"},"modified":"2026-02-27T09:31:06","modified_gmt":"2026-02-27T09:31:06","slug":"falk-baby-massey-ferguson-traktori-punaisella-peravaunulla-lisavarusteet-1-vuotiaille","status":"publish","type":"product","link":"https:\/\/nordicmart.andreevmaster.com\/fi\/tuote\/falk-baby-massey-ferguson-traktori-punaisella-peravaunulla-lisavarusteet-1-vuotiaille\/","title":{"rendered":"FALK Baby Massey Ferguson -traktori punaisella per\u00e4vaunulla + lis\u00e4varusteet. 1-vuotiaille"},"content":{"rendered":"<p>FALKin Baby Massey Ferguson -ajotraktori per\u00e4vaunulla on monen pienen traktorinkuljettajan unelmien t\u00e4yttymys. Huolellisesti valmistettu pienimpi\u00e4kin yksityiskohtia my\u00f6ten! Kukaan oikea maanviljelij\u00e4 ei k\u00e4\u00e4nt\u00e4isi t\u00e4lle selk\u00e4\u00e4ns\u00e4. Ajoneuvo on valmistettu korkealaatuisesta muovista ja suunniteltu 12 kuukauden ik\u00e4isille ja sit\u00e4 vanhemmille lapsille. Ajoneuvo on varustettu irrotettavalla per\u00e4vaunulla, jossa on sivupaneelit, sek\u00e4 ohjauspy\u00f6r\u00e4ll\u00e4, jossa on \u00e4\u00e4nimerkki. Traktorin py\u00f6r\u00e4t on valmistettu korkealaatuisesta muovista. Lis\u00e4ksi traktorin mukana toimitetaan harava ja lapio, joilla lapsi voi leikki\u00e4. Traktorin mukana toimitettujen tarrojen avulla lapsi voi valita oman yksil\u00f6llisen tyylins\u00e4. Hymyilev\u00e4 kasvot vai tavallinen tarra? Yll\u00e4t\u00e4 kaikki ja kiinnit\u00e4 se ajoneuvon etuosaan.Ominaisuudet:<\/p>\n<p>* &#8211; 12 kuukaudesta alkaen<br \/>\n* &#8211; Enimm\u00e4iskuorma 25 kg<br \/>\n* &#8211; \u00c4\u00e4nitorvi ohjaustangossa<br \/>\n* &#8211; Irrotettava per\u00e4vaunu<br \/>\n* &#8211; Ohjattava etuakseli<br \/>\n* &#8211; Py\u00f6r\u00e4t valmistettu korkealaatuisesta muovista<br \/>\n* &#8211; Vakaa ja turvallinen<br \/>\n* &#8211; Tuote vaatii osittaisen kokoonpanon<\/p>\n<p>Setti sis\u00e4lt\u00e4\u00e4:<\/p>\n<p>* &#8211; Baby Massey Ferguson -ajoleikkikalu<br \/>\n* &#8211; Irrotettava per\u00e4vaunu<br \/>\n* &#8211; Harava<br \/>\n* &#8211; Lapio<br \/>\n* &#8211; 2 sarjaa tarroja<\/p>\n<p>Lelu kehitt\u00e4\u00e4:<\/p>\n<p>* &#8211; Karkeamotorisia taitoja<br \/>\n* &#8211; Lihasten vahvistumista<br \/>\n* &#8211; K\u00e4si-silm\u00e4-koordinaatiota<br \/>\n* &#8211; Tilan hahmottamista<\/p>\n<p>Falk on johtava eurooppalainen korkealaatuisten polkuautojen valmistaja. Yrityksen tuotevalikoimaan kuuluu Claas-, Renault-, McCormick-, Kubota-, Case IH- ja muiden merkkien lisensoimia traktoreita. Kaikki ajoneuvot valmistetaan Ranskassa korkealaatuisista materiaaleista.<\/p>\n","protected":false},"excerpt":{"rendered":"<p>FALKin Baby Massey Ferguson -ajotraktori per\u00e4vaunulla on monen pienen traktorinkuljettajan unelmien t\u00e4yttymys. Huolellisesti valmistettu pienimpi\u00e4kin yksityiskohtia my\u00f6ten! Kukaan oikea maanviljelij\u00e4 ei k\u00e4\u00e4nt\u00e4isi t\u00e4lle selk\u00e4\u00e4ns\u00e4. Ajoneuvo on valmistettu korkealaatuisesta muovista ja suunniteltu 12 kuukauden ik\u00e4isille ja sit\u00e4 vanhemmille lapsille. Ajoneuvo on varustettu irrotettavalla per\u00e4vaunulla, jossa on sivupaneelit, sek\u00e4 ohjauspy\u00f6r\u00e4ll\u00e4, jossa on \u00e4\u00e4nimerkki. Traktorin py\u00f6r\u00e4t on valmistettu [&hellip;]<\/p>\n","protected":false},"featured_media":0,"comment_status":"open","ping_status":"closed","template":"","meta":[],"product_brand":[],"product_cat":[32],"product_tag":[],"class_list":{"0":"post-29376","1":"product","2":"type-product","3":"status-publish","5":"product_cat-uncategorized-fi","7":"first","8":"instock","9":"shipping-taxable","10":"purchasable","11":"product-type-simple"},"_links":{"self":[{"href":"https:\/\/nordicmart.andreevmaster.com\/fi\/wp-json\/wp\/v2\/product\/29376","targetHints":{"allow":["GET"]}}],"collection":[{"href":"https:\/\/nordicmart.andreevmaster.com\/fi\/wp-json\/wp\/v2\/product"}],"about":[{"href":"https:\/\/nordicmart.andreevmaster.com\/fi\/wp-json\/wp\/v2\/types\/product"}],"replies":[{"embeddable":true,"href":"https:\/\/nordicmart.andreevmaster.com\/fi\/wp-json\/wp\/v2\/comments?post=29376"}],"wp:attachment":[{"href":"https:\/\/nordicmart.andreevmaster.com\/fi\/wp-json\/wp\/v2\/media?parent=29376"}],"wp:term":[{"taxonomy":"product_brand","embeddable":true,"href":"https:\/\/nordicmart.andreevmaster.com\/fi\/wp-json\/wp\/v2\/product_brand?post=29376"},{"taxonomy":"product_cat","embeddable":true,"href":"https:\/\/nordicmart.andreevmaster.com\/fi\/wp-json\/wp\/v2\/product_cat?post=29376"},{"taxonomy":"product_tag","embeddable":true,"href":"https:\/\/nordicmart.andreevmaster.com\/fi\/wp-json\/wp\/v2\/product_tag?post=29376"}],"curies":[{"name":"wp","href":"https:\/\/api.w.org\/{rel}","templated":true}]}}