{"id":29374,"date":"2026-02-27T00:05:49","date_gmt":"2026-02-27T00:05:49","guid":{"rendered":"https:\/\/nordicmart.andreevmaster.com\/product\/falk-baby-case-ih-ajettava-traktori-peravaunulla-lisavarusteet-12-kuukaudesta-alkaen\/"},"modified":"2026-02-27T09:31:05","modified_gmt":"2026-02-27T09:31:05","slug":"falk-baby-case-ih-ajettava-traktori-peravaunulla-lisavarusteet-12-kuukaudesta-alkaen","status":"publish","type":"product","link":"https:\/\/nordicmart.andreevmaster.com\/fi\/tuote\/falk-baby-case-ih-ajettava-traktori-peravaunulla-lisavarusteet-12-kuukaudesta-alkaen\/","title":{"rendered":"FALK Baby Case IH -ajettava traktori per\u00e4vaunulla + lis\u00e4varusteet, 12 kuukaudesta alkaen"},"content":{"rendered":"<p>FALKin Baby CASE IH -ajotraktori per\u00e4vaunulla on monen pienen traktorinkuljettajan unelmien t\u00e4yttymys. Huolellisesti valmistettu pienimpi\u00e4kin yksityiskohtia my\u00f6ten! Kukaan oikea maanviljelij\u00e4 ei k\u00e4\u00e4nt\u00e4isi t\u00e4lle selk\u00e4\u00e4ns\u00e4. Ajoneuvo on valmistettu korkealaatuisesta muovista ja suunniteltu 12 kuukauden ik\u00e4isille ja sit\u00e4 vanhemmille lapsille. Ajoneuvo on varustettu irrotettavalla per\u00e4vaunulla, jossa on sivupaneelit, sek\u00e4 ohjauspy\u00f6r\u00e4ll\u00e4 ja \u00e4\u00e4nimerkill\u00e4. Traktorin py\u00f6r\u00e4t on valmistettu korkealaatuisesta muovista. Lis\u00e4ksi traktorin mukana toimitetaan harava ja lapio, joilla lapsesi voi leikki\u00e4. Traktorin mukana toimitettujen tarrojen avulla lapsesi voi valita oman ainutlaatuisen tyylins\u00e4. Hymyilev\u00e4 kasvot vai tavallinen tarra? Yll\u00e4t\u00e4 kaikki ja kiinnit\u00e4 se ajoneuvon etuosaan. Ominaisuudet: * &#8211; 12 kuukaudesta alkaen &#8211; Enimm\u00e4iskuorma 25 kg<br \/>\n* &#8211; \u00c4\u00e4nitorvi ohjaustangossa<br \/>\n* &#8211; Irrotettava per\u00e4vaunu<br \/>\n* &#8211; Ohjattava etuakseli<br \/>\n* &#8211; Py\u00f6r\u00e4t valmistettu korkealaatuisesta muovista<br \/>\n* &#8211; Vakaa ja turvallinen<br \/>\n* &#8211; Tuote vaatii osittaisen kokoonpanon<\/p>\n<p>Setti sis\u00e4lt\u00e4\u00e4:<\/p>\n<p>* &#8211; Baby CASE IH -ajettava traktori<br \/>\n* &#8211; Irrotettava per\u00e4vaunu<br \/>\n* &#8211; Harava<br \/>\n* &#8211; Lapio<br \/>\n* &#8211; 2 sarjaa tarroja<\/p>\n<p>Lelu kehitt\u00e4\u00e4:<\/p>\n<p>* &#8211; Motorista koordinaatiota<br \/>\n* &#8211; Tasapainoa<br \/>\n* &#8211; Lihasten vahvistumista<br \/>\n* &#8211; Tilan hahmottamista<\/p>\n","protected":false},"excerpt":{"rendered":"<p>FALKin Baby CASE IH -ajotraktori per\u00e4vaunulla on monen pienen traktorinkuljettajan unelmien t\u00e4yttymys. Huolellisesti valmistettu pienimpi\u00e4kin yksityiskohtia my\u00f6ten! Kukaan oikea maanviljelij\u00e4 ei k\u00e4\u00e4nt\u00e4isi t\u00e4lle selk\u00e4\u00e4ns\u00e4. Ajoneuvo on valmistettu korkealaatuisesta muovista ja suunniteltu 12 kuukauden ik\u00e4isille ja sit\u00e4 vanhemmille lapsille. Ajoneuvo on varustettu irrotettavalla per\u00e4vaunulla, jossa on sivupaneelit, sek\u00e4 ohjauspy\u00f6r\u00e4ll\u00e4 ja \u00e4\u00e4nimerkill\u00e4. Traktorin py\u00f6r\u00e4t on valmistettu korkealaatuisesta [&hellip;]<\/p>\n","protected":false},"featured_media":0,"comment_status":"open","ping_status":"closed","template":"","meta":[],"product_brand":[],"product_cat":[32],"product_tag":[],"class_list":{"0":"post-29374","1":"product","2":"type-product","3":"status-publish","5":"product_cat-uncategorized-fi","7":"first","8":"instock","9":"shipping-taxable","10":"purchasable","11":"product-type-simple"},"_links":{"self":[{"href":"https:\/\/nordicmart.andreevmaster.com\/fi\/wp-json\/wp\/v2\/product\/29374","targetHints":{"allow":["GET"]}}],"collection":[{"href":"https:\/\/nordicmart.andreevmaster.com\/fi\/wp-json\/wp\/v2\/product"}],"about":[{"href":"https:\/\/nordicmart.andreevmaster.com\/fi\/wp-json\/wp\/v2\/types\/product"}],"replies":[{"embeddable":true,"href":"https:\/\/nordicmart.andreevmaster.com\/fi\/wp-json\/wp\/v2\/comments?post=29374"}],"wp:attachment":[{"href":"https:\/\/nordicmart.andreevmaster.com\/fi\/wp-json\/wp\/v2\/media?parent=29374"}],"wp:term":[{"taxonomy":"product_brand","embeddable":true,"href":"https:\/\/nordicmart.andreevmaster.com\/fi\/wp-json\/wp\/v2\/product_brand?post=29374"},{"taxonomy":"product_cat","embeddable":true,"href":"https:\/\/nordicmart.andreevmaster.com\/fi\/wp-json\/wp\/v2\/product_cat?post=29374"},{"taxonomy":"product_tag","embeddable":true,"href":"https:\/\/nordicmart.andreevmaster.com\/fi\/wp-json\/wp\/v2\/product_tag?post=29374"}],"curies":[{"name":"wp","href":"https:\/\/api.w.org\/{rel}","templated":true}]}}