{"id":29371,"date":"2026-02-27T00:05:48","date_gmt":"2026-02-27T00:05:48","guid":{"rendered":"https:\/\/nordicmart.andreevmaster.com\/product\/falk-baby-claas-vihrea-traktori-peravaunulla-lisavarusteet-1-vuotiaille\/"},"modified":"2026-02-27T09:31:05","modified_gmt":"2026-02-27T09:31:05","slug":"falk-baby-claas-vihrea-traktori-peravaunulla-lisavarusteet-1-vuotiaille","status":"publish","type":"product","link":"https:\/\/nordicmart.andreevmaster.com\/fi\/tuote\/falk-baby-claas-vihrea-traktori-peravaunulla-lisavarusteet-1-vuotiaille\/","title":{"rendered":"FALK Baby Claas vihre\u00e4 traktori per\u00e4vaunulla + lis\u00e4varusteet 1-vuotiaille"},"content":{"rendered":"<p>FALKin Baby Claas -ajotraktori per\u00e4vaunulla on monen pienen traktorinkuljettajan unelmien t\u00e4yttymys. Huolellisesti valmistettu pienimpi\u00e4kin yksityiskohtia my\u00f6ten! Yksik\u00e4\u00e4n maanviljelij\u00e4 ei k\u00e4\u00e4nt\u00e4isi sille selk\u00e4\u00e4ns\u00e4. Ajoneuvo on valmistettu korkealaatuisesta muovista ja suunniteltu 12 kuukauden ik\u00e4isille lapsille. Sarjan pituus [t\u00e4ydennett\u00e4v\u00e4 \u2013 esim. noin XX cm]. Varustettu k\u00e4\u00e4ntyv\u00e4ll\u00e4 etuakselilla ja \u00e4\u00e4nitorvella varustetulla ohjauspy\u00f6r\u00e4ll\u00e4, se takaa hauskan ajan puutarhassa tai pihalla. Traktorin py\u00f6r\u00e4t on valmistettu korkealaatuisesta muovista. Mukana tulevat lis\u00e4varusteet \u2013 harava, lapio ja tarrasetti \u2013 antavat lapsellesi mahdollisuuden muokata ajoneuvoa ja nauttia viel\u00e4kin enemm\u00e4n hauskasta ajamisesta.Ominaisuudet:<\/p>\n<p>* &#8211; 12 kuukauden ik\u00e4isille lapsille<br \/>\n* &#8211; Enimm\u00e4iskuorma 25 kg<br \/>\n* &#8211; \u00c4\u00e4nitorvi ohjauspy\u00f6r\u00e4ss\u00e4<br \/>\n* &#8211; Ohjattava etuakseli<br \/>\n* &#8211; Py\u00f6r\u00e4t valmistettu korkealaatuisesta muovista<br \/>\n* &#8211; Vakaa ja turvallinen<br \/>\n* &#8211; Tuote vaatii osittaisen kokoonpanon<\/p>\n<p>Sarja sis\u00e4lt\u00e4\u00e4:<\/p>\n<p>* &#8211; Baby Claas -ajettava traktori<br \/>\n* &#8211; Irrotettava per\u00e4vaunu<br \/>\n* &#8211; Harava ja lapio<br \/>\n* &#8211; 2 tarrasarjaa<\/p>\n<p>Lelu kehitt\u00e4\u00e4:<\/p>\n<p>* &#8211; Motorisia taitoja<br \/>\n* &#8211; Luovuutta<br \/>\n* &#8211; Tila-ajattelua<br \/>\n* &#8211; Itsen\u00e4isyytt\u00e4 ja vastuullisuutta<\/p>\n<p>Falk on johtava eurooppalainen korkealaatuisten polkuautojen valmistaja. Yrityksen tuotevalikoimaan kuuluu traktorimallit, joiden lisenssin ovat my\u00f6nt\u00e4neet muun muassa Claas, Renault, McCormick, Kubota ja Case IH. Kaikki ajoneuvot on valmistettu Ranskassa korkealaatuisista materiaaleista.<\/p>\n","protected":false},"excerpt":{"rendered":"<p>FALKin Baby Claas -ajotraktori per\u00e4vaunulla on monen pienen traktorinkuljettajan unelmien t\u00e4yttymys. Huolellisesti valmistettu pienimpi\u00e4kin yksityiskohtia my\u00f6ten! Yksik\u00e4\u00e4n maanviljelij\u00e4 ei k\u00e4\u00e4nt\u00e4isi sille selk\u00e4\u00e4ns\u00e4. Ajoneuvo on valmistettu korkealaatuisesta muovista ja suunniteltu 12 kuukauden ik\u00e4isille lapsille. Sarjan pituus [t\u00e4ydennett\u00e4v\u00e4 \u2013 esim. noin XX cm]. Varustettu k\u00e4\u00e4ntyv\u00e4ll\u00e4 etuakselilla ja \u00e4\u00e4nitorvella varustetulla ohjauspy\u00f6r\u00e4ll\u00e4, se takaa hauskan ajan puutarhassa tai pihalla. [&hellip;]<\/p>\n","protected":false},"featured_media":0,"comment_status":"open","ping_status":"closed","template":"","meta":[],"product_brand":[],"product_cat":[32],"product_tag":[],"class_list":{"0":"post-29371","1":"product","2":"type-product","3":"status-publish","5":"product_cat-uncategorized-fi","7":"first","8":"instock","9":"shipping-taxable","10":"purchasable","11":"product-type-simple"},"_links":{"self":[{"href":"https:\/\/nordicmart.andreevmaster.com\/fi\/wp-json\/wp\/v2\/product\/29371","targetHints":{"allow":["GET"]}}],"collection":[{"href":"https:\/\/nordicmart.andreevmaster.com\/fi\/wp-json\/wp\/v2\/product"}],"about":[{"href":"https:\/\/nordicmart.andreevmaster.com\/fi\/wp-json\/wp\/v2\/types\/product"}],"replies":[{"embeddable":true,"href":"https:\/\/nordicmart.andreevmaster.com\/fi\/wp-json\/wp\/v2\/comments?post=29371"}],"wp:attachment":[{"href":"https:\/\/nordicmart.andreevmaster.com\/fi\/wp-json\/wp\/v2\/media?parent=29371"}],"wp:term":[{"taxonomy":"product_brand","embeddable":true,"href":"https:\/\/nordicmart.andreevmaster.com\/fi\/wp-json\/wp\/v2\/product_brand?post=29371"},{"taxonomy":"product_cat","embeddable":true,"href":"https:\/\/nordicmart.andreevmaster.com\/fi\/wp-json\/wp\/v2\/product_cat?post=29371"},{"taxonomy":"product_tag","embeddable":true,"href":"https:\/\/nordicmart.andreevmaster.com\/fi\/wp-json\/wp\/v2\/product_tag?post=29371"}],"curies":[{"name":"wp","href":"https:\/\/api.w.org\/{rel}","templated":true}]}}