{"id":29368,"date":"2026-02-27T00:05:48","date_gmt":"2026-02-27T00:05:48","guid":{"rendered":"https:\/\/nordicmart.andreevmaster.com\/product\/falk-country-farmer-polkutraktori-peravaunulla-vihrea-2-5-vuotta\/"},"modified":"2026-02-27T09:31:05","modified_gmt":"2026-02-27T09:31:05","slug":"falk-country-farmer-polkutraktori-peravaunulla-vihrea-2-5-vuotta","status":"publish","type":"product","link":"https:\/\/nordicmart.andreevmaster.com\/fi\/tuote\/falk-country-farmer-polkutraktori-peravaunulla-vihrea-2-5-vuotta\/","title":{"rendered":"FALK Country Farmer polkutraktori per\u00e4vaunulla, vihre\u00e4, 2\u20135 vuotta"},"content":{"rendered":"<p>Falk Country Farmer -polkutraktori on suunniteltu erityisesti 2\u20135-vuotiaille lapsille. Pienet puutarhurit nauttivat hiekan, lehtien, mullan ja kivien lastaamisesta ja kuljettamisesta puutarhan toisesta p\u00e4\u00e4st\u00e4 toiseen mukana tulevalla per\u00e4vaunulla. Lapset voivat viett\u00e4\u00e4 tunteja luovasti leikkien, kehitt\u00e4en taitojaan ja nauttien ulkoilusta.Ominaisuudet:<\/p>\n<p>* &#8211; ajoneuvo on suunniteltu 2\u20135-vuotiaille lapsille<br \/>\n* &#8211; \u00e4\u00e4nitorvi ohjauspy\u00f6r\u00e4ss\u00e4<br \/>\n* &#8211; suurin kuorma 30 kg<br \/>\n* &#8211; vakaa ja turvallinen<br \/>\n* &#8211; tuote vaatii osittaisen kokoonpanon<\/p>\n","protected":false},"excerpt":{"rendered":"<p>Falk Country Farmer -polkutraktori on suunniteltu erityisesti 2\u20135-vuotiaille lapsille. Pienet puutarhurit nauttivat hiekan, lehtien, mullan ja kivien lastaamisesta ja kuljettamisesta puutarhan toisesta p\u00e4\u00e4st\u00e4 toiseen mukana tulevalla per\u00e4vaunulla. Lapset voivat viett\u00e4\u00e4 tunteja luovasti leikkien, kehitt\u00e4en taitojaan ja nauttien ulkoilusta.Ominaisuudet: * &#8211; ajoneuvo on suunniteltu 2\u20135-vuotiaille lapsille * &#8211; \u00e4\u00e4nitorvi ohjauspy\u00f6r\u00e4ss\u00e4 * &#8211; suurin kuorma 30 kg [&hellip;]<\/p>\n","protected":false},"featured_media":0,"comment_status":"open","ping_status":"closed","template":"","meta":[],"product_brand":[],"product_cat":[32],"product_tag":[],"class_list":{"0":"post-29368","1":"product","2":"type-product","3":"status-publish","5":"product_cat-uncategorized-fi","7":"first","8":"instock","9":"shipping-taxable","10":"purchasable","11":"product-type-simple"},"_links":{"self":[{"href":"https:\/\/nordicmart.andreevmaster.com\/fi\/wp-json\/wp\/v2\/product\/29368","targetHints":{"allow":["GET"]}}],"collection":[{"href":"https:\/\/nordicmart.andreevmaster.com\/fi\/wp-json\/wp\/v2\/product"}],"about":[{"href":"https:\/\/nordicmart.andreevmaster.com\/fi\/wp-json\/wp\/v2\/types\/product"}],"replies":[{"embeddable":true,"href":"https:\/\/nordicmart.andreevmaster.com\/fi\/wp-json\/wp\/v2\/comments?post=29368"}],"wp:attachment":[{"href":"https:\/\/nordicmart.andreevmaster.com\/fi\/wp-json\/wp\/v2\/media?parent=29368"}],"wp:term":[{"taxonomy":"product_brand","embeddable":true,"href":"https:\/\/nordicmart.andreevmaster.com\/fi\/wp-json\/wp\/v2\/product_brand?post=29368"},{"taxonomy":"product_cat","embeddable":true,"href":"https:\/\/nordicmart.andreevmaster.com\/fi\/wp-json\/wp\/v2\/product_cat?post=29368"},{"taxonomy":"product_tag","embeddable":true,"href":"https:\/\/nordicmart.andreevmaster.com\/fi\/wp-json\/wp\/v2\/product_tag?post=29368"}],"curies":[{"name":"wp","href":"https:\/\/api.w.org\/{rel}","templated":true}]}}