{"id":29366,"date":"2026-02-27T00:05:47","date_gmt":"2026-02-27T00:05:47","guid":{"rendered":"https:\/\/nordicmart.andreevmaster.com\/product\/falk-farm-lander-kaivinkone-kuormaaja-traktori-2-5-vuotta\/"},"modified":"2026-02-27T09:31:04","modified_gmt":"2026-02-27T09:31:04","slug":"falk-farm-lander-kaivinkone-kuormaaja-traktori-2-5-vuotta","status":"publish","type":"product","link":"https:\/\/nordicmart.andreevmaster.com\/fi\/tuote\/falk-farm-lander-kaivinkone-kuormaaja-traktori-2-5-vuotta\/","title":{"rendered":"FALK Farm Lander kaivinkone-kuormaaja-traktori 2\u20135 vuotta"},"content":{"rendered":"<p>Falkin Farm Lander -kaivinkone-kuormaaja per\u00e4vaunulla on monen pienen traktorinkuljettajan unelma. Huolellisesti valmistettu, pienimpi\u00e4kin yksityiskohtia huomioiden! Yksik\u00e4\u00e4n maanviljelij\u00e4 ei kielt\u00e4ytyisi siit\u00e4. Polkuauto \u2013 t\u00e4ydellinen lahja jokaiselle pikkulapselle. Farm Lander -polkuauto kauhalla, kuormaajalla ja per\u00e4vaunulla on valmistettu korkealaatuisesta muovista, josta 30 % on kierr\u00e4tetty\u00e4.Ominaisuudet:<\/p>\n<p>* &#8211; ajoneuvo on suunniteltu 2\u20135-vuotiaille lapsille<br \/>\n* &#8211; \u00e4\u00e4nitorvi ohjauspy\u00f6r\u00e4ss\u00e4<br \/>\n* &#8211; liikkuva etukauha<br \/>\n* &#8211; varustettu toimivalla kuormaajalla<br \/>\n* &#8211; vakaa ja turvallinen<br \/>\n* &#8211; osittain koottava tuote,<\/p>\n","protected":false},"excerpt":{"rendered":"<p>Falkin Farm Lander -kaivinkone-kuormaaja per\u00e4vaunulla on monen pienen traktorinkuljettajan unelma. Huolellisesti valmistettu, pienimpi\u00e4kin yksityiskohtia huomioiden! Yksik\u00e4\u00e4n maanviljelij\u00e4 ei kielt\u00e4ytyisi siit\u00e4. Polkuauto \u2013 t\u00e4ydellinen lahja jokaiselle pikkulapselle. Farm Lander -polkuauto kauhalla, kuormaajalla ja per\u00e4vaunulla on valmistettu korkealaatuisesta muovista, josta 30 % on kierr\u00e4tetty\u00e4.Ominaisuudet: * &#8211; ajoneuvo on suunniteltu 2\u20135-vuotiaille lapsille * &#8211; \u00e4\u00e4nitorvi ohjauspy\u00f6r\u00e4ss\u00e4 * &#8211; [&hellip;]<\/p>\n","protected":false},"featured_media":0,"comment_status":"open","ping_status":"closed","template":"","meta":[],"product_brand":[],"product_cat":[32],"product_tag":[],"class_list":{"0":"post-29366","1":"product","2":"type-product","3":"status-publish","5":"product_cat-uncategorized-fi","7":"first","8":"instock","9":"shipping-taxable","10":"purchasable","11":"product-type-simple"},"_links":{"self":[{"href":"https:\/\/nordicmart.andreevmaster.com\/fi\/wp-json\/wp\/v2\/product\/29366","targetHints":{"allow":["GET"]}}],"collection":[{"href":"https:\/\/nordicmart.andreevmaster.com\/fi\/wp-json\/wp\/v2\/product"}],"about":[{"href":"https:\/\/nordicmart.andreevmaster.com\/fi\/wp-json\/wp\/v2\/types\/product"}],"replies":[{"embeddable":true,"href":"https:\/\/nordicmart.andreevmaster.com\/fi\/wp-json\/wp\/v2\/comments?post=29366"}],"wp:attachment":[{"href":"https:\/\/nordicmart.andreevmaster.com\/fi\/wp-json\/wp\/v2\/media?parent=29366"}],"wp:term":[{"taxonomy":"product_brand","embeddable":true,"href":"https:\/\/nordicmart.andreevmaster.com\/fi\/wp-json\/wp\/v2\/product_brand?post=29366"},{"taxonomy":"product_cat","embeddable":true,"href":"https:\/\/nordicmart.andreevmaster.com\/fi\/wp-json\/wp\/v2\/product_cat?post=29366"},{"taxonomy":"product_tag","embeddable":true,"href":"https:\/\/nordicmart.andreevmaster.com\/fi\/wp-json\/wp\/v2\/product_tag?post=29366"}],"curies":[{"name":"wp","href":"https:\/\/api.w.org\/{rel}","templated":true}]}}