{"id":29361,"date":"2026-02-27T00:05:46","date_gmt":"2026-02-27T00:05:46","guid":{"rendered":"https:\/\/nordicmart.andreevmaster.com\/product\/falk-red-supercharger-traktori-avattava-konepelti-2-vuotta\/"},"modified":"2026-02-27T09:31:04","modified_gmt":"2026-02-27T09:31:04","slug":"falk-red-supercharger-traktori-avattava-konepelti-2-vuotta","status":"publish","type":"product","link":"https:\/\/nordicmart.andreevmaster.com\/fi\/tuote\/falk-red-supercharger-traktori-avattava-konepelti-2-vuotta\/","title":{"rendered":"FALK Red Supercharger -traktori, avattava konepelti, 2 vuotta"},"content":{"rendered":"<p>FALKin Red Supercharger -polkutraktori per\u00e4vaunulla on monen pienen traktorinkuljettajan unelma. Huolellisesti valmistettu pienimpi\u00e4kin yksityiskohtia my\u00f6ten! Kukaan maanviljelij\u00e4 ei k\u00e4\u00e4nt\u00e4isi t\u00e4lle selk\u00e4\u00e4ns\u00e4. Ajoneuvo on valmistettu korkealaatuisesta muovista ja suunniteltu 2-vuotiaille ja sit\u00e4 vanhemmille lapsille. Ajoneuvo on varustettu irrotettavalla per\u00e4vaunulla, jossa on paneelit, sek\u00e4 ohjauspy\u00f6r\u00e4ll\u00e4 ja \u00e4\u00e4nimerkill\u00e4. Traktorin py\u00f6r\u00e4t on valmistettu korkealaatuisesta muovista. Traktorissa on my\u00f6s avattava konepelti, jossa on aidon n\u00e4k\u00f6inen moottori. Ominaisuudet: * &#8211; 2-vuotiaille ja sit\u00e4 vanhemmille lapsille, * &#8211; enimm\u00e4iskuorma 30 kg, * &#8211; \u00e4\u00e4nitorvi ohjaustangossa, * &#8211; ketjuveto taka-akselille,* &#8211; irrotettava per\u00e4vaunu,<br \/>\n* &#8211; k\u00e4\u00e4ntyv\u00e4 etuakseli,<br \/>\n* &#8211; py\u00f6r\u00e4t valmistettu korkealaatuisesta muovista,<br \/>\n* &#8211; vakaa ja turvallinen,<br \/>\n* &#8211; tuote vaatii osittaisen kokoonpanon,<br \/>\n* &#8211; avattava konepelti, jossa on aidon n\u00e4k\u00f6inen moottori.<\/p>\n<p>Falk on johtava eurooppalainen korkealaatuisten polkuautojen valmistaja. Yhti\u00f6n tuotevalikoimaan kuuluu Claas-, Renault-, McCormick-, Kubota-, Case IH- ja muiden merkkien lisensoimia traktoreita. Kaikki ajoneuvot valmistetaan Ranskassa korkealaatuisista materiaaleista.<\/p>\n","protected":false},"excerpt":{"rendered":"<p>FALKin Red Supercharger -polkutraktori per\u00e4vaunulla on monen pienen traktorinkuljettajan unelma. Huolellisesti valmistettu pienimpi\u00e4kin yksityiskohtia my\u00f6ten! Kukaan maanviljelij\u00e4 ei k\u00e4\u00e4nt\u00e4isi t\u00e4lle selk\u00e4\u00e4ns\u00e4. Ajoneuvo on valmistettu korkealaatuisesta muovista ja suunniteltu 2-vuotiaille ja sit\u00e4 vanhemmille lapsille. Ajoneuvo on varustettu irrotettavalla per\u00e4vaunulla, jossa on paneelit, sek\u00e4 ohjauspy\u00f6r\u00e4ll\u00e4 ja \u00e4\u00e4nimerkill\u00e4. Traktorin py\u00f6r\u00e4t on valmistettu korkealaatuisesta muovista. Traktorissa on my\u00f6s avattava [&hellip;]<\/p>\n","protected":false},"featured_media":0,"comment_status":"open","ping_status":"closed","template":"","meta":[],"product_brand":[],"product_cat":[32],"product_tag":[],"class_list":{"0":"post-29361","1":"product","2":"type-product","3":"status-publish","5":"product_cat-uncategorized-fi","7":"first","8":"instock","9":"shipping-taxable","10":"purchasable","11":"product-type-simple"},"_links":{"self":[{"href":"https:\/\/nordicmart.andreevmaster.com\/fi\/wp-json\/wp\/v2\/product\/29361","targetHints":{"allow":["GET"]}}],"collection":[{"href":"https:\/\/nordicmart.andreevmaster.com\/fi\/wp-json\/wp\/v2\/product"}],"about":[{"href":"https:\/\/nordicmart.andreevmaster.com\/fi\/wp-json\/wp\/v2\/types\/product"}],"replies":[{"embeddable":true,"href":"https:\/\/nordicmart.andreevmaster.com\/fi\/wp-json\/wp\/v2\/comments?post=29361"}],"wp:attachment":[{"href":"https:\/\/nordicmart.andreevmaster.com\/fi\/wp-json\/wp\/v2\/media?parent=29361"}],"wp:term":[{"taxonomy":"product_brand","embeddable":true,"href":"https:\/\/nordicmart.andreevmaster.com\/fi\/wp-json\/wp\/v2\/product_brand?post=29361"},{"taxonomy":"product_cat","embeddable":true,"href":"https:\/\/nordicmart.andreevmaster.com\/fi\/wp-json\/wp\/v2\/product_cat?post=29361"},{"taxonomy":"product_tag","embeddable":true,"href":"https:\/\/nordicmart.andreevmaster.com\/fi\/wp-json\/wp\/v2\/product_tag?post=29361"}],"curies":[{"name":"wp","href":"https:\/\/api.w.org\/{rel}","templated":true}]}}