{"id":29357,"date":"2026-02-27T00:05:45","date_gmt":"2026-02-27T00:05:45","guid":{"rendered":"https:\/\/nordicmart.andreevmaster.com\/product\/injusa-winner-750-sx-red-push-bike-2\/"},"modified":"2026-02-27T09:31:03","modified_gmt":"2026-02-27T09:31:03","slug":"injusa-winner-750-sx-red-push-bike-2","status":"publish","type":"product","link":"https:\/\/nordicmart.andreevmaster.com\/fi\/tuote\/injusa-winner-750-sx-red-push-bike-2\/","title":{"rendered":"INJUSA Winner 750 sx Red Push Bike"},"content":{"rendered":"<p>Espanjalaisen valmistajan INJUSA:n Winner 750 XS Balance Bike on t\u00e4ydellinen valinta pienille moottoriurheilun yst\u00e4ville. Sen urheilullinen punainen muotoilu on silmiinpist\u00e4v\u00e4, ja ergonominen, muotoiltu istuin ja k\u00e4\u00e4ntyv\u00e4 etupy\u00f6r\u00e4 takaavat mukavan ja turvallisen ajokokemuksen. Leveiden py\u00f6rien ansiosta ajoneuvo on vakaa, mik\u00e4 helpottaa lasten tasapainon hallinnan oppimista ja motoristen taitojen kehittymist\u00e4. Se on valmistettu korkealaatuisista, turvallisista materiaaleista, ja se on kest\u00e4v\u00e4 ja kest\u00e4\u00e4 intensiivist\u00e4 leikki\u00e4. Ominaisuudet: * Urheilullinen ulkon\u00e4k\u00f6 \u2013 dynaaminen punainen muotoilu * Vakaa rakenne \u2013 leve\u00e4t py\u00f6r\u00e4t takaavat paremman tasapainon * Mukavuus ja turvallisuus \u2013 ergonominen istuin ja k\u00e4\u00e4ntyv\u00e4 etupy\u00f6r\u00e4 * Korkea laatu \u2013 valmistettu turvallisista, kest\u00e4vist\u00e4 materiaaleista &#8211; Lapsen kehitys \u2013 auttaa lapsia oppimaan koordinaatiota ja tasapainoa<br \/>\n* &#8211; Kest\u00e4vyys \u2013 enimm\u00e4iskuorma 30 kg<br \/>\n* &#8211; Suunniteltu 3-vuotiaille ja sit\u00e4 vanhemmille lapsille<br \/>\n* &#8211; Istuinkorkeus: 41 cm<br \/>\n* &#8211; Py\u00f6r\u00e4n koko: 12 tuumaa<\/p>\n","protected":false},"excerpt":{"rendered":"<p>Espanjalaisen valmistajan INJUSA:n Winner 750 XS Balance Bike on t\u00e4ydellinen valinta pienille moottoriurheilun yst\u00e4ville. Sen urheilullinen punainen muotoilu on silmiinpist\u00e4v\u00e4, ja ergonominen, muotoiltu istuin ja k\u00e4\u00e4ntyv\u00e4 etupy\u00f6r\u00e4 takaavat mukavan ja turvallisen ajokokemuksen. Leveiden py\u00f6rien ansiosta ajoneuvo on vakaa, mik\u00e4 helpottaa lasten tasapainon hallinnan oppimista ja motoristen taitojen kehittymist\u00e4. Se on valmistettu korkealaatuisista, turvallisista materiaaleista, ja [&hellip;]<\/p>\n","protected":false},"featured_media":0,"comment_status":"open","ping_status":"closed","template":"","meta":[],"product_brand":[],"product_cat":[32],"product_tag":[],"class_list":{"0":"post-29357","1":"product","2":"type-product","3":"status-publish","5":"product_cat-uncategorized-fi","7":"first","8":"instock","9":"shipping-taxable","10":"purchasable","11":"product-type-simple"},"_links":{"self":[{"href":"https:\/\/nordicmart.andreevmaster.com\/fi\/wp-json\/wp\/v2\/product\/29357","targetHints":{"allow":["GET"]}}],"collection":[{"href":"https:\/\/nordicmart.andreevmaster.com\/fi\/wp-json\/wp\/v2\/product"}],"about":[{"href":"https:\/\/nordicmart.andreevmaster.com\/fi\/wp-json\/wp\/v2\/types\/product"}],"replies":[{"embeddable":true,"href":"https:\/\/nordicmart.andreevmaster.com\/fi\/wp-json\/wp\/v2\/comments?post=29357"}],"wp:attachment":[{"href":"https:\/\/nordicmart.andreevmaster.com\/fi\/wp-json\/wp\/v2\/media?parent=29357"}],"wp:term":[{"taxonomy":"product_brand","embeddable":true,"href":"https:\/\/nordicmart.andreevmaster.com\/fi\/wp-json\/wp\/v2\/product_brand?post=29357"},{"taxonomy":"product_cat","embeddable":true,"href":"https:\/\/nordicmart.andreevmaster.com\/fi\/wp-json\/wp\/v2\/product_cat?post=29357"},{"taxonomy":"product_tag","embeddable":true,"href":"https:\/\/nordicmart.andreevmaster.com\/fi\/wp-json\/wp\/v2\/product_tag?post=29357"}],"curies":[{"name":"wp","href":"https:\/\/api.w.org\/{rel}","templated":true}]}}