{"id":29356,"date":"2026-02-27T00:05:45","date_gmt":"2026-02-27T00:05:45","guid":{"rendered":"https:\/\/nordicmart.andreevmaster.com\/product\/little-tikes-my-first-slide-2\/"},"modified":"2026-02-27T09:31:03","modified_gmt":"2026-02-27T09:31:03","slug":"little-tikes-my-first-slide-2","status":"publish","type":"product","link":"https:\/\/nordicmart.andreevmaster.com\/fi\/tuote\/little-tikes-my-first-slide-2\/","title":{"rendered":"Little Tikes My First Slide"},"content":{"rendered":"<p>My First Slide -liukum\u00e4ki on suunnitellut tunnettu lelujen valmistaja Little Tikes. N\u00e4m\u00e4 liukum\u00e4et on valmistettu korkealaatuisista materiaaleista pienimpi\u00e4kin yksityiskohtia huomioiden, ja ne on suunniteltu 18 kuukauden ik\u00e4isten lasten harmoniseen motoriseen kehitykseen. Sarja sis\u00e4lt\u00e4\u00e4 kauniisti muotoillun sinisen ja vihre\u00e4n liukum\u00e4en, joka kannustaa lapsia ensimm\u00e4isiin leikkikokemuksiinsa ja kehitt\u00e4\u00e4 heid\u00e4n tasapainoaan, motorista koordinaatiotaan ja itseluottamustaan.<\/p>\n<p>\u2705Ominaisuudet:<\/p>\n<p>\u2714\ufe0f Sarja 18 kuukauden ik\u00e4isille lapsille \u2714\ufe0f Valmistettu kest\u00e4v\u00e4st\u00e4, turvallisesta materiaalista sinisen ja vihre\u00e4n v\u00e4risen\u00e4 \u2714\ufe0f Suunniteltu mukavilla askelmilla ja loivalla liukum\u00e4ell\u00e4 \u2714\ufe0f Leve\u00e4 pohja takaa poikkeuksellisen vakauden leikin aikana<\/p>\n<p>\u2705Lelu kehitt\u00e4\u00e4:<\/p>\n<p>\u2714\ufe0f Fyysist\u00e4 kuntoa ja tasapainoa \u2714\ufe0f Motorista koordinaatiota \u2714\ufe0f Itseluottamusta \u2714\ufe0f Motorisia taitoja<\/p>\n","protected":false},"excerpt":{"rendered":"<p>My First Slide -liukum\u00e4ki on suunnitellut tunnettu lelujen valmistaja Little Tikes. N\u00e4m\u00e4 liukum\u00e4et on valmistettu korkealaatuisista materiaaleista pienimpi\u00e4kin yksityiskohtia huomioiden, ja ne on suunniteltu 18 kuukauden ik\u00e4isten lasten harmoniseen motoriseen kehitykseen. Sarja sis\u00e4lt\u00e4\u00e4 kauniisti muotoillun sinisen ja vihre\u00e4n liukum\u00e4en, joka kannustaa lapsia ensimm\u00e4isiin leikkikokemuksiinsa ja kehitt\u00e4\u00e4 heid\u00e4n tasapainoaan, motorista koordinaatiotaan ja itseluottamustaan. \u2705Ominaisuudet: \u2714\ufe0f Sarja [&hellip;]<\/p>\n","protected":false},"featured_media":0,"comment_status":"open","ping_status":"closed","template":"","meta":[],"product_brand":[],"product_cat":[32],"product_tag":[],"class_list":{"0":"post-29356","1":"product","2":"type-product","3":"status-publish","5":"product_cat-uncategorized-fi","7":"first","8":"instock","9":"shipping-taxable","10":"purchasable","11":"product-type-simple"},"_links":{"self":[{"href":"https:\/\/nordicmart.andreevmaster.com\/fi\/wp-json\/wp\/v2\/product\/29356","targetHints":{"allow":["GET"]}}],"collection":[{"href":"https:\/\/nordicmart.andreevmaster.com\/fi\/wp-json\/wp\/v2\/product"}],"about":[{"href":"https:\/\/nordicmart.andreevmaster.com\/fi\/wp-json\/wp\/v2\/types\/product"}],"replies":[{"embeddable":true,"href":"https:\/\/nordicmart.andreevmaster.com\/fi\/wp-json\/wp\/v2\/comments?post=29356"}],"wp:attachment":[{"href":"https:\/\/nordicmart.andreevmaster.com\/fi\/wp-json\/wp\/v2\/media?parent=29356"}],"wp:term":[{"taxonomy":"product_brand","embeddable":true,"href":"https:\/\/nordicmart.andreevmaster.com\/fi\/wp-json\/wp\/v2\/product_brand?post=29356"},{"taxonomy":"product_cat","embeddable":true,"href":"https:\/\/nordicmart.andreevmaster.com\/fi\/wp-json\/wp\/v2\/product_cat?post=29356"},{"taxonomy":"product_tag","embeddable":true,"href":"https:\/\/nordicmart.andreevmaster.com\/fi\/wp-json\/wp\/v2\/product_tag?post=29356"}],"curies":[{"name":"wp","href":"https:\/\/api.w.org\/{rel}","templated":true}]}}