{"id":29355,"date":"2026-02-27T00:05:45","date_gmt":"2026-02-27T00:05:45","guid":{"rendered":"https:\/\/nordicmart.andreevmaster.com\/product\/little-tikes-rocking-dog-blue-rocker-2\/"},"modified":"2026-02-27T09:31:03","modified_gmt":"2026-02-27T09:31:03","slug":"little-tikes-rocking-dog-blue-rocker-2","status":"publish","type":"product","link":"https:\/\/nordicmart.andreevmaster.com\/fi\/tuote\/little-tikes-rocking-dog-blue-rocker-2\/","title":{"rendered":"LITTLE TIKES Rocking Dog Blue Rocker"},"content":{"rendered":"<p>Rockin&#8217; Puppy Rocker on s\u00f6p\u00f6 ja turvallinen lelu, joka on suunniteltu pienimmille lapsille. Sen yst\u00e4v\u00e4llinen muoto muistuttaa hymyilev\u00e4\u00e4 koiraa, mik\u00e4 kannustaa lapsia leikkim\u00e4\u00e4n ja kehitt\u00e4\u00e4 heid\u00e4n mielikuvitustaan.<\/p>\n<p>Rockin&#8217; Puppy Rocking Dog ei ole vain ilon l\u00e4hde, vaan my\u00f6s tapa kehitt\u00e4\u00e4 lasten motorisia taitoja ja tasapainoa. Kest\u00e4vyytens\u00e4 ja helppohoitoisuutensa ansiosta se on suosittu valinta vanhempien keskuudessa.<\/p>\n<p>Ominaisuudet:<\/p>\n<p>* &#8211; Suunniteltu pienille k\u00e4sille ja lasten keholle, se takaa mukavuuden ja vakauden keinuttaessa.* &#8211; Py\u00f6ristetyt reunat ja vankka rakenne takaavat turvallisuuden k\u00e4yt\u00f6n aikana. * &#8211; Pinta on valmistettu sile\u00e4st\u00e4, kest\u00e4v\u00e4st\u00e4 materiaalista, joten lelu on helppo pit\u00e4\u00e4 puhtaana. * &#8211; Sopii pienille lapsille, tukee motorisen koordinaation ja tasapainon kehityst\u00e4. * &#8211; Yst\u00e4v\u00e4llisen n\u00e4k\u00f6inen koira kirkkaissa, iloisissa v\u00e4reiss\u00e4 sopii t\u00e4ydellisesti mihin tahansa leikkihuoneeseen.<\/p>\n","protected":false},"excerpt":{"rendered":"<p>Rockin&#8217; Puppy Rocker on s\u00f6p\u00f6 ja turvallinen lelu, joka on suunniteltu pienimmille lapsille. Sen yst\u00e4v\u00e4llinen muoto muistuttaa hymyilev\u00e4\u00e4 koiraa, mik\u00e4 kannustaa lapsia leikkim\u00e4\u00e4n ja kehitt\u00e4\u00e4 heid\u00e4n mielikuvitustaan. Rockin&#8217; Puppy Rocking Dog ei ole vain ilon l\u00e4hde, vaan my\u00f6s tapa kehitt\u00e4\u00e4 lasten motorisia taitoja ja tasapainoa. Kest\u00e4vyytens\u00e4 ja helppohoitoisuutensa ansiosta se on suosittu valinta vanhempien keskuudessa. [&hellip;]<\/p>\n","protected":false},"featured_media":0,"comment_status":"open","ping_status":"closed","template":"","meta":[],"product_brand":[],"product_cat":[32],"product_tag":[],"class_list":{"0":"post-29355","1":"product","2":"type-product","3":"status-publish","5":"product_cat-uncategorized-fi","7":"first","8":"instock","9":"shipping-taxable","10":"purchasable","11":"product-type-simple"},"_links":{"self":[{"href":"https:\/\/nordicmart.andreevmaster.com\/fi\/wp-json\/wp\/v2\/product\/29355","targetHints":{"allow":["GET"]}}],"collection":[{"href":"https:\/\/nordicmart.andreevmaster.com\/fi\/wp-json\/wp\/v2\/product"}],"about":[{"href":"https:\/\/nordicmart.andreevmaster.com\/fi\/wp-json\/wp\/v2\/types\/product"}],"replies":[{"embeddable":true,"href":"https:\/\/nordicmart.andreevmaster.com\/fi\/wp-json\/wp\/v2\/comments?post=29355"}],"wp:attachment":[{"href":"https:\/\/nordicmart.andreevmaster.com\/fi\/wp-json\/wp\/v2\/media?parent=29355"}],"wp:term":[{"taxonomy":"product_brand","embeddable":true,"href":"https:\/\/nordicmart.andreevmaster.com\/fi\/wp-json\/wp\/v2\/product_brand?post=29355"},{"taxonomy":"product_cat","embeddable":true,"href":"https:\/\/nordicmart.andreevmaster.com\/fi\/wp-json\/wp\/v2\/product_cat?post=29355"},{"taxonomy":"product_tag","embeddable":true,"href":"https:\/\/nordicmart.andreevmaster.com\/fi\/wp-json\/wp\/v2\/product_tag?post=29355"}],"curies":[{"name":"wp","href":"https:\/\/api.w.org\/{rel}","templated":true}]}}