{"id":29354,"date":"2026-02-27T00:05:45","date_gmt":"2026-02-27T00:05:45","guid":{"rendered":"https:\/\/nordicmart.andreevmaster.com\/product\/little-tikesin-sininen-ja-vihrea-lasten-piknikpoyta-puutarhaan\/"},"modified":"2026-02-27T09:31:02","modified_gmt":"2026-02-27T09:31:02","slug":"little-tikesin-sininen-ja-vihrea-lasten-piknikpoyta-puutarhaan","status":"publish","type":"product","link":"https:\/\/nordicmart.andreevmaster.com\/fi\/tuote\/little-tikesin-sininen-ja-vihrea-lasten-piknikpoyta-puutarhaan\/","title":{"rendered":"Little Tikesin sininen ja vihre\u00e4 lasten piknikp\u00f6yt\u00e4 puutarhaan"},"content":{"rendered":"<p>Tunnettu lelujen valmistaja Little Tikesin suunnittelema sininen ja vihre\u00e4 piknikp\u00f6yt\u00e4 sopii erinomaisesti leikkimiseen sek\u00e4 kotona ett\u00e4 puutarhassa. Yksiosainen p\u00f6yt\u00e4 on varustettu mukavilla punaisilla istuimilla ja py\u00f6ristetyill\u00e4, sileill\u00e4 reunoilla turvallisuuden takaamiseksi. Sopii kaikenlaisiin aktiviteetteihin, kuten muovailuun, maalaamiseen, leikkaamiseen ja sy\u00f6miseen. P\u00f6yd\u00e4n \u00e4\u00e4reen mahtuu kerralla nelj\u00e4 lasta. Helppo puhdistaa. Ominaisuudet: * &#8211; yksiosainen p\u00f6yt\u00e4, * &#8211; varustettu mukavilla istuimilla,* &#8211; py\u00f6ristetyt ja sile\u00e4t reunat turvallisuuden takaamiseksi,<br \/>\n* &#8211; p\u00f6yt\u00e4 toimii lasten ty\u00f6p\u00f6yt\u00e4n\u00e4,<br \/>\n* &#8211; sopii kaikenlaisiin aktiviteetteihin, kuten muovailuun, maalaamiseen, leikkaamiseen ja sy\u00f6miseen,<br \/>\n* &#8211; p\u00f6yd\u00e4n \u00e4\u00e4reen mahtuu istumaan nelj\u00e4 lasta kerralla,<br \/>\n* &#8211; helppo pit\u00e4\u00e4 puhtaana,<br \/>\n* &#8211; ihanteellinen leikkimiseen sek\u00e4 kotona ett\u00e4 puutarhassa.<\/p>\n<p>Little Tikes tarjoaa luovia ratkaisuja ja kest\u00e4vyytt\u00e4, joiden ansiosta lapset voivat nauttia leikkimisest\u00e4 monien vuosien ajan. Siksi yksi sen lippulaivatuotteista on Cozy Coupe\u00ae -ajettava auto, joka on tuonut iloa lapsille jo yli kolmenkymmenen vuoden ajan. Valikoimaan kuuluu my\u00f6s seuraavien kategorioiden leluja: leikkim\u00f6kit, taloustavarat, keinut ja leikkikent\u00e4t, keinutuolit ja k\u00e4velytuolit, huonekalut, puutarhalelut, lasten ajoneuvot, liukum\u00e4et ja kiipeilytelineet.<\/p>\n","protected":false},"excerpt":{"rendered":"<p>Tunnettu lelujen valmistaja Little Tikesin suunnittelema sininen ja vihre\u00e4 piknikp\u00f6yt\u00e4 sopii erinomaisesti leikkimiseen sek\u00e4 kotona ett\u00e4 puutarhassa. Yksiosainen p\u00f6yt\u00e4 on varustettu mukavilla punaisilla istuimilla ja py\u00f6ristetyill\u00e4, sileill\u00e4 reunoilla turvallisuuden takaamiseksi. Sopii kaikenlaisiin aktiviteetteihin, kuten muovailuun, maalaamiseen, leikkaamiseen ja sy\u00f6miseen. P\u00f6yd\u00e4n \u00e4\u00e4reen mahtuu kerralla nelj\u00e4 lasta. Helppo puhdistaa. Ominaisuudet: * &#8211; yksiosainen p\u00f6yt\u00e4, * &#8211; varustettu [&hellip;]<\/p>\n","protected":false},"featured_media":0,"comment_status":"open","ping_status":"closed","template":"","meta":[],"product_brand":[],"product_cat":[32],"product_tag":[],"class_list":{"0":"post-29354","1":"product","2":"type-product","3":"status-publish","5":"product_cat-uncategorized-fi","7":"first","8":"instock","9":"shipping-taxable","10":"purchasable","11":"product-type-simple"},"_links":{"self":[{"href":"https:\/\/nordicmart.andreevmaster.com\/fi\/wp-json\/wp\/v2\/product\/29354","targetHints":{"allow":["GET"]}}],"collection":[{"href":"https:\/\/nordicmart.andreevmaster.com\/fi\/wp-json\/wp\/v2\/product"}],"about":[{"href":"https:\/\/nordicmart.andreevmaster.com\/fi\/wp-json\/wp\/v2\/types\/product"}],"replies":[{"embeddable":true,"href":"https:\/\/nordicmart.andreevmaster.com\/fi\/wp-json\/wp\/v2\/comments?post=29354"}],"wp:attachment":[{"href":"https:\/\/nordicmart.andreevmaster.com\/fi\/wp-json\/wp\/v2\/media?parent=29354"}],"wp:term":[{"taxonomy":"product_brand","embeddable":true,"href":"https:\/\/nordicmart.andreevmaster.com\/fi\/wp-json\/wp\/v2\/product_brand?post=29354"},{"taxonomy":"product_cat","embeddable":true,"href":"https:\/\/nordicmart.andreevmaster.com\/fi\/wp-json\/wp\/v2\/product_cat?post=29354"},{"taxonomy":"product_tag","embeddable":true,"href":"https:\/\/nordicmart.andreevmaster.com\/fi\/wp-json\/wp\/v2\/product_tag?post=29354"}],"curies":[{"name":"wp","href":"https:\/\/api.w.org\/{rel}","templated":true}]}}