{"id":29353,"date":"2026-02-27T00:05:45","date_gmt":"2026-02-27T00:05:45","guid":{"rendered":"https:\/\/nordicmart.andreevmaster.com\/product\/little-tikes-grand-coupe-sport-car-2\/"},"modified":"2026-02-27T09:31:02","modified_gmt":"2026-02-27T09:31:02","slug":"little-tikes-grand-coupe-sport-car-2","status":"publish","type":"product","link":"https:\/\/nordicmart.andreevmaster.com\/fi\/tuote\/little-tikes-grand-coupe-sport-car-2\/","title":{"rendered":"Little Tikes Grand Coupe Sport Car"},"content":{"rendered":"<p>Ominaisuudet:<\/p>\n<p>* -Autossa on hauska ilme ja ominaisuudet, jotka antavat sille aidon dinosauruksen luonteen, mik\u00e4 kannustaa luovaan leikkiin.<br \/>\n* -Auto voidaan laittaa liikkeelle lapsen jaloilla tai aikuinen voi ty\u00f6nt\u00e4\u00e4 sit\u00e4 kuin lastenvaunua.* -Auto sopii my\u00f6s pienemmille lapsille.<br \/>\n* &#8211; Ohjauspy\u00f6r\u00e4 ja \u00e4\u00e4nimerkki<br \/>\n* -virta-avain<br \/>\n* -liikkuva, napsauttava virta-avain<br \/>\n* -avattava polttoaines\u00e4ili\u00f6n kansi<br \/>\n* -Kuljettajan ovi lukolla<br \/>\n* -irrotettava lattia<br \/>\n* -kuppikotelot istuimen takana<br \/>\n* -etupy\u00f6r\u00e4t k\u00e4\u00e4ntyv\u00e4t 360\u00b0<br \/>\n* -kahva aikuisten valvontaa varten<\/p>\n<p>Little Tikes -tuotteet ovat tunnettuja ja rakastettuja kaikilla mantereilla, monissa kodeissa, lukemattomien hymyilevien lasten ja tyytyv\u00e4isten vanhempien keskuudessa. Little Tikes valmistaa tuotteita, jotka t\u00e4ytt\u00e4v\u00e4t kaikki tarvittavat turvallisuusstandardit. Tuotteiden kest\u00e4vyys huomioon ottaen lelut on suunniteltu ja valmistettu k\u00e4ytt\u00e4m\u00e4ll\u00e4 sopivinta tekniikkaa, rotaatiovalua, joka takaa vuosien hauskanpidon.<\/p>\n","protected":false},"excerpt":{"rendered":"<p>Ominaisuudet: * -Autossa on hauska ilme ja ominaisuudet, jotka antavat sille aidon dinosauruksen luonteen, mik\u00e4 kannustaa luovaan leikkiin. * -Auto voidaan laittaa liikkeelle lapsen jaloilla tai aikuinen voi ty\u00f6nt\u00e4\u00e4 sit\u00e4 kuin lastenvaunua.* -Auto sopii my\u00f6s pienemmille lapsille. * &#8211; Ohjauspy\u00f6r\u00e4 ja \u00e4\u00e4nimerkki * -virta-avain * -liikkuva, napsauttava virta-avain * -avattava polttoaines\u00e4ili\u00f6n kansi * -Kuljettajan ovi [&hellip;]<\/p>\n","protected":false},"featured_media":38919,"comment_status":"open","ping_status":"closed","template":"","meta":[],"product_brand":[],"product_cat":[32],"product_tag":[],"class_list":{"0":"post-29353","1":"product","2":"type-product","3":"status-publish","4":"has-post-thumbnail","6":"product_cat-uncategorized-fi","8":"first","9":"instock","10":"shipping-taxable","11":"purchasable","12":"product-type-simple"},"_links":{"self":[{"href":"https:\/\/nordicmart.andreevmaster.com\/fi\/wp-json\/wp\/v2\/product\/29353","targetHints":{"allow":["GET"]}}],"collection":[{"href":"https:\/\/nordicmart.andreevmaster.com\/fi\/wp-json\/wp\/v2\/product"}],"about":[{"href":"https:\/\/nordicmart.andreevmaster.com\/fi\/wp-json\/wp\/v2\/types\/product"}],"replies":[{"embeddable":true,"href":"https:\/\/nordicmart.andreevmaster.com\/fi\/wp-json\/wp\/v2\/comments?post=29353"}],"wp:featuredmedia":[{"embeddable":true,"href":"https:\/\/nordicmart.andreevmaster.com\/fi\/wp-json\/wp\/v2\/media\/38919"}],"wp:attachment":[{"href":"https:\/\/nordicmart.andreevmaster.com\/fi\/wp-json\/wp\/v2\/media?parent=29353"}],"wp:term":[{"taxonomy":"product_brand","embeddable":true,"href":"https:\/\/nordicmart.andreevmaster.com\/fi\/wp-json\/wp\/v2\/product_brand?post=29353"},{"taxonomy":"product_cat","embeddable":true,"href":"https:\/\/nordicmart.andreevmaster.com\/fi\/wp-json\/wp\/v2\/product_cat?post=29353"},{"taxonomy":"product_tag","embeddable":true,"href":"https:\/\/nordicmart.andreevmaster.com\/fi\/wp-json\/wp\/v2\/product_tag?post=29353"}],"curies":[{"name":"wp","href":"https:\/\/api.w.org\/{rel}","templated":true}]}}