{"id":29352,"date":"2026-02-27T00:05:45","date_gmt":"2026-02-27T00:05:45","guid":{"rendered":"https:\/\/nordicmart.andreevmaster.com\/product\/little-tikes-first-slide-garden-slide-my-first-95-cm-pink-2\/"},"modified":"2026-02-27T09:31:02","modified_gmt":"2026-02-27T09:31:02","slug":"little-tikes-first-slide-garden-slide-my-first-95-cm-pink-2","status":"publish","type":"product","link":"https:\/\/nordicmart.andreevmaster.com\/fi\/tuote\/little-tikes-first-slide-garden-slide-my-first-95-cm-pink-2\/","title":{"rendered":"Little Tikes First Slide Garden Slide My First 95 cm Pink"},"content":{"rendered":"<p>Vaaleanpunainen First Slide -liukum\u00e4ki on suunnitellut tunnettu lelujen valmistaja Little Tikes. N\u00e4m\u00e4 liukum\u00e4et on valmistettu korkealaatuisista materiaaleista, ja niiss\u00e4 on kiinnitetty huomiota pienimpiinkin yksityiskohtiin. Liukum\u00e4ki on olennainen osa jokaista leikkikentt\u00e4\u00e4, sek\u00e4 kotona ett\u00e4 julkisilla paikoilla. Liukum\u00e4ki voidaan yhdist\u00e4\u00e4 muihin leikkikenttiin tai puutarham\u00f6kkeihin, jolloin syntyy ainutlaatuinen leikkipaikka lapsille. Liukum\u00e4ki on varustettu leveill\u00e4 askelmilla ja vakaalla pohjalla, joten se sopii erinomaisesti kaikille pikkulapsille.Ominaisuudet:<\/p>\n<p>* &#8211; liukum\u00e4ki on varustettu leveill\u00e4 askelmilla, jotka p\u00e4\u00e4ttyv\u00e4t vakaaseen pohjaan,<br \/>\n* &#8211; liukum\u00e4ki on varustettu 95 cm pitk\u00e4ll\u00e4 liukum\u00e4ell\u00e4,<br \/>\n* &#8211; liukum\u00e4ki on taitettava,<br \/>\n* &#8211; suurin kuormitus: 20 kg. Little Tikes tarjoaa luovia ratkaisuja ja kest\u00e4vyytt\u00e4, joiden ansiosta lapset voivat nauttia leikkimisest\u00e4 monien vuosien ajan. Siksi yksi sen lippulaivatuotteista on Cozy Coupe\u00ae -ajettava auto, joka on tuonut iloa lapsille jo yli kolmekymment\u00e4 vuotta. Valikoimaan kuuluu my\u00f6s seuraavien kategorioiden leluja: leikkim\u00f6kit, taloustavarat, keinut ja leikkikent\u00e4t, keinutuolit ja k\u00e4velytuolit, huonekalut, puutarhalelut, lasten ajoneuvot, liukum\u00e4et ja kiipeilytelineet.<\/p>\n","protected":false},"excerpt":{"rendered":"<p>Vaaleanpunainen First Slide -liukum\u00e4ki on suunnitellut tunnettu lelujen valmistaja Little Tikes. N\u00e4m\u00e4 liukum\u00e4et on valmistettu korkealaatuisista materiaaleista, ja niiss\u00e4 on kiinnitetty huomiota pienimpiinkin yksityiskohtiin. Liukum\u00e4ki on olennainen osa jokaista leikkikentt\u00e4\u00e4, sek\u00e4 kotona ett\u00e4 julkisilla paikoilla. Liukum\u00e4ki voidaan yhdist\u00e4\u00e4 muihin leikkikenttiin tai puutarham\u00f6kkeihin, jolloin syntyy ainutlaatuinen leikkipaikka lapsille. Liukum\u00e4ki on varustettu leveill\u00e4 askelmilla ja vakaalla pohjalla, [&hellip;]<\/p>\n","protected":false},"featured_media":38918,"comment_status":"open","ping_status":"closed","template":"","meta":[],"product_brand":[],"product_cat":[32],"product_tag":[],"class_list":{"0":"post-29352","1":"product","2":"type-product","3":"status-publish","4":"has-post-thumbnail","6":"product_cat-uncategorized-fi","8":"first","9":"instock","10":"shipping-taxable","11":"purchasable","12":"product-type-simple"},"_links":{"self":[{"href":"https:\/\/nordicmart.andreevmaster.com\/fi\/wp-json\/wp\/v2\/product\/29352","targetHints":{"allow":["GET"]}}],"collection":[{"href":"https:\/\/nordicmart.andreevmaster.com\/fi\/wp-json\/wp\/v2\/product"}],"about":[{"href":"https:\/\/nordicmart.andreevmaster.com\/fi\/wp-json\/wp\/v2\/types\/product"}],"replies":[{"embeddable":true,"href":"https:\/\/nordicmart.andreevmaster.com\/fi\/wp-json\/wp\/v2\/comments?post=29352"}],"wp:featuredmedia":[{"embeddable":true,"href":"https:\/\/nordicmart.andreevmaster.com\/fi\/wp-json\/wp\/v2\/media\/38918"}],"wp:attachment":[{"href":"https:\/\/nordicmart.andreevmaster.com\/fi\/wp-json\/wp\/v2\/media?parent=29352"}],"wp:term":[{"taxonomy":"product_brand","embeddable":true,"href":"https:\/\/nordicmart.andreevmaster.com\/fi\/wp-json\/wp\/v2\/product_brand?post=29352"},{"taxonomy":"product_cat","embeddable":true,"href":"https:\/\/nordicmart.andreevmaster.com\/fi\/wp-json\/wp\/v2\/product_cat?post=29352"},{"taxonomy":"product_tag","embeddable":true,"href":"https:\/\/nordicmart.andreevmaster.com\/fi\/wp-json\/wp\/v2\/product_tag?post=29352"}],"curies":[{"name":"wp","href":"https:\/\/api.w.org\/{rel}","templated":true}]}}