{"id":29351,"date":"2026-02-27T00:05:44","date_gmt":"2026-02-27T00:05:44","guid":{"rendered":"https:\/\/nordicmart.andreevmaster.com\/product\/little-tikes-classic-castle-with-slide-2\/"},"modified":"2026-02-27T09:31:02","modified_gmt":"2026-02-27T09:31:02","slug":"little-tikes-classic-castle-with-slide-2","status":"publish","type":"product","link":"https:\/\/nordicmart.andreevmaster.com\/fi\/tuote\/little-tikes-classic-castle-with-slide-2\/","title":{"rendered":"Little Tikes Classic Castle with Slide"},"content":{"rendered":"<p>Amerikkalaisen Little Tikes -yrityksen suuri puutarhaleikkim\u00f6kki \u2013 linna ja liukum\u00e4ki \u2013 on loistava tapa stimuloida lasten mielikuvitusta ja el\u00e4v\u00f6itt\u00e4\u00e4 puutarhaa ainutlaatuisella lis\u00e4yksell\u00e4, joka sopii t\u00e4ydellisesti vihre\u00e4\u00e4n ymp\u00e4rist\u00f6\u00f6n. Puutarhaliukum\u00e4ki ja linna tarjoavat loputtomia mahdollisuuksia hauskanpitoon. Puutarhan linna ja liukum\u00e4ki ovat tuotteita, joita leimaavat erinomainen laatu, lasten turvallisuus ja kest\u00e4vyys. Niiden suunnittelussa ja valmistuksessa on k\u00e4ytetty rotaatiovalutekniikkaa. Talossa on kaksinkertaiset sein\u00e4t, jotka suojaavat sit\u00e4 auringon ja s\u00e4\u00e4olosuhteiden haitallisilta vaikutuksilta ja tekev\u00e4t siit\u00e4 kest\u00e4v\u00e4n voimakkaita iskuja vastaan. Leikkim\u00f6kki inspiroi luovaan leikkiin, kannustaa aktiivisuuteen ja tuo paljon iloa. Lapset iloitsevat, kun he voivat leikki\u00e4 Rapunzelin tai jopa Shrekin tarinaa. Taistelu tornin valloittamisesta on hauskaa, joka j\u00e4nnitt\u00e4\u00e4 jokaista ritaria, oli h\u00e4n sitten iso tai pieni. Puutarhaliukum\u00e4et \u2013 me toteutamme lapsuuden unelmia!Ominaisuudet:<\/p>\n<p>* &#8211; liukum\u00e4ki, piilotetut ulosk\u00e4ynnit, pienet ikkunat, torni ja toinen kerros, jonne voi kiivet\u00e4, tuovat paljon iloa pienimmille lapsille,<br \/>\n* &#8211; linnalla on realistinen ulkon\u00e4k\u00f6,<br \/>\n* &#8211; kivinen julkisivu ja torni antavat vaikutelman, ett\u00e4 rakennus on per\u00e4isin toisesta aikakaudesta,<br \/>\n* &#8211; sis\u00e4ll\u00e4 on takan j\u00e4ljitelm\u00e4.<\/p>\n<p>Lelu kehitt\u00e4\u00e4:<\/p>\n<p>* &#8211; motorisia taitoja,<br \/>\n* &#8211; mielikuvitusta,<br \/>\n* &#8211; luovuutta,<br \/>\n* &#8211; k\u00e4den taitoja,<br \/>\n* &#8211; roolileikkitaitoja.<\/p>\n<p>Little Tikes tarjoaa luovia ratkaisuja ja kest\u00e4vyytt\u00e4, joiden ansiosta lapset voivat nauttia leikkimisest\u00e4 monien vuosien ajan. Siksi yksi sen lippulaivatuotteista on Cozy Coupe\u00ae -ajettava auto, joka on tuonut iloa lapsille jo yli kolmenkymmenen vuoden ajan. Valikoimaan kuuluu my\u00f6s seuraavien kategorioiden leluja: leikkim\u00f6kit, taloustavarat, keinut ja leikkikent\u00e4t, keinutuolit ja k\u00e4velytuolit, huonekalut, puutarhalelut, lasten ajoneuvot, liukum\u00e4et ja kiipeilytelineet.<\/p>\n","protected":false},"excerpt":{"rendered":"<p>Amerikkalaisen Little Tikes -yrityksen suuri puutarhaleikkim\u00f6kki \u2013 linna ja liukum\u00e4ki \u2013 on loistava tapa stimuloida lasten mielikuvitusta ja el\u00e4v\u00f6itt\u00e4\u00e4 puutarhaa ainutlaatuisella lis\u00e4yksell\u00e4, joka sopii t\u00e4ydellisesti vihre\u00e4\u00e4n ymp\u00e4rist\u00f6\u00f6n. Puutarhaliukum\u00e4ki ja linna tarjoavat loputtomia mahdollisuuksia hauskanpitoon. Puutarhan linna ja liukum\u00e4ki ovat tuotteita, joita leimaavat erinomainen laatu, lasten turvallisuus ja kest\u00e4vyys. Niiden suunnittelussa ja valmistuksessa on k\u00e4ytetty rotaatiovalutekniikkaa. [&hellip;]<\/p>\n","protected":false},"featured_media":38917,"comment_status":"open","ping_status":"closed","template":"","meta":[],"product_brand":[],"product_cat":[32],"product_tag":[],"class_list":{"0":"post-29351","1":"product","2":"type-product","3":"status-publish","4":"has-post-thumbnail","6":"product_cat-uncategorized-fi","8":"first","9":"instock","10":"shipping-taxable","11":"purchasable","12":"product-type-simple"},"_links":{"self":[{"href":"https:\/\/nordicmart.andreevmaster.com\/fi\/wp-json\/wp\/v2\/product\/29351","targetHints":{"allow":["GET"]}}],"collection":[{"href":"https:\/\/nordicmart.andreevmaster.com\/fi\/wp-json\/wp\/v2\/product"}],"about":[{"href":"https:\/\/nordicmart.andreevmaster.com\/fi\/wp-json\/wp\/v2\/types\/product"}],"replies":[{"embeddable":true,"href":"https:\/\/nordicmart.andreevmaster.com\/fi\/wp-json\/wp\/v2\/comments?post=29351"}],"wp:featuredmedia":[{"embeddable":true,"href":"https:\/\/nordicmart.andreevmaster.com\/fi\/wp-json\/wp\/v2\/media\/38917"}],"wp:attachment":[{"href":"https:\/\/nordicmart.andreevmaster.com\/fi\/wp-json\/wp\/v2\/media?parent=29351"}],"wp:term":[{"taxonomy":"product_brand","embeddable":true,"href":"https:\/\/nordicmart.andreevmaster.com\/fi\/wp-json\/wp\/v2\/product_brand?post=29351"},{"taxonomy":"product_cat","embeddable":true,"href":"https:\/\/nordicmart.andreevmaster.com\/fi\/wp-json\/wp\/v2\/product_cat?post=29351"},{"taxonomy":"product_tag","embeddable":true,"href":"https:\/\/nordicmart.andreevmaster.com\/fi\/wp-json\/wp\/v2\/product_tag?post=29351"}],"curies":[{"name":"wp","href":"https:\/\/api.w.org\/{rel}","templated":true}]}}