{"id":29350,"date":"2026-02-27T00:05:44","date_gmt":"2026-02-27T00:05:44","guid":{"rendered":"https:\/\/nordicmart.andreevmaster.com\/product\/little-tikes-cozy-coupe-truck-ride-on-toy-pink-2\/"},"modified":"2026-02-27T09:31:02","modified_gmt":"2026-02-27T09:31:02","slug":"little-tikes-cozy-coupe-truck-ride-on-toy-pink-2","status":"publish","type":"product","link":"https:\/\/nordicmart.andreevmaster.com\/fi\/tuote\/little-tikes-cozy-coupe-truck-ride-on-toy-pink-2\/","title":{"rendered":"LITTLE TIKES COZY COUPE TRUCK Ride-On Toy Pink"},"content":{"rendered":"<p>Tutustu ihastuttavaan Princess Cozy Truck -autoon, jossa yhdistyv\u00e4t jalkavoimalla toimivan ajoneuvon ja vanhemmille mukavan ty\u00f6nt\u00f6leikkikalu. T\u00e4m\u00e4 ainutlaatuinen vaaleanpunainen ja violetti leikkiauto on suunniteltu pienimmille lapsille, ja se takaa turvallisen, aktiivisen ja luovan leikin sek\u00e4 kotona ett\u00e4 ulkona.[img-101052-left-thickbox_default]Ominaisuudet* Suunniteltu 18 kuukauden ik\u00e4isille lapsille 5 vuoteen asti Jalkapohjaj\u00e4rjestelm\u00e4 \u2013 lapset liikkuvat omien jalkojensa voimalla<br \/>\n* Irrotettava lattia \u2013 turvallisuutta pikkulapsille, itsen\u00e4isyytt\u00e4 vanhemmille lapsille<br \/>\n* Ty\u00f6nt\u00f6tanko vanhemmille \u2013 t\u00e4ysi hallinta ja yhteist\u00e4 hauskaa<br \/>\n* Avautuvat ovet ja polttoaineluukku \u2013 realismia ja hauskaa joka k\u00e4\u00e4nteess\u00e4<br \/>\n* \u00c4\u00e4nitorvi \u2013 lis\u00e4vetonaula pienille kuljettajille<br \/>\n* Tilava tavaratila \u2013 suosikkileluille tai lis\u00e4varusteille<\/p>\n<p>Lelu kehitt\u00e4\u00e4<\/p>\n<p>* Tasapainoa ja motorista koordinaatiota<br \/>\n* Lihasvoimaa ja fyysist\u00e4 kuntoa<br \/>\n* Itsen\u00e4isyytt\u00e4 ja autonomiaa<br \/>\n* Mielikuvitusta ja luovaa roolileikki\u00e4 (pieni kuljettaja, matkailija)<br \/>\n* Perhesuhteita yhteisen ajotoiminnon ansiosta<\/p>\n<p>[img-101053-left-thickbox_default]<\/p>\n<p>[img-101054-left-thickbox_default]<\/p>\n","protected":false},"excerpt":{"rendered":"<p>Tutustu ihastuttavaan Princess Cozy Truck -autoon, jossa yhdistyv\u00e4t jalkavoimalla toimivan ajoneuvon ja vanhemmille mukavan ty\u00f6nt\u00f6leikkikalu. T\u00e4m\u00e4 ainutlaatuinen vaaleanpunainen ja violetti leikkiauto on suunniteltu pienimmille lapsille, ja se takaa turvallisen, aktiivisen ja luovan leikin sek\u00e4 kotona ett\u00e4 ulkona.[img-101052-left-thickbox_default]Ominaisuudet* Suunniteltu 18 kuukauden ik\u00e4isille lapsille 5 vuoteen asti Jalkapohjaj\u00e4rjestelm\u00e4 \u2013 lapset liikkuvat omien jalkojensa voimalla * Irrotettava lattia [&hellip;]<\/p>\n","protected":false},"featured_media":0,"comment_status":"open","ping_status":"closed","template":"","meta":[],"product_brand":[],"product_cat":[32],"product_tag":[],"class_list":{"0":"post-29350","1":"product","2":"type-product","3":"status-publish","5":"product_cat-uncategorized-fi","7":"first","8":"instock","9":"shipping-taxable","10":"purchasable","11":"product-type-simple"},"_links":{"self":[{"href":"https:\/\/nordicmart.andreevmaster.com\/fi\/wp-json\/wp\/v2\/product\/29350","targetHints":{"allow":["GET"]}}],"collection":[{"href":"https:\/\/nordicmart.andreevmaster.com\/fi\/wp-json\/wp\/v2\/product"}],"about":[{"href":"https:\/\/nordicmart.andreevmaster.com\/fi\/wp-json\/wp\/v2\/types\/product"}],"replies":[{"embeddable":true,"href":"https:\/\/nordicmart.andreevmaster.com\/fi\/wp-json\/wp\/v2\/comments?post=29350"}],"wp:attachment":[{"href":"https:\/\/nordicmart.andreevmaster.com\/fi\/wp-json\/wp\/v2\/media?parent=29350"}],"wp:term":[{"taxonomy":"product_brand","embeddable":true,"href":"https:\/\/nordicmart.andreevmaster.com\/fi\/wp-json\/wp\/v2\/product_brand?post=29350"},{"taxonomy":"product_cat","embeddable":true,"href":"https:\/\/nordicmart.andreevmaster.com\/fi\/wp-json\/wp\/v2\/product_cat?post=29350"},{"taxonomy":"product_tag","embeddable":true,"href":"https:\/\/nordicmart.andreevmaster.com\/fi\/wp-json\/wp\/v2\/product_tag?post=29350"}],"curies":[{"name":"wp","href":"https:\/\/api.w.org\/{rel}","templated":true}]}}