{"id":29348,"date":"2026-02-27T00:05:44","date_gmt":"2026-02-27T00:05:44","guid":{"rendered":"https:\/\/nordicmart.andreevmaster.com\/product\/little-tikes-cozy-coupe-ride-on-shopping-cart-2\/"},"modified":"2026-02-27T09:31:01","modified_gmt":"2026-02-27T09:31:01","slug":"little-tikes-cozy-coupe-ride-on-shopping-cart-2","status":"publish","type":"product","link":"https:\/\/nordicmart.andreevmaster.com\/fi\/tuote\/little-tikes-cozy-coupe-ride-on-shopping-cart-2\/","title":{"rendered":"Little Tikes Cozy Coupe Ride-On Shopping Cart"},"content":{"rendered":"<p>Cozy Coupe auttaa pienokaisia ostoksilla. Se on t\u00e4ydellinen ratkaisu oikeisiin ostoksiin, mutta my\u00f6s loistava idea leikkeihin. Koriin varustettu auto stimuloi lasten mielikuvitusta ja kannustaa heit\u00e4 luomaan skenaarioita ja roolileikkej\u00e4. Lelussa on my\u00f6s s\u00e4ilytyslokero korin alla. Little Tikes -tuotteet ovat tunnettuja ja rakastettuja kaikilla mantereilla, monissa kodeissa, lukemattomien hymyilevien lasten ja tyytyv\u00e4isten vanhempien keskuudessa. Lasten turvallisuus mieless\u00e4 Little Tikes valmistaa tuotteita, jotka t\u00e4ytt\u00e4v\u00e4t kaikki tarvittavat turvallisuusstandardit. Tuotteiden kest\u00e4vyys mieless\u00e4 lelut on suunniteltu ja valmistettu k\u00e4ytt\u00e4m\u00e4ll\u00e4 sopivinta tekniikkaa, &#8221;rotomoldingia&#8221;, joka takaa vuosien hauskanpidon.<\/p>\n","protected":false},"excerpt":{"rendered":"<p>Cozy Coupe auttaa pienokaisia ostoksilla. Se on t\u00e4ydellinen ratkaisu oikeisiin ostoksiin, mutta my\u00f6s loistava idea leikkeihin. Koriin varustettu auto stimuloi lasten mielikuvitusta ja kannustaa heit\u00e4 luomaan skenaarioita ja roolileikkej\u00e4. Lelussa on my\u00f6s s\u00e4ilytyslokero korin alla. Little Tikes -tuotteet ovat tunnettuja ja rakastettuja kaikilla mantereilla, monissa kodeissa, lukemattomien hymyilevien lasten ja tyytyv\u00e4isten vanhempien keskuudessa. Lasten turvallisuus [&hellip;]<\/p>\n","protected":false},"featured_media":0,"comment_status":"open","ping_status":"closed","template":"","meta":[],"product_brand":[],"product_cat":[32],"product_tag":[],"class_list":{"0":"post-29348","1":"product","2":"type-product","3":"status-publish","5":"product_cat-uncategorized-fi","7":"first","8":"instock","9":"shipping-taxable","10":"purchasable","11":"product-type-simple"},"_links":{"self":[{"href":"https:\/\/nordicmart.andreevmaster.com\/fi\/wp-json\/wp\/v2\/product\/29348","targetHints":{"allow":["GET"]}}],"collection":[{"href":"https:\/\/nordicmart.andreevmaster.com\/fi\/wp-json\/wp\/v2\/product"}],"about":[{"href":"https:\/\/nordicmart.andreevmaster.com\/fi\/wp-json\/wp\/v2\/types\/product"}],"replies":[{"embeddable":true,"href":"https:\/\/nordicmart.andreevmaster.com\/fi\/wp-json\/wp\/v2\/comments?post=29348"}],"wp:attachment":[{"href":"https:\/\/nordicmart.andreevmaster.com\/fi\/wp-json\/wp\/v2\/media?parent=29348"}],"wp:term":[{"taxonomy":"product_brand","embeddable":true,"href":"https:\/\/nordicmart.andreevmaster.com\/fi\/wp-json\/wp\/v2\/product_brand?post=29348"},{"taxonomy":"product_cat","embeddable":true,"href":"https:\/\/nordicmart.andreevmaster.com\/fi\/wp-json\/wp\/v2\/product_cat?post=29348"},{"taxonomy":"product_tag","embeddable":true,"href":"https:\/\/nordicmart.andreevmaster.com\/fi\/wp-json\/wp\/v2\/product_tag?post=29348"}],"curies":[{"name":"wp","href":"https:\/\/api.w.org\/{rel}","templated":true}]}}