{"id":29347,"date":"2026-02-27T00:05:44","date_gmt":"2026-02-27T00:05:44","guid":{"rendered":"https:\/\/nordicmart.andreevmaster.com\/product\/falk-lander-vihrea-polkutraktori-peravaunulla-ikaryhma-3\/"},"modified":"2026-02-27T09:31:01","modified_gmt":"2026-02-27T09:31:01","slug":"falk-lander-vihrea-polkutraktori-peravaunulla-ikaryhma-3","status":"publish","type":"product","link":"https:\/\/nordicmart.andreevmaster.com\/fi\/tuote\/falk-lander-vihrea-polkutraktori-peravaunulla-ikaryhma-3\/","title":{"rendered":"FALK Lander vihre\u00e4 polkutraktori per\u00e4vaunulla, ik\u00e4ryhm\u00e4 3"},"content":{"rendered":"<p>Lander-polkutraktori per\u00e4vaunulla on monen pienen traktorinkuljettajan unelma. Huolellisesti valmistettu pienimpi\u00e4kin yksityiskohtia my\u00f6ten! Kukaan maanviljelij\u00e4 ei k\u00e4\u00e4nt\u00e4isi sille selk\u00e4\u00e4ns\u00e4. Ajoneuvo on valmistettu korkealaatuisesta muovista. Suunniteltu 3-vuotiaille ja sit\u00e4 vanhemmille lapsille.  Ajoneuvo on varustettu irrotettavalla per\u00e4vaunulla, jossa on sivupaneelit, sek\u00e4 ohjauspy\u00f6r\u00e4ll\u00e4, jossa on \u00e4\u00e4nimerkki. Traktorin py\u00f6r\u00e4t on valmistettu korkealaatuisesta muovista.Ominaisuudet:<\/p>\n<p>&#8211; 3-vuotiaille ja sit\u00e4 vanhemmille lapsille &#8211; Enimm\u00e4iskuorma 50 kg &#8211; \u00c4\u00e4nitorvi ohjauspy\u00f6r\u00e4ss\u00e4 &#8211; Ketjuveto taka-akselille &#8211; Irrotettava per\u00e4vaunu &#8211; Ohjattava etuakseli &#8211; Py\u00f6r\u00e4t valmistettu korkealaatuisesta muovista &#8211; Vakaa ja turvallinen &#8211; Tuote vaatii osittaisen kokoonpanon<\/p>\n<p>Setti sis\u00e4lt\u00e4\u00e4:<\/p>\n<p>&#8211; Landerto-poljintraktori &#8211; Irrotettava per\u00e4vaunu<\/p>\n<p>Lelu kehitt\u00e4\u00e4:<\/p>\n<p>&#8211; Motorisia taitoja &#8211; Luovuutta &#8211; Tila-ajattelua &#8211; Itsen\u00e4isyytt\u00e4 ja vastuullisuutta<\/p>\n<p>Falk on johtava eurooppalainen korkealaatuisten poljintautojen valmistaja. Yrityksen valikoimaan kuuluu muun muassa Claas-, Renault-, McCormick-, Kubota- ja Case IH -merkkien lisensoimia traktoreita. Kaikki ajoneuvot on valmistettu Ranskassa korkealaatuisista materiaaleista.<\/p>\n","protected":false},"excerpt":{"rendered":"<p>Lander-polkutraktori per\u00e4vaunulla on monen pienen traktorinkuljettajan unelma. Huolellisesti valmistettu pienimpi\u00e4kin yksityiskohtia my\u00f6ten! Kukaan maanviljelij\u00e4 ei k\u00e4\u00e4nt\u00e4isi sille selk\u00e4\u00e4ns\u00e4. Ajoneuvo on valmistettu korkealaatuisesta muovista. Suunniteltu 3-vuotiaille ja sit\u00e4 vanhemmille lapsille. Ajoneuvo on varustettu irrotettavalla per\u00e4vaunulla, jossa on sivupaneelit, sek\u00e4 ohjauspy\u00f6r\u00e4ll\u00e4, jossa on \u00e4\u00e4nimerkki. Traktorin py\u00f6r\u00e4t on valmistettu korkealaatuisesta muovista.Ominaisuudet: &#8211; 3-vuotiaille ja sit\u00e4 vanhemmille lapsille &#8211; [&hellip;]<\/p>\n","protected":false},"featured_media":0,"comment_status":"open","ping_status":"closed","template":"","meta":[],"product_brand":[],"product_cat":[32],"product_tag":[],"class_list":{"0":"post-29347","1":"product","2":"type-product","3":"status-publish","5":"product_cat-uncategorized-fi","7":"first","8":"instock","9":"shipping-taxable","10":"purchasable","11":"product-type-simple"},"_links":{"self":[{"href":"https:\/\/nordicmart.andreevmaster.com\/fi\/wp-json\/wp\/v2\/product\/29347","targetHints":{"allow":["GET"]}}],"collection":[{"href":"https:\/\/nordicmart.andreevmaster.com\/fi\/wp-json\/wp\/v2\/product"}],"about":[{"href":"https:\/\/nordicmart.andreevmaster.com\/fi\/wp-json\/wp\/v2\/types\/product"}],"replies":[{"embeddable":true,"href":"https:\/\/nordicmart.andreevmaster.com\/fi\/wp-json\/wp\/v2\/comments?post=29347"}],"wp:attachment":[{"href":"https:\/\/nordicmart.andreevmaster.com\/fi\/wp-json\/wp\/v2\/media?parent=29347"}],"wp:term":[{"taxonomy":"product_brand","embeddable":true,"href":"https:\/\/nordicmart.andreevmaster.com\/fi\/wp-json\/wp\/v2\/product_brand?post=29347"},{"taxonomy":"product_cat","embeddable":true,"href":"https:\/\/nordicmart.andreevmaster.com\/fi\/wp-json\/wp\/v2\/product_cat?post=29347"},{"taxonomy":"product_tag","embeddable":true,"href":"https:\/\/nordicmart.andreevmaster.com\/fi\/wp-json\/wp\/v2\/product_tag?post=29347"}],"curies":[{"name":"wp","href":"https:\/\/api.w.org\/{rel}","templated":true}]}}