{"id":29346,"date":"2026-02-27T00:05:43","date_gmt":"2026-02-27T00:05:43","guid":{"rendered":"https:\/\/nordicmart.andreevmaster.com\/product\/falk-polkutraktori-kauhalla-ja-peravaunulla-vihrea-claas-3-vuotta\/"},"modified":"2026-02-27T09:31:01","modified_gmt":"2026-02-27T09:31:01","slug":"falk-polkutraktori-kauhalla-ja-peravaunulla-vihrea-claas-3-vuotta","status":"publish","type":"product","link":"https:\/\/nordicmart.andreevmaster.com\/fi\/tuote\/falk-polkutraktori-kauhalla-ja-peravaunulla-vihrea-claas-3-vuotta\/","title":{"rendered":"FALK Polkutraktori kauhalla ja per\u00e4vaunulla, vihre\u00e4 CLAAS, 3 vuotta"},"content":{"rendered":"<p>FALKin CLAAS-polkutraktori per\u00e4vaunulla on monen pienen traktorinkuljettajan ja rakentajan unelma. Huolellisesti valmistettu pienimpi\u00e4kin yksityiskohtia my\u00f6ten! Kukaan maanviljelij\u00e4 ei k\u00e4\u00e4nt\u00e4isi t\u00e4lle selk\u00e4\u00e4ns\u00e4. Ajoneuvo on valmistettu korkealaatuisesta muovista ja suunniteltu 3-vuotiaille ja sit\u00e4 vanhemmille lapsille. Ajoneuvo on varustettu irrotettavalla per\u00e4vaunulla, jossa on sivupaneelit, sek\u00e4 ohjauspy\u00f6r\u00e4ll\u00e4 ja \u00e4\u00e4nimerkill\u00e4. Traktorin py\u00f6r\u00e4t on valmistettu korkealaatuisesta muovista. Ominaisuudet: * &#8211; 3-vuotiaille ja sit\u00e4 vanhemmille lapsille * &#8211; Enimm\u00e4iskuorma 50 kg * &#8211; \u00c4\u00e4nitorvi ohjaustangossa * &#8211; Ketjuveto taka-akselille * &#8211; Irrotettava CLAAS-per\u00e4vaunu * &#8211; Ohjattava etuakseli<br \/>\n* &#8211; Liikkuva etukauha<br \/>\n* &#8211; Py\u00f6r\u00e4t valmistettu korkealaatuisesta muovista<br \/>\n* &#8211; Vakaa ja turvallinen<br \/>\n* &#8211; Osittain koottava tuote<\/p>\n<p>Sarja sis\u00e4lt\u00e4\u00e4:<\/p>\n<p>* &#8211; Traktori kaivinkoneella<br \/>\n* &#8211; Per\u00e4vaunu<\/p>\n<p>Lelu kehitt\u00e4\u00e4:<\/p>\n<p>* &#8211; Karkeamotorisia taitoja ja fyysist\u00e4 kuntoa<br \/>\n* &#8211; K\u00e4si-silm\u00e4- ja k\u00e4si-jalka-koordinaatiota<br \/>\n* &#8211; Luovuutta ja roolileikkej\u00e4<br \/>\n* &#8211; Itsen\u00e4isyyden tunnetta ja itseluottamusta<\/p>\n<p>[img-83715-left-thickbox_default]<\/p>\n<p>[img-83716-left-thickbox_default]<\/p>\n","protected":false},"excerpt":{"rendered":"<p>FALKin CLAAS-polkutraktori per\u00e4vaunulla on monen pienen traktorinkuljettajan ja rakentajan unelma. Huolellisesti valmistettu pienimpi\u00e4kin yksityiskohtia my\u00f6ten! Kukaan maanviljelij\u00e4 ei k\u00e4\u00e4nt\u00e4isi t\u00e4lle selk\u00e4\u00e4ns\u00e4. Ajoneuvo on valmistettu korkealaatuisesta muovista ja suunniteltu 3-vuotiaille ja sit\u00e4 vanhemmille lapsille. Ajoneuvo on varustettu irrotettavalla per\u00e4vaunulla, jossa on sivupaneelit, sek\u00e4 ohjauspy\u00f6r\u00e4ll\u00e4 ja \u00e4\u00e4nimerkill\u00e4. Traktorin py\u00f6r\u00e4t on valmistettu korkealaatuisesta muovista. Ominaisuudet: * &#8211; 3-vuotiaille [&hellip;]<\/p>\n","protected":false},"featured_media":0,"comment_status":"open","ping_status":"closed","template":"","meta":[],"product_brand":[],"product_cat":[32],"product_tag":[],"class_list":{"0":"post-29346","1":"product","2":"type-product","3":"status-publish","5":"product_cat-uncategorized-fi","7":"first","8":"instock","9":"shipping-taxable","10":"purchasable","11":"product-type-simple"},"_links":{"self":[{"href":"https:\/\/nordicmart.andreevmaster.com\/fi\/wp-json\/wp\/v2\/product\/29346","targetHints":{"allow":["GET"]}}],"collection":[{"href":"https:\/\/nordicmart.andreevmaster.com\/fi\/wp-json\/wp\/v2\/product"}],"about":[{"href":"https:\/\/nordicmart.andreevmaster.com\/fi\/wp-json\/wp\/v2\/types\/product"}],"replies":[{"embeddable":true,"href":"https:\/\/nordicmart.andreevmaster.com\/fi\/wp-json\/wp\/v2\/comments?post=29346"}],"wp:attachment":[{"href":"https:\/\/nordicmart.andreevmaster.com\/fi\/wp-json\/wp\/v2\/media?parent=29346"}],"wp:term":[{"taxonomy":"product_brand","embeddable":true,"href":"https:\/\/nordicmart.andreevmaster.com\/fi\/wp-json\/wp\/v2\/product_brand?post=29346"},{"taxonomy":"product_cat","embeddable":true,"href":"https:\/\/nordicmart.andreevmaster.com\/fi\/wp-json\/wp\/v2\/product_cat?post=29346"},{"taxonomy":"product_tag","embeddable":true,"href":"https:\/\/nordicmart.andreevmaster.com\/fi\/wp-json\/wp\/v2\/product_tag?post=29346"}],"curies":[{"name":"wp","href":"https:\/\/api.w.org\/{rel}","templated":true}]}}