{"id":29345,"date":"2026-02-27T00:05:43","date_gmt":"2026-02-27T00:05:43","guid":{"rendered":"https:\/\/nordicmart.andreevmaster.com\/product\/falk-claas-suuri-polkutraktori-peravaunulla-3-vuotta\/"},"modified":"2026-02-27T09:31:01","modified_gmt":"2026-02-27T09:31:01","slug":"falk-claas-suuri-polkutraktori-peravaunulla-3-vuotta","status":"publish","type":"product","link":"https:\/\/nordicmart.andreevmaster.com\/fi\/tuote\/falk-claas-suuri-polkutraktori-peravaunulla-3-vuotta\/","title":{"rendered":"FALK Claas suuri polkutraktori per\u00e4vaunulla, 3 vuotta"},"content":{"rendered":"<p>T\u00e4m\u00e4 FALKin Claas-polkutraktori per\u00e4vaunulla on t\u00e4ydellinen lahja kaikille pienille maatalouskoneiden faneille! Pienimpi\u00e4kin yksityiskohtia huolellisesti huomioiden valmistettu ajoneuvo on uskollinen kopio oikeasta traktorista. 3-vuotiaille ja sit\u00e4 vanhemmille lapsille suunniteltu traktori on valmistettu korkealaatuisesta muovista, joka takaa kest\u00e4vyyden ja turvallisuuden leikin aikana. Se on varustettu irrotettavalla per\u00e4vaunulla, jossa on paneelit, joiden avulla lapsi voi kuljettaa lempilelujaan tai -tarvikkeitaan. Lis\u00e4ksi \u00e4\u00e4nitorvella varustettu ohjauspy\u00f6r\u00e4 lis\u00e4\u00e4 hauskuutta ja saa pienen traktorinkuljettajan tuntemaan itsens\u00e4 oikeaksi kuljettajaksi. Korkealaatuisesta muovista valmistetut py\u00f6r\u00e4t takaavat sujuvan ja mukavan ajokokemuksen. Ominaisuudet: &#8211; 3-vuotiaille lapsille<br \/>\n* &#8211; \u00c4\u00e4nitorvi ohjauspy\u00f6r\u00e4ss\u00e4<br \/>\n* &#8211; Ketjuveto taka-akselille<br \/>\n* &#8211; Irrotettava per\u00e4vaunu<br \/>\n* &#8211; Ohjattava etuakseli<br \/>\n* &#8211; Korkealaatuisesta muovista valmistetut py\u00f6r\u00e4t<br \/>\n* &#8211; Vakaa ja turvallinen<br \/>\n* &#8211; Osittain koottava tuote<br \/>\n* &#8211; Enimm\u00e4iskuorma 50 kg<\/p>\n<p>Setti sis\u00e4lt\u00e4\u00e4:<\/p>\n<p>* &#8211; Claas-polkutraktori<br \/>\n* &#8211; Irrotettava per\u00e4vaunu<\/p>\n<p>Lelu kehitt\u00e4\u00e4:<\/p>\n<p>* &#8211; Itsen\u00e4isyytt\u00e4<br \/>\n* &#8211; Motorista koordinaatiota<br \/>\n* &#8211; Tilan hahmottamista<br \/>\n* &#8211; Tasapainoa<br \/>\n* &#8211; Lihasten vahvistumista<\/p>\n","protected":false},"excerpt":{"rendered":"<p>T\u00e4m\u00e4 FALKin Claas-polkutraktori per\u00e4vaunulla on t\u00e4ydellinen lahja kaikille pienille maatalouskoneiden faneille! Pienimpi\u00e4kin yksityiskohtia huolellisesti huomioiden valmistettu ajoneuvo on uskollinen kopio oikeasta traktorista. 3-vuotiaille ja sit\u00e4 vanhemmille lapsille suunniteltu traktori on valmistettu korkealaatuisesta muovista, joka takaa kest\u00e4vyyden ja turvallisuuden leikin aikana. Se on varustettu irrotettavalla per\u00e4vaunulla, jossa on paneelit, joiden avulla lapsi voi kuljettaa lempilelujaan tai [&hellip;]<\/p>\n","protected":false},"featured_media":0,"comment_status":"open","ping_status":"closed","template":"","meta":[],"product_brand":[],"product_cat":[32],"product_tag":[],"class_list":{"0":"post-29345","1":"product","2":"type-product","3":"status-publish","5":"product_cat-uncategorized-fi","7":"first","8":"instock","9":"shipping-taxable","10":"purchasable","11":"product-type-simple"},"_links":{"self":[{"href":"https:\/\/nordicmart.andreevmaster.com\/fi\/wp-json\/wp\/v2\/product\/29345","targetHints":{"allow":["GET"]}}],"collection":[{"href":"https:\/\/nordicmart.andreevmaster.com\/fi\/wp-json\/wp\/v2\/product"}],"about":[{"href":"https:\/\/nordicmart.andreevmaster.com\/fi\/wp-json\/wp\/v2\/types\/product"}],"replies":[{"embeddable":true,"href":"https:\/\/nordicmart.andreevmaster.com\/fi\/wp-json\/wp\/v2\/comments?post=29345"}],"wp:attachment":[{"href":"https:\/\/nordicmart.andreevmaster.com\/fi\/wp-json\/wp\/v2\/media?parent=29345"}],"wp:term":[{"taxonomy":"product_brand","embeddable":true,"href":"https:\/\/nordicmart.andreevmaster.com\/fi\/wp-json\/wp\/v2\/product_brand?post=29345"},{"taxonomy":"product_cat","embeddable":true,"href":"https:\/\/nordicmart.andreevmaster.com\/fi\/wp-json\/wp\/v2\/product_cat?post=29345"},{"taxonomy":"product_tag","embeddable":true,"href":"https:\/\/nordicmart.andreevmaster.com\/fi\/wp-json\/wp\/v2\/product_tag?post=29345"}],"curies":[{"name":"wp","href":"https:\/\/api.w.org\/{rel}","templated":true}]}}