{"id":29344,"date":"2026-02-27T00:05:43","date_gmt":"2026-02-27T00:05:43","guid":{"rendered":"https:\/\/nordicmart.andreevmaster.com\/product\/falk-baby-claas-axos-310-vihrea-traktori-peravaunulla-1-vuotiaille\/"},"modified":"2026-02-27T09:31:01","modified_gmt":"2026-02-27T09:31:01","slug":"falk-baby-claas-axos-310-vihrea-traktori-peravaunulla-1-vuotiaille","status":"publish","type":"product","link":"https:\/\/nordicmart.andreevmaster.com\/fi\/tuote\/falk-baby-claas-axos-310-vihrea-traktori-peravaunulla-1-vuotiaille\/","title":{"rendered":"FALK Baby Claas Axos 310 vihre\u00e4 traktori per\u00e4vaunulla, 1-vuotiaille"},"content":{"rendered":"<p>Falkin Baby Claas Axos 310 -ajotraktori per\u00e4vaunulla on monen pienen traktorinkuljettajan unelmien t\u00e4yttymys. Huolellisesti valmistettu pienimpi\u00e4kin yksityiskohtia my\u00f6ten! Kukaan oikea maanviljelij\u00e4 ei k\u00e4\u00e4nt\u00e4isi sille selk\u00e4\u00e4ns\u00e4. Ajoneuvo on valmistettu korkealaatuisesta muovista ja suunniteltu 12 kuukauden ik\u00e4isille lapsille. Ajoneuvo on varustettu irrotettavalla per\u00e4vaunulla, jossa on sivupaneelit, sek\u00e4 ohjauspy\u00f6r\u00e4ll\u00e4 ja \u00e4\u00e4nimerkill\u00e4. Traktorin py\u00f6r\u00e4t on valmistettu korkealaatuisesta muovista. Ominaisuudet:<\/p>\n<p>* &#8211; 12 kuukaudesta alkaen,<br \/>\n* &#8211; enimm\u00e4iskuorma 25 kg,<br \/>\n* &#8211; \u00e4\u00e4nitorvi ohjauspy\u00f6r\u00e4ss\u00e4,<br \/>\n* &#8211; irrotettava per\u00e4vaunu,<br \/>\n* &#8211; k\u00e4\u00e4ntyv\u00e4 etuakseli,<br \/>\n* &#8211; py\u00f6r\u00e4t valmistettu korkealaatuisesta muovista,<br \/>\n* &#8211; vakaa ja turvallinen,<br \/>\n* &#8211; tuote vaatii osittaisen kokoonpanon.<\/p>\n<p>Setti sis\u00e4lt\u00e4\u00e4:<\/p>\n<p>* &#8211; Claas-traktori<br \/>\n* &#8211; Irrotettava per\u00e4vaunu<\/p>\n<p>Lelu kehitt\u00e4\u00e4:<\/p>\n<p>* &#8211; Karkeamotorisia taitoja<br \/>\n* &#8211; Motorista koordinaatiota ja tasapainoa<br \/>\n* &#8211; Tilan hahmottamista<br \/>\n* &#8211; Luovuutta ja mielikuvitusta<br \/>\n* &#8211; Itsen\u00e4isyyden tunnetta<\/p>\n","protected":false},"excerpt":{"rendered":"<p>Falkin Baby Claas Axos 310 -ajotraktori per\u00e4vaunulla on monen pienen traktorinkuljettajan unelmien t\u00e4yttymys. Huolellisesti valmistettu pienimpi\u00e4kin yksityiskohtia my\u00f6ten! Kukaan oikea maanviljelij\u00e4 ei k\u00e4\u00e4nt\u00e4isi sille selk\u00e4\u00e4ns\u00e4. Ajoneuvo on valmistettu korkealaatuisesta muovista ja suunniteltu 12 kuukauden ik\u00e4isille lapsille. Ajoneuvo on varustettu irrotettavalla per\u00e4vaunulla, jossa on sivupaneelit, sek\u00e4 ohjauspy\u00f6r\u00e4ll\u00e4 ja \u00e4\u00e4nimerkill\u00e4. Traktorin py\u00f6r\u00e4t on valmistettu korkealaatuisesta muovista. Ominaisuudet: [&hellip;]<\/p>\n","protected":false},"featured_media":0,"comment_status":"open","ping_status":"closed","template":"","meta":[],"product_brand":[],"product_cat":[32],"product_tag":[],"class_list":{"0":"post-29344","1":"product","2":"type-product","3":"status-publish","5":"product_cat-uncategorized-fi","7":"first","8":"instock","9":"shipping-taxable","10":"purchasable","11":"product-type-simple"},"_links":{"self":[{"href":"https:\/\/nordicmart.andreevmaster.com\/fi\/wp-json\/wp\/v2\/product\/29344","targetHints":{"allow":["GET"]}}],"collection":[{"href":"https:\/\/nordicmart.andreevmaster.com\/fi\/wp-json\/wp\/v2\/product"}],"about":[{"href":"https:\/\/nordicmart.andreevmaster.com\/fi\/wp-json\/wp\/v2\/types\/product"}],"replies":[{"embeddable":true,"href":"https:\/\/nordicmart.andreevmaster.com\/fi\/wp-json\/wp\/v2\/comments?post=29344"}],"wp:attachment":[{"href":"https:\/\/nordicmart.andreevmaster.com\/fi\/wp-json\/wp\/v2\/media?parent=29344"}],"wp:term":[{"taxonomy":"product_brand","embeddable":true,"href":"https:\/\/nordicmart.andreevmaster.com\/fi\/wp-json\/wp\/v2\/product_brand?post=29344"},{"taxonomy":"product_cat","embeddable":true,"href":"https:\/\/nordicmart.andreevmaster.com\/fi\/wp-json\/wp\/v2\/product_cat?post=29344"},{"taxonomy":"product_tag","embeddable":true,"href":"https:\/\/nordicmart.andreevmaster.com\/fi\/wp-json\/wp\/v2\/product_tag?post=29344"}],"curies":[{"name":"wp","href":"https:\/\/api.w.org\/{rel}","templated":true}]}}