{"id":29296,"date":"2026-02-27T00:46:28","date_gmt":"2026-02-27T00:46:28","guid":{"rendered":"https:\/\/nordicmart.andreevmaster.com\/product\/pude-og-sengetaeppe-saet-candy\/"},"modified":"2026-02-27T09:22:37","modified_gmt":"2026-02-27T09:22:37","slug":"pude-og-sengetaeppe-saet-candy","status":"publish","type":"product","link":"https:\/\/nordicmart.andreevmaster.com\/da\/vare\/pude-og-sengetaeppe-saet-candy\/","title":{"rendered":"Pude og senget\u00e6ppe s\u00e6t candy"},"content":{"rendered":"<p>S\u00e6ttet best\u00e5ende af et pudebetr\u00e6k og et senget\u00e6ppe er den perfekte kombination af stil og komfort. Lavet af h\u00f8j kvalitet waffle stof (100% bomuld), vil det v\u00e6re et fremragende tilskud til ethvert b\u00f8rnev\u00e6relse og tilf\u00f8je et hyggeligt touch. Senget\u00e6ppet kan ogs\u00e5 bruges som et t\u00e6ppe, hvilket g\u00f8r det til et s\u00e6rligt praktisk stykke hjemmedekor. B\u00e5de pudebetr\u00e6kket og senget\u00e6ppet er et praktisk og \u00e6stetisk valg, der vil sikre komfortabel hvile og et elegant look for sengen. Et idealt s\u00e6t til hverdagsbrug eller som gave. <\/p>\n<p>Materiale:<br \/>\n100% waffle bomuld, 150 g\/m\u00b2, med Oeko-TEX Standard 100 certificering IW 00034. <\/p>\n<p>St\u00f8rrelse:<br \/>\nPudebetr\u00e6k: 50 cm x 70 cm<br \/>\nSenget\u00e6ppe: 100 cm x 180 cm<\/p>\n<p>Vaskeinstruktioner:<br \/>\n Maskinvask ved 40\u00b0C<br \/>\nM\u00e5 ikke bleges<br \/>\nKan tumble t\u00f8rres p\u00e5 indstilling til delikate stoffer<\/p>\n","protected":false},"excerpt":{"rendered":"<p>S\u00e6ttet best\u00e5ende af et pudebetr\u00e6k og et senget\u00e6ppe er den perfekte kombination af stil og komfort. Lavet af h\u00f8j kvalitet waffle stof (100% bomuld), vil det v\u00e6re et fremragende tilskud til ethvert b\u00f8rnev\u00e6relse og tilf\u00f8je et hyggeligt touch. Senget\u00e6ppet kan ogs\u00e5 bruges som et t\u00e6ppe, hvilket g\u00f8r det til et s\u00e6rligt praktisk stykke hjemmedekor. B\u00e5de [&hellip;]<\/p>\n","protected":false},"featured_media":0,"comment_status":"open","ping_status":"closed","template":"","meta":[],"product_brand":[],"product_cat":[31],"product_tag":[],"class_list":{"0":"post-29296","1":"product","2":"type-product","3":"status-publish","5":"product_cat-uncategorized-da","7":"first","8":"instock","9":"shipping-taxable","10":"purchasable","11":"product-type-simple"},"_links":{"self":[{"href":"https:\/\/nordicmart.andreevmaster.com\/da\/wp-json\/wp\/v2\/product\/29296","targetHints":{"allow":["GET"]}}],"collection":[{"href":"https:\/\/nordicmart.andreevmaster.com\/da\/wp-json\/wp\/v2\/product"}],"about":[{"href":"https:\/\/nordicmart.andreevmaster.com\/da\/wp-json\/wp\/v2\/types\/product"}],"replies":[{"embeddable":true,"href":"https:\/\/nordicmart.andreevmaster.com\/da\/wp-json\/wp\/v2\/comments?post=29296"}],"wp:attachment":[{"href":"https:\/\/nordicmart.andreevmaster.com\/da\/wp-json\/wp\/v2\/media?parent=29296"}],"wp:term":[{"taxonomy":"product_brand","embeddable":true,"href":"https:\/\/nordicmart.andreevmaster.com\/da\/wp-json\/wp\/v2\/product_brand?post=29296"},{"taxonomy":"product_cat","embeddable":true,"href":"https:\/\/nordicmart.andreevmaster.com\/da\/wp-json\/wp\/v2\/product_cat?post=29296"},{"taxonomy":"product_tag","embeddable":true,"href":"https:\/\/nordicmart.andreevmaster.com\/da\/wp-json\/wp\/v2\/product_tag?post=29296"}],"curies":[{"name":"wp","href":"https:\/\/api.w.org\/{rel}","templated":true}]}}