{"id":29294,"date":"2026-02-27T00:46:28","date_gmt":"2026-02-27T00:46:28","guid":{"rendered":"https:\/\/nordicmart.andreevmaster.com\/product\/up-seng-70x120-gra\/"},"modified":"2026-02-27T09:22:37","modified_gmt":"2026-02-27T09:22:37","slug":"up-seng-70x120-gra","status":"publish","type":"product","link":"https:\/\/nordicmart.andreevmaster.com\/da\/vare\/up-seng-70x120-gra\/","title":{"rendered":"UP! Seng 70&#215;120 gr\u00e5"},"content":{"rendered":"<p>UP! \u2013 fuld genbrug \u2013 for l\u00e6nge UP!<br \/>\nBabyseng med skab, puslebord, skuffe (optionelt) samt hylder er et m\u00f8bel der \u00e6ndrer sig sammen med dit barn og tilpasser sig dets behov. For sp\u00e6dbarnet er det et vidunderligt, sikkert rum til s\u00f8vn, leg og hvile, og for dets for\u00e6lder \u2013 et funktionelt rum til opbevaring af alle ting n\u00f8dvendige til pleje af poden. Til behov for \u00e6ldre barn kan m\u00f8blet forvandles til en st\u00f8rre seng (160 cm) ved at tilf\u00f8je et lille skrivebord til s\u00e6ttet med justerbar bordplade samt skab til b\u00f8rneskatte. Takket v\u00e6re transformationsmuligheder, er UP! m\u00f8blet en fremragende l\u00f8sning for alle dem der \u00f8nsker at nyde en p\u00e6n og funktionel l\u00f8sning i mange \u00e5r. UP! Er fremstillet af MDF plade, eg finer, m\u00f8bel plade samt massivt tr\u00e6. Forekommer i gr\u00e5 farve kombineret med eg ben. **Hovedfordele:**<br \/>\n&#8211; babyseng udstyret med puslebord , beholder med skuffe, skab samt hylder<br \/>\n&#8211; tre niveauer af placering af stel under madras tilpasset til barnets udvikling (placeret p\u00e5 29\/ 47,8\/ 60,5 cm fra gulvet)<br \/>\n&#8211; udtageligt fragment af front ramme<br \/>\n\u2013 letter selvst\u00e6ndig ind- og udgang af lille fra sengen<br \/>\n&#8211; mulighed for ombygning til sofa via demontering af front ramme<br \/>\n&#8211; efter demontering af to side rammer opn\u00e5s en junior seng med l\u00e6ngde 160 cm, mens fra resterende elementer skrivebord med justerbar bordplade I og praktisk beholder<br \/>\n &#8211; rummelig, praktisk skuffe p\u00e5 hjul afsluttet med d\u00e6k, (skuffe er option- mulighed for tilk\u00f8b)<br \/>\n-skuffe i skab er udstyret med stille skinner med selv-lukning af m\u00e6rket H\u00e4fele<br \/>\n&#8211; maling anvendt i lakeringsprocessen er sikker for b\u00f8rn, certificeret i henhold til norm EN71\/3, for\u00e5rsager ikke allergi<\/p>\n<p> **M\u00e5l (cm):**<br \/>\nl\u00e6ngde- 163,5<br \/>\nbredde- 77,5<br \/>\nh\u00f8jde- 100 **Yderligere oplysninger:**<br \/>\n &#8211; til babysengen passer madras med m\u00e5l: 70&#215;120 cm,<br \/>\n&#8211; til junior seng passer madras med m\u00e5l: 70&#215;160 cm<br \/>\n &#8211; brugsperiode: fra f\u00f8dsel til ok 8\/10 \u00e5r<br \/>\nFremstilling og finish af m\u00f8bler:<br \/>\n&#8211; front af skuffe, skab, junior lister, rammer af seng er fremstillet af MDF plade lakeret p\u00e5 hvid med sikker for barnet maling<br \/>\n&#8211; krop af skab, endestykker af seng er fremstillet af h\u00f8j kvalitet laminatplade modstandsdygtig over for skader og fugt, let at holde ren<br \/>\n&#8211; ben af m\u00f8blet er fremstillet af eg finer<br \/>\n &#8211; skinner fra firma H\u00e4fele udstyret med system bremser lukning af skuffe<br \/>\n &#8211; maling anvendt i lakeringsprocessen er sikker for b\u00f8rn, certificeret, for\u00e5rsager ikke allergi **Farveskema:**<br \/>\n&#8211; gr\u00e5, eg, mat finish ** Brugsanvisning:**<br \/>\nBabyseng skal t\u00f8rres af med bl\u00f8d bomuldsklud fugtet med vand eller middel beregnet til pleje af m\u00f8bler.<br \/>\n**Yderligere oplysninger:**<br \/>\nBabyseng leveres i pakker til selvmontering. I pakkerne findes detaljeret samlevejledning sammen med udstyr (skruer osv.).<\/p>\n","protected":false},"excerpt":{"rendered":"<p>UP! \u2013 fuld genbrug \u2013 for l\u00e6nge UP! Babyseng med skab, puslebord, skuffe (optionelt) samt hylder er et m\u00f8bel der \u00e6ndrer sig sammen med dit barn og tilpasser sig dets behov. For sp\u00e6dbarnet er det et vidunderligt, sikkert rum til s\u00f8vn, leg og hvile, og for dets for\u00e6lder \u2013 et funktionelt rum til opbevaring af [&hellip;]<\/p>\n","protected":false},"featured_media":0,"comment_status":"open","ping_status":"closed","template":"","meta":[],"product_brand":[],"product_cat":[31],"product_tag":[],"class_list":{"0":"post-29294","1":"product","2":"type-product","3":"status-publish","5":"product_cat-uncategorized-da","7":"first","8":"instock","9":"shipping-taxable","10":"purchasable","11":"product-type-simple"},"_links":{"self":[{"href":"https:\/\/nordicmart.andreevmaster.com\/da\/wp-json\/wp\/v2\/product\/29294","targetHints":{"allow":["GET"]}}],"collection":[{"href":"https:\/\/nordicmart.andreevmaster.com\/da\/wp-json\/wp\/v2\/product"}],"about":[{"href":"https:\/\/nordicmart.andreevmaster.com\/da\/wp-json\/wp\/v2\/types\/product"}],"replies":[{"embeddable":true,"href":"https:\/\/nordicmart.andreevmaster.com\/da\/wp-json\/wp\/v2\/comments?post=29294"}],"wp:attachment":[{"href":"https:\/\/nordicmart.andreevmaster.com\/da\/wp-json\/wp\/v2\/media?parent=29294"}],"wp:term":[{"taxonomy":"product_brand","embeddable":true,"href":"https:\/\/nordicmart.andreevmaster.com\/da\/wp-json\/wp\/v2\/product_brand?post=29294"},{"taxonomy":"product_cat","embeddable":true,"href":"https:\/\/nordicmart.andreevmaster.com\/da\/wp-json\/wp\/v2\/product_cat?post=29294"},{"taxonomy":"product_tag","embeddable":true,"href":"https:\/\/nordicmart.andreevmaster.com\/da\/wp-json\/wp\/v2\/product_tag?post=29294"}],"curies":[{"name":"wp","href":"https:\/\/api.w.org\/{rel}","templated":true}]}}