{"id":29293,"date":"2026-02-27T00:46:27","date_gmt":"2026-02-27T00:46:27","guid":{"rendered":"https:\/\/nordicmart.andreevmaster.com\/product\/up-skuffe\/"},"modified":"2026-02-27T09:22:36","modified_gmt":"2026-02-27T09:22:36","slug":"up-skuffe","status":"publish","type":"product","link":"https:\/\/nordicmart.andreevmaster.com\/da\/vare\/up-skuffe\/","title":{"rendered":"UP! skuffe"},"content":{"rendered":"<p>M\u00e5l (cm):<br \/>\nl\u00e6ngde- 151,6<br \/>\n bredde- 73,4<br \/>\nh\u00f8jde- 14,8<br \/>\nFremstilling og finish:<br \/>\n-MDF plade samt m\u00f8bel plade<br \/>\nFarveskema:<br \/>\n &#8211; hvid <\/p>\n<p>Yderligere oplysninger:<br \/>\n Skuffen leveres i pakker til selvmontering. I pakkerne findes detaljeret samlevejledning sammen med udstyr (skruer osv.).<\/p>\n","protected":false},"excerpt":{"rendered":"<p>M\u00e5l (cm): l\u00e6ngde- 151,6 bredde- 73,4 h\u00f8jde- 14,8 Fremstilling og finish: -MDF plade samt m\u00f8bel plade Farveskema: &#8211; hvid Yderligere oplysninger: Skuffen leveres i pakker til selvmontering. I pakkerne findes detaljeret samlevejledning sammen med udstyr (skruer osv.).<\/p>\n","protected":false},"featured_media":0,"comment_status":"open","ping_status":"closed","template":"","meta":[],"product_brand":[],"product_cat":[31],"product_tag":[],"class_list":{"0":"post-29293","1":"product","2":"type-product","3":"status-publish","5":"product_cat-uncategorized-da","7":"first","8":"instock","9":"shipping-taxable","10":"purchasable","11":"product-type-simple"},"_links":{"self":[{"href":"https:\/\/nordicmart.andreevmaster.com\/da\/wp-json\/wp\/v2\/product\/29293","targetHints":{"allow":["GET"]}}],"collection":[{"href":"https:\/\/nordicmart.andreevmaster.com\/da\/wp-json\/wp\/v2\/product"}],"about":[{"href":"https:\/\/nordicmart.andreevmaster.com\/da\/wp-json\/wp\/v2\/types\/product"}],"replies":[{"embeddable":true,"href":"https:\/\/nordicmart.andreevmaster.com\/da\/wp-json\/wp\/v2\/comments?post=29293"}],"wp:attachment":[{"href":"https:\/\/nordicmart.andreevmaster.com\/da\/wp-json\/wp\/v2\/media?parent=29293"}],"wp:term":[{"taxonomy":"product_brand","embeddable":true,"href":"https:\/\/nordicmart.andreevmaster.com\/da\/wp-json\/wp\/v2\/product_brand?post=29293"},{"taxonomy":"product_cat","embeddable":true,"href":"https:\/\/nordicmart.andreevmaster.com\/da\/wp-json\/wp\/v2\/product_cat?post=29293"},{"taxonomy":"product_tag","embeddable":true,"href":"https:\/\/nordicmart.andreevmaster.com\/da\/wp-json\/wp\/v2\/product_tag?post=29293"}],"curies":[{"name":"wp","href":"https:\/\/api.w.org\/{rel}","templated":true}]}}