{"id":29292,"date":"2026-02-27T00:46:27","date_gmt":"2026-02-27T00:46:27","guid":{"rendered":"https:\/\/nordicmart.andreevmaster.com\/product\/up-seng-70x120\/"},"modified":"2026-02-27T09:22:36","modified_gmt":"2026-02-27T09:22:36","slug":"up-seng-70x120","status":"publish","type":"product","link":"https:\/\/nordicmart.andreevmaster.com\/da\/vare\/up-seng-70x120\/","title":{"rendered":"UP! Seng 70&#215;120"},"content":{"rendered":"<p>**UP!cycling \u2013 for lang**  UP! er en ideal l\u00f8sning til ethvert b\u00f8rnev\u00e6relse. Babysengen med et lille skab, puslebord, skuffe (option) og hylder er et m\u00f8belstykke som \u00e6ndrer sig med dit barn og justerer sig til deres behov. For sp\u00e6dbarnet er det et stort sikkert rum at sove, lege og hvile i, hvorimod for for\u00e6lderen \u2013 et funktionelt rum til opbevaring af alle ting n\u00f8dvendige for baby pleje. N\u00e5r dit barn bliver \u00e6ldre, kan det nemt og hurtigt forvandles til en st\u00f8rre seng (160 cm), ved at tilf\u00f8je et lille skrivebord til det med en justeret top og plads til dit barns skatte. Takket v\u00e6re s\u00e5danne options, er det en stor l\u00f8sning for alle dem der \u00f8nsker at nyde en p\u00e6n og funktionel l\u00f8sning i mange \u00e5r fremover.  **Hovedfordele:** &#8211; overensstemmende med europ\u00e6iske sikkerhedsstandarder &#8211; **tre niveauer af madras ramme** justeret til barnets v\u00e6kst (60,5\/47,8\/29 cm fra gulvet)<br \/>\n**- mulighed for at fjerne 1\/3 af **af rammen hvilket g\u00f8r det muligt at komme ind og ud af sengen**<br \/>\n&#8211; mulighed for at blive transformeret til en sofa** ved at fjerne front ramme<br \/>\n&#8211; mulighed for at blive transformeret til en junior seng 160 cm lang,<br \/>\n&#8211; **mulighed for at skabe et skrivebord **med justerbar top og skabet med skuffe og hylder &#8211; **rummelig skuffe** p\u00e5 hjul afsluttet med et d\u00e6k, sikker for gulvet (en option at k\u00f8be)<br \/>\n&#8211; cover skjuler skuffens indhold.<\/p>\n<p>**M\u00e5l (cm):**<br \/>\nl\u00e6ngde: 144 \u2013 164<br \/>\nbredde: 74<br \/>\nh\u00f8jde: 94<\/p>\n<p>**Yderligere oplysninger:**<br \/>\n&#8211; madras egnet til babysengen: cm 70 cm x 120 cm<br \/>\n&#8211; madras egnet til junior sengen: 70 cm x 160 cm<br \/>\n&#8211; levetid: til omkring det 8\/10 \u00e5r af alder. **M\u00f8bel materialer og finish:**<br \/>\n**<br \/>\n&#8211; ben er lavet af eg finer, lakeret med farvel\u00f8s b\u00f8rne-sikker maling &#8211; skab fronter, seng stiger, junior st\u00e6nger, changer sider er lavet af hvid lakeret MDF board<br \/>\n&#8211; hovedg\u00e6rde og fodg\u00e6rde af babysengen, sider af skabet er lavet af hvid laminatplade modstandsdygtig over for skader og fugt, let at holde ren &#8211; madras ramme er lavet af b\u00f8ge krydsfiner<br \/>\n&#8211; maling brugt i processen af lakering er sikker for b\u00f8rn, EN71\/3 godkendt og for\u00e5rsager ikke allergi.   **Farver:** &#8211; hvid, eg finer, mat finish **Brugsanvisninger:** M\u00f8blerne skal t\u00f8rres af med bl\u00f8d, bomuldsklud fugtet med vand eller et produkt beregnet til m\u00f8belpleje. **<br \/>\nYderligere Oplysninger:** M\u00f8blerne leveres i pakker, beregnet til selvmontering. Pakkerne indeholder detaljeret instruktion af samling, sammen med tilbeh\u00f8r (skrue, osv.).<\/p>\n","protected":false},"excerpt":{"rendered":"<p>**UP!cycling \u2013 for lang** UP! er en ideal l\u00f8sning til ethvert b\u00f8rnev\u00e6relse. Babysengen med et lille skab, puslebord, skuffe (option) og hylder er et m\u00f8belstykke som \u00e6ndrer sig med dit barn og justerer sig til deres behov. For sp\u00e6dbarnet er det et stort sikkert rum at sove, lege og hvile i, hvorimod for for\u00e6lderen \u2013 [&hellip;]<\/p>\n","protected":false},"featured_media":0,"comment_status":"open","ping_status":"closed","template":"","meta":[],"product_brand":[],"product_cat":[31],"product_tag":[],"class_list":{"0":"post-29292","1":"product","2":"type-product","3":"status-publish","5":"product_cat-uncategorized-da","7":"first","8":"instock","9":"shipping-taxable","10":"purchasable","11":"product-type-simple"},"_links":{"self":[{"href":"https:\/\/nordicmart.andreevmaster.com\/da\/wp-json\/wp\/v2\/product\/29292","targetHints":{"allow":["GET"]}}],"collection":[{"href":"https:\/\/nordicmart.andreevmaster.com\/da\/wp-json\/wp\/v2\/product"}],"about":[{"href":"https:\/\/nordicmart.andreevmaster.com\/da\/wp-json\/wp\/v2\/types\/product"}],"replies":[{"embeddable":true,"href":"https:\/\/nordicmart.andreevmaster.com\/da\/wp-json\/wp\/v2\/comments?post=29292"}],"wp:attachment":[{"href":"https:\/\/nordicmart.andreevmaster.com\/da\/wp-json\/wp\/v2\/media?parent=29292"}],"wp:term":[{"taxonomy":"product_brand","embeddable":true,"href":"https:\/\/nordicmart.andreevmaster.com\/da\/wp-json\/wp\/v2\/product_brand?post=29292"},{"taxonomy":"product_cat","embeddable":true,"href":"https:\/\/nordicmart.andreevmaster.com\/da\/wp-json\/wp\/v2\/product_cat?post=29292"},{"taxonomy":"product_tag","embeddable":true,"href":"https:\/\/nordicmart.andreevmaster.com\/da\/wp-json\/wp\/v2\/product_tag?post=29292"}],"curies":[{"name":"wp","href":"https:\/\/api.w.org\/{rel}","templated":true}]}}