{"id":29291,"date":"2026-02-27T00:46:27","date_gmt":"2026-02-27T00:46:27","guid":{"rendered":"https:\/\/nordicmart.andreevmaster.com\/product\/bellamy-universal-sengeraeling-sne-tidlos-hvid\/"},"modified":"2026-02-27T09:22:36","modified_gmt":"2026-02-27T09:22:36","slug":"bellamy-universal-sengeraeling-sne-tidlos-hvid","status":"publish","type":"product","link":"https:\/\/nordicmart.andreevmaster.com\/da\/vare\/bellamy-universal-sengeraeling-sne-tidlos-hvid\/","title":{"rendered":"Bellamy Universal Senger\u00e6ling Sne\/Tidl\u00f8s Hvid"},"content":{"rendered":"<p>Den beskyttende barriere reducerer risikoen for at barnet falder ud af sengen under s\u00f8vn. Den er nem at samle og efterlader ingen m\u00e6rker p\u00e5 siderne af sengen. Passer til senge, som har en lige stang tykkelse p\u00e5 16-20 mm.<\/p>\n<p>M\u00e5l:<br \/>\nl\u00e6ngde: 90 cm<br \/>\ntotal h\u00f8jde: 27 cm<br \/>\ndybde: 10cm<br \/>\nAnbefalet madras h\u00f8jde: 7-15 cm<\/p>\n<p>Materialer:<br \/>\nMDF lakeret med b\u00f8rne-sikker maling<\/p>\n<p>Farve:<br \/>\n&#8211; hvid (passer  Royal tidl\u00f8s hvid, Lotta sne, So sixty, Tatam, Pinette )<\/p>\n<p>Brugsanvisning:<br \/>\nM\u00f8bler skal t\u00f8rres af med en bl\u00f8d bomuldsklud fugtet med vand eller m\u00f8belpolish.<\/p>\n<p>Yderligere oplysninger:<br \/>\nM\u00f8bler leveres i kasser til selvmontering. Kasse indeholder en detaljeret samlemanual sammen med udstyr (skruer osv.)<\/p>\n","protected":false},"excerpt":{"rendered":"<p>Den beskyttende barriere reducerer risikoen for at barnet falder ud af sengen under s\u00f8vn. Den er nem at samle og efterlader ingen m\u00e6rker p\u00e5 siderne af sengen. Passer til senge, som har en lige stang tykkelse p\u00e5 16-20 mm. M\u00e5l: l\u00e6ngde: 90 cm total h\u00f8jde: 27 cm dybde: 10cm Anbefalet madras h\u00f8jde: 7-15 cm Materialer: [&hellip;]<\/p>\n","protected":false},"featured_media":0,"comment_status":"open","ping_status":"closed","template":"","meta":[],"product_brand":[],"product_cat":[31],"product_tag":[],"class_list":{"0":"post-29291","1":"product","2":"type-product","3":"status-publish","5":"product_cat-uncategorized-da","7":"first","8":"instock","9":"shipping-taxable","10":"purchasable","11":"product-type-simple"},"_links":{"self":[{"href":"https:\/\/nordicmart.andreevmaster.com\/da\/wp-json\/wp\/v2\/product\/29291","targetHints":{"allow":["GET"]}}],"collection":[{"href":"https:\/\/nordicmart.andreevmaster.com\/da\/wp-json\/wp\/v2\/product"}],"about":[{"href":"https:\/\/nordicmart.andreevmaster.com\/da\/wp-json\/wp\/v2\/types\/product"}],"replies":[{"embeddable":true,"href":"https:\/\/nordicmart.andreevmaster.com\/da\/wp-json\/wp\/v2\/comments?post=29291"}],"wp:attachment":[{"href":"https:\/\/nordicmart.andreevmaster.com\/da\/wp-json\/wp\/v2\/media?parent=29291"}],"wp:term":[{"taxonomy":"product_brand","embeddable":true,"href":"https:\/\/nordicmart.andreevmaster.com\/da\/wp-json\/wp\/v2\/product_brand?post=29291"},{"taxonomy":"product_cat","embeddable":true,"href":"https:\/\/nordicmart.andreevmaster.com\/da\/wp-json\/wp\/v2\/product_cat?post=29291"},{"taxonomy":"product_tag","embeddable":true,"href":"https:\/\/nordicmart.andreevmaster.com\/da\/wp-json\/wp\/v2\/product_tag?post=29291"}],"curies":[{"name":"wp","href":"https:\/\/api.w.org\/{rel}","templated":true}]}}