{"id":29286,"date":"2026-02-27T00:46:25","date_gmt":"2026-02-27T00:46:25","guid":{"rendered":"https:\/\/nordicmart.andreevmaster.com\/product\/tatam-phoebe-reol\/"},"modified":"2026-02-27T09:22:35","modified_gmt":"2026-02-27T09:22:35","slug":"tatam-phoebe-reol","status":"publish","type":"product","link":"https:\/\/nordicmart.andreevmaster.com\/da\/vare\/tatam-phoebe-reol\/","title":{"rendered":"Tatam Phoebe  reol"},"content":{"rendered":"<p>Den nederste hyldeenhed af TATAM serien ideelt kompletterer ethvert b\u00f8rnev\u00e6relse. Den vil v\u00e6re perfekt til opbevaring af dit barns skatte, leget\u00f8j og endda t\u00f8j.<br \/>\nDe rummelige skabe vil huse alle n\u00f8dvendige ting, s\u00e5som: leget\u00f8j, t\u00f8j eller b\u00f8ger. <\/p>\n<p>N\u00f8glefordele:<br \/>\n &#8211; seks hylder<br \/>\n &#8211; to skabe<br \/>\n &#8211; to skuffer<br \/>\n &#8211; praktisk brug af toppen af reolen<br \/>\n &#8211; tidl\u00f8st design<br \/>\n &#8211; mulighed for montering til v\u00e6g \u2013 anbefales<br \/>\n &#8211; fri adgang til hylder for de yngste b\u00f8rn<br \/>\n &#8211; opfylder europ\u00e6iske sikkerhedsstandarder <\/p>\n<p>Finish og fremstillingsdetaljer:<br \/>\n &#8211; lavet af h\u00f8j-kvalitets laminatplade<br \/>\n &#8211; tr\u00e6 fyrretr\u00e6 struktur, krydsfiner <\/p>\n<p>Farver:<br \/>\n &#8211; hvid, fyrretr\u00e6 <\/p>\n<p>M\u00e5l (cm):<br \/>\n h\u00f8jde: 130<br \/>\n bredde: 89<br \/>\n dybde: 37 <\/p>\n<p>Brugsanvisning:<br \/>\n M\u00f8bler skal t\u00f8rres af med en bl\u00f8d bomuldsklud fugtet med vand eller m\u00f8belpolish. <\/p>\n<p>Yderligere oplysninger:<br \/>\n M\u00f8bler leveres i kasser til selvmontering. Kasser indeholder en detaljeret samlemanual sammen med udstyr (skruer osv.)<\/p>\n","protected":false},"excerpt":{"rendered":"<p>Den nederste hyldeenhed af TATAM serien ideelt kompletterer ethvert b\u00f8rnev\u00e6relse. Den vil v\u00e6re perfekt til opbevaring af dit barns skatte, leget\u00f8j og endda t\u00f8j. De rummelige skabe vil huse alle n\u00f8dvendige ting, s\u00e5som: leget\u00f8j, t\u00f8j eller b\u00f8ger. N\u00f8glefordele: &#8211; seks hylder &#8211; to skabe &#8211; to skuffer &#8211; praktisk brug af toppen af reolen &#8211; [&hellip;]<\/p>\n","protected":false},"featured_media":0,"comment_status":"open","ping_status":"closed","template":"","meta":[],"product_brand":[],"product_cat":[31],"product_tag":[],"class_list":{"0":"post-29286","1":"product","2":"type-product","3":"status-publish","5":"product_cat-uncategorized-da","7":"first","8":"instock","9":"shipping-taxable","10":"purchasable","11":"product-type-simple"},"_links":{"self":[{"href":"https:\/\/nordicmart.andreevmaster.com\/da\/wp-json\/wp\/v2\/product\/29286","targetHints":{"allow":["GET"]}}],"collection":[{"href":"https:\/\/nordicmart.andreevmaster.com\/da\/wp-json\/wp\/v2\/product"}],"about":[{"href":"https:\/\/nordicmart.andreevmaster.com\/da\/wp-json\/wp\/v2\/types\/product"}],"replies":[{"embeddable":true,"href":"https:\/\/nordicmart.andreevmaster.com\/da\/wp-json\/wp\/v2\/comments?post=29286"}],"wp:attachment":[{"href":"https:\/\/nordicmart.andreevmaster.com\/da\/wp-json\/wp\/v2\/media?parent=29286"}],"wp:term":[{"taxonomy":"product_brand","embeddable":true,"href":"https:\/\/nordicmart.andreevmaster.com\/da\/wp-json\/wp\/v2\/product_brand?post=29286"},{"taxonomy":"product_cat","embeddable":true,"href":"https:\/\/nordicmart.andreevmaster.com\/da\/wp-json\/wp\/v2\/product_cat?post=29286"},{"taxonomy":"product_tag","embeddable":true,"href":"https:\/\/nordicmart.andreevmaster.com\/da\/wp-json\/wp\/v2\/product_tag?post=29286"}],"curies":[{"name":"wp","href":"https:\/\/api.w.org\/{rel}","templated":true}]}}