{"id":29285,"date":"2026-02-27T00:46:25","date_gmt":"2026-02-27T00:46:25","guid":{"rendered":"https:\/\/nordicmart.andreevmaster.com\/product\/tatam-joey-reol\/"},"modified":"2026-02-27T09:22:35","modified_gmt":"2026-02-27T09:22:35","slug":"tatam-joey-reol","status":"publish","type":"product","link":"https:\/\/nordicmart.andreevmaster.com\/da\/vare\/tatam-joey-reol\/","title":{"rendered":"Tatam   Joey reol"},"content":{"rendered":"<p>Denne h\u00f8je og rummelige hyldeenhed formet som et hus, med hylder, skabe og skuffer af forskellige st\u00f8rrelser vil enable hver lille opdagelsesrejsende at lege kreativt og vil hj\u00e6lpe med at holde leget\u00f8j i skak.<br \/>\nDerudover vil den udvidelige leget\u00f8jskasse huse alle yndlingsting fra dit barn, hvorimod det bl\u00f8de s\u00e6de vil enable dem at sidde komfortabelt mens de leger eller taler med en ven.<br \/>\nDen gennembrudte form af dette m\u00f8belstykke vil ideelt eksponere alle elementer placeret p\u00e5 tr\u00e6hylderne. <\/p>\n<p>N\u00f8glefordele:<br \/>\n &#8211; fem hylder<br \/>\n &#8211; to skabe<br \/>\n &#8211; praktisk brug af toppen af reolen<br \/>\n &#8211; tidl\u00f8st design<br \/>\n &#8211; mulighed for montering til v\u00e6g \u2013 anbefales<br \/>\n &#8211; fri adgang til hylder for de yngste b\u00f8rn<br \/>\n &#8211; opfylder europ\u00e6iske sikkerhedsstandarder <\/p>\n<p>Finish og fremstillingsdetaljer:<br \/>\n &#8211; lavet af h\u00f8j-kvalitets laminatplade<br \/>\n &#8211; tr\u00e6 fyrretr\u00e6 struktur, krydsfiner<\/p>\n<p> Farver:<br \/>\n &#8211; hvid, fyrretr\u00e6 <\/p>\n<p>M\u00e5l (cm):<br \/>\n h\u00f8jde: 160<br \/>\n bredde: 46<br \/>\n dybde: 37 <\/p>\n<p>Brugsanvisning:<br \/>\n M\u00f8bler skal t\u00f8rres af med en bl\u00f8d bomuldsklud fugtet med vand eller m\u00f8belpolish. <\/p>\n<p>Yderligere oplysninger:<br \/>\n M\u00f8bler leveres i kasser til selvmontering. Kasser indeholder en detaljeret samlemanual sammen med udstyr (skruer osv.)<\/p>\n","protected":false},"excerpt":{"rendered":"<p>Denne h\u00f8je og rummelige hyldeenhed formet som et hus, med hylder, skabe og skuffer af forskellige st\u00f8rrelser vil enable hver lille opdagelsesrejsende at lege kreativt og vil hj\u00e6lpe med at holde leget\u00f8j i skak. Derudover vil den udvidelige leget\u00f8jskasse huse alle yndlingsting fra dit barn, hvorimod det bl\u00f8de s\u00e6de vil enable dem at sidde komfortabelt [&hellip;]<\/p>\n","protected":false},"featured_media":0,"comment_status":"open","ping_status":"closed","template":"","meta":[],"product_brand":[],"product_cat":[31],"product_tag":[],"class_list":{"0":"post-29285","1":"product","2":"type-product","3":"status-publish","5":"product_cat-uncategorized-da","7":"first","8":"instock","9":"shipping-taxable","10":"purchasable","11":"product-type-simple"},"_links":{"self":[{"href":"https:\/\/nordicmart.andreevmaster.com\/da\/wp-json\/wp\/v2\/product\/29285","targetHints":{"allow":["GET"]}}],"collection":[{"href":"https:\/\/nordicmart.andreevmaster.com\/da\/wp-json\/wp\/v2\/product"}],"about":[{"href":"https:\/\/nordicmart.andreevmaster.com\/da\/wp-json\/wp\/v2\/types\/product"}],"replies":[{"embeddable":true,"href":"https:\/\/nordicmart.andreevmaster.com\/da\/wp-json\/wp\/v2\/comments?post=29285"}],"wp:attachment":[{"href":"https:\/\/nordicmart.andreevmaster.com\/da\/wp-json\/wp\/v2\/media?parent=29285"}],"wp:term":[{"taxonomy":"product_brand","embeddable":true,"href":"https:\/\/nordicmart.andreevmaster.com\/da\/wp-json\/wp\/v2\/product_brand?post=29285"},{"taxonomy":"product_cat","embeddable":true,"href":"https:\/\/nordicmart.andreevmaster.com\/da\/wp-json\/wp\/v2\/product_cat?post=29285"},{"taxonomy":"product_tag","embeddable":true,"href":"https:\/\/nordicmart.andreevmaster.com\/da\/wp-json\/wp\/v2\/product_tag?post=29285"}],"curies":[{"name":"wp","href":"https:\/\/api.w.org\/{rel}","templated":true}]}}