{"id":29284,"date":"2026-02-27T00:46:25","date_gmt":"2026-02-27T00:46:25","guid":{"rendered":"https:\/\/nordicmart.andreevmaster.com\/product\/tatam-skuffe-70x140\/"},"modified":"2026-02-27T09:22:34","modified_gmt":"2026-02-27T09:22:34","slug":"tatam-skuffe-70x140","status":"publish","type":"product","link":"https:\/\/nordicmart.andreevmaster.com\/da\/vare\/tatam-skuffe-70x140\/","title":{"rendered":"Tatam skuffe 70&#215;140"},"content":{"rendered":"<p>En skuffe til en babyseng 70&#215;140 <\/p>\n<p>Produktegenskaber: <\/p>\n<p>&#8211; en skuffe p\u00e5 hjul med et gummihjul, sikker for gulvet   <\/p>\n<p>&#8211; fremstillet i henhold til europ\u00e6iske standarder og sikkerhedsnormer <\/p>\n<p>M\u00e5l (cm): <\/p>\n<p>&#8211; l\u00e6ngde: 139.7 <\/p>\n<p>&#8211; h\u00f8jde: 17.5 <\/p>\n<p>&#8211; bredde: 73 <\/p>\n<p>M\u00f8bel fremstilling og finish: <\/p>\n<p>&#8211; h\u00f8j kvalitet laminatplade, modstandsdygtig over for skader og fugt, let at holde ren <\/p>\n<p>Farve:  <\/p>\n<p>&#8211; hvid <\/p>\n<p>Brugsanvisning: <\/p>\n<p>M\u00f8blerne skal t\u00f8rres af med en bl\u00f8d bomuldsklud fugtet med vand eller et m\u00f8belplejeprodukt. <\/p>\n<p>Samling: <\/p>\n<p>M\u00f8blerne leveres i pakker til selvmontering. Detaljerede samlevejledninger findes i pakkerne sammen med udstyret.<\/p>\n","protected":false},"excerpt":{"rendered":"<p>En skuffe til en babyseng 70&#215;140 Produktegenskaber: &#8211; en skuffe p\u00e5 hjul med et gummihjul, sikker for gulvet &#8211; fremstillet i henhold til europ\u00e6iske standarder og sikkerhedsnormer M\u00e5l (cm): &#8211; l\u00e6ngde: 139.7 &#8211; h\u00f8jde: 17.5 &#8211; bredde: 73 M\u00f8bel fremstilling og finish: &#8211; h\u00f8j kvalitet laminatplade, modstandsdygtig over for skader og fugt, let at holde [&hellip;]<\/p>\n","protected":false},"featured_media":0,"comment_status":"open","ping_status":"closed","template":"","meta":[],"product_brand":[],"product_cat":[31],"product_tag":[],"class_list":{"0":"post-29284","1":"product","2":"type-product","3":"status-publish","5":"product_cat-uncategorized-da","7":"first","8":"instock","9":"shipping-taxable","10":"purchasable","11":"product-type-simple"},"_links":{"self":[{"href":"https:\/\/nordicmart.andreevmaster.com\/da\/wp-json\/wp\/v2\/product\/29284","targetHints":{"allow":["GET"]}}],"collection":[{"href":"https:\/\/nordicmart.andreevmaster.com\/da\/wp-json\/wp\/v2\/product"}],"about":[{"href":"https:\/\/nordicmart.andreevmaster.com\/da\/wp-json\/wp\/v2\/types\/product"}],"replies":[{"embeddable":true,"href":"https:\/\/nordicmart.andreevmaster.com\/da\/wp-json\/wp\/v2\/comments?post=29284"}],"wp:attachment":[{"href":"https:\/\/nordicmart.andreevmaster.com\/da\/wp-json\/wp\/v2\/media?parent=29284"}],"wp:term":[{"taxonomy":"product_brand","embeddable":true,"href":"https:\/\/nordicmart.andreevmaster.com\/da\/wp-json\/wp\/v2\/product_brand?post=29284"},{"taxonomy":"product_cat","embeddable":true,"href":"https:\/\/nordicmart.andreevmaster.com\/da\/wp-json\/wp\/v2\/product_cat?post=29284"},{"taxonomy":"product_tag","embeddable":true,"href":"https:\/\/nordicmart.andreevmaster.com\/da\/wp-json\/wp\/v2\/product_tag?post=29284"}],"curies":[{"name":"wp","href":"https:\/\/api.w.org\/{rel}","templated":true}]}}