{"id":29283,"date":"2026-02-27T00:46:24","date_gmt":"2026-02-27T00:46:24","guid":{"rendered":"https:\/\/nordicmart.andreevmaster.com\/product\/tatam-babyseng-70x140\/"},"modified":"2026-02-27T09:22:34","modified_gmt":"2026-02-27T09:22:34","slug":"tatam-babyseng-70x140","status":"publish","type":"product","link":"https:\/\/nordicmart.andreevmaster.com\/da\/vare\/tatam-babyseng-70x140\/","title":{"rendered":"Tatam babyseng 70&#215;140"},"content":{"rendered":"<p>Babyseng 70&#215;140 <\/p>\n<p>Hovedfordele: <\/p>\n<p>&#8211; eco smart l\u00f8sninger: <\/p>\n<p>->kan transformeres til en sofa <\/p>\n<p>-> muligheden for transformation til en sofa ved adskillelse af rammerne og st\u00f8dd\u00e6mpere <\/p>\n<p>-> s\u00e6ttet inkluderer to beskyttelses barrierer der er skabt under transformationen af babysengen til en seng og beskytter barnet fra at falde ud af babysengen under s\u00f8vn <\/p>\n<p>&#8211; tre aftagelige pinde i en af babysengens rammer for nem ind- og udgang fra babysengen, <\/p>\n<p>&#8211; tre niveauer af madras ramme justeret til barnets udvikling (placeret i en h\u00f8jde af 59.5\/45.5\/28 cm fra gulvet), <\/p>\n<p>&#8211; en skuffe p\u00e5 hjul, udstyret med praktiske gummib\u00e5nd for at forhindre ridser af overfladen (skuffen er en option &#8211; det er muligt at k\u00f8be den) <\/p>\n<p>&#8211; fremstillet i henhold til de europ\u00e6iske sikkerhedsstandarder og normer <\/p>\n<p>M\u00e5l (cm): <\/p>\n<p>l\u00e6ngde: 147,5 <\/p>\n<p>bredde: 77,7 <\/p>\n<p>h\u00f8jde: 91,6 <\/p>\n<p>Yderligere oplysninger : <\/p>\n<p>-en seng kan udstyres med en madras <\/p>\n<p>&#8211; dimensioner: 140cmx70 cm <\/p>\n<p>-brugsperiode: op til omkring 6 \u00e5rs alder.   <\/p>\n<p>Design og finish: <\/p>\n<p>&#8211; h\u00f8j kvalitet laminatplade modstandsdygtig over for skader og fugt, let at holde ren. <\/p>\n<p>&#8211; fyrretr\u00e6 (p\u00e5 grund af det er et naturligt materiale, farveforskelle iboende til dette materiale er mulige), <\/p>\n<p>&#8211; b\u00f8getr\u00e6, lakeret med hvid maling som er sikker for b\u00f8rn, <\/p>\n<p>&#8211; b\u00f8ge krydsfiner.   <\/p>\n<p>Farve: <\/p>\n<p>-hvid\/ fyrretr\u00e6 <\/p>\n<p>Brugsanvisning: <\/p>\n<p>M\u00f8blerne skal t\u00f8rres af med en bl\u00f8d bomuldsklud fugtet med vand eller et m\u00f8belplejeprodukt. <\/p>\n<p>Samling: M\u00f8blerne leveres i pakker til selvmontering. Detaljerede samlevejledninger findes i pakkerne sammen med udstyret.<\/p>\n","protected":false},"excerpt":{"rendered":"<p>Babyseng 70&#215;140 Hovedfordele: &#8211; eco smart l\u00f8sninger: ->kan transformeres til en sofa -> muligheden for transformation til en sofa ved adskillelse af rammerne og st\u00f8dd\u00e6mpere -> s\u00e6ttet inkluderer to beskyttelses barrierer der er skabt under transformationen af babysengen til en seng og beskytter barnet fra at falde ud af babysengen under s\u00f8vn &#8211; tre aftagelige [&hellip;]<\/p>\n","protected":false},"featured_media":0,"comment_status":"open","ping_status":"closed","template":"","meta":[],"product_brand":[],"product_cat":[31],"product_tag":[],"class_list":{"0":"post-29283","1":"product","2":"type-product","3":"status-publish","5":"product_cat-uncategorized-da","7":"first","8":"instock","9":"shipping-taxable","10":"purchasable","11":"product-type-simple"},"_links":{"self":[{"href":"https:\/\/nordicmart.andreevmaster.com\/da\/wp-json\/wp\/v2\/product\/29283","targetHints":{"allow":["GET"]}}],"collection":[{"href":"https:\/\/nordicmart.andreevmaster.com\/da\/wp-json\/wp\/v2\/product"}],"about":[{"href":"https:\/\/nordicmart.andreevmaster.com\/da\/wp-json\/wp\/v2\/types\/product"}],"replies":[{"embeddable":true,"href":"https:\/\/nordicmart.andreevmaster.com\/da\/wp-json\/wp\/v2\/comments?post=29283"}],"wp:attachment":[{"href":"https:\/\/nordicmart.andreevmaster.com\/da\/wp-json\/wp\/v2\/media?parent=29283"}],"wp:term":[{"taxonomy":"product_brand","embeddable":true,"href":"https:\/\/nordicmart.andreevmaster.com\/da\/wp-json\/wp\/v2\/product_brand?post=29283"},{"taxonomy":"product_cat","embeddable":true,"href":"https:\/\/nordicmart.andreevmaster.com\/da\/wp-json\/wp\/v2\/product_cat?post=29283"},{"taxonomy":"product_tag","embeddable":true,"href":"https:\/\/nordicmart.andreevmaster.com\/da\/wp-json\/wp\/v2\/product_tag?post=29283"}],"curies":[{"name":"wp","href":"https:\/\/api.w.org\/{rel}","templated":true}]}}