{"id":29282,"date":"2026-02-27T00:46:24","date_gmt":"2026-02-27T00:46:24","guid":{"rendered":"https:\/\/nordicmart.andreevmaster.com\/product\/tatam-3-skuffers-kommode\/"},"modified":"2026-02-27T09:22:34","modified_gmt":"2026-02-27T09:22:34","slug":"tatam-3-skuffers-kommode","status":"publish","type":"product","link":"https:\/\/nordicmart.andreevmaster.com\/da\/vare\/tatam-3-skuffers-kommode\/","title":{"rendered":"Tatam 3-skuffers kommode"},"content":{"rendered":"<p>3-skuffers kommode <\/p>\n<p>Hovedfordele: <\/p>\n<p>&#8211; tre rummelige skuffer <\/p>\n<p>&#8211; skuffer \u00e5bner med &#8220;push to open&#8221; system, <\/p>\n<p>&#8211; 2 hylder, <\/p>\n<p>-forberedt til samling af pusleenhed , <\/p>\n<p>&#8211; kan monteres til v\u00e6g \u2013 anbefales, <\/p>\n<p>&#8211; overholder europ\u00e6iske sikkerhedsstandarder og normer.   <\/p>\n<p>M\u00e5l (cm): <\/p>\n<p>h\u00f8jde: 91,6 <\/p>\n<p>dybde: 50 <\/p>\n<p>bredde: 100 <\/p>\n<p>Design og finish: <\/p>\n<p>&#8211;  h\u00f8j kvalitet laminatplade modstandsdygtig over for skader og fugt, let at holde ren, <\/p>\n<p>&#8211;  fyrretr\u00e6 (p\u00e5 grund af det er et naturligt materiale, farveforskelle iboende til dette materiale er mulige). <\/p>\n<p>Farve: <\/p>\n<p>-hvid\/ fyrretr\u00e6 <\/p>\n<p>Brugsanvisning: <\/p>\n<p>M\u00f8blerne skal t\u00f8rres af med en bl\u00f8d bomuldsklud fugtet med vand eller et m\u00f8belplejeprodukt. <\/p>\n<p>Samling: M\u00f8blerne leveres i pakker til selvmontering. Detaljerede samlevejledninger findes i pakkerne sammen med udstyret.<\/p>\n","protected":false},"excerpt":{"rendered":"<p>3-skuffers kommode Hovedfordele: &#8211; tre rummelige skuffer &#8211; skuffer \u00e5bner med &#8220;push to open&#8221; system, &#8211; 2 hylder, -forberedt til samling af pusleenhed , &#8211; kan monteres til v\u00e6g \u2013 anbefales, &#8211; overholder europ\u00e6iske sikkerhedsstandarder og normer. M\u00e5l (cm): h\u00f8jde: 91,6 dybde: 50 bredde: 100 Design og finish: &#8211; h\u00f8j kvalitet laminatplade modstandsdygtig over for [&hellip;]<\/p>\n","protected":false},"featured_media":0,"comment_status":"open","ping_status":"closed","template":"","meta":[],"product_brand":[],"product_cat":[31],"product_tag":[],"class_list":{"0":"post-29282","1":"product","2":"type-product","3":"status-publish","5":"product_cat-uncategorized-da","7":"first","8":"instock","9":"shipping-taxable","10":"purchasable","11":"product-type-simple"},"_links":{"self":[{"href":"https:\/\/nordicmart.andreevmaster.com\/da\/wp-json\/wp\/v2\/product\/29282","targetHints":{"allow":["GET"]}}],"collection":[{"href":"https:\/\/nordicmart.andreevmaster.com\/da\/wp-json\/wp\/v2\/product"}],"about":[{"href":"https:\/\/nordicmart.andreevmaster.com\/da\/wp-json\/wp\/v2\/types\/product"}],"replies":[{"embeddable":true,"href":"https:\/\/nordicmart.andreevmaster.com\/da\/wp-json\/wp\/v2\/comments?post=29282"}],"wp:attachment":[{"href":"https:\/\/nordicmart.andreevmaster.com\/da\/wp-json\/wp\/v2\/media?parent=29282"}],"wp:term":[{"taxonomy":"product_brand","embeddable":true,"href":"https:\/\/nordicmart.andreevmaster.com\/da\/wp-json\/wp\/v2\/product_brand?post=29282"},{"taxonomy":"product_cat","embeddable":true,"href":"https:\/\/nordicmart.andreevmaster.com\/da\/wp-json\/wp\/v2\/product_cat?post=29282"},{"taxonomy":"product_tag","embeddable":true,"href":"https:\/\/nordicmart.andreevmaster.com\/da\/wp-json\/wp\/v2\/product_tag?post=29282"}],"curies":[{"name":"wp","href":"https:\/\/api.w.org\/{rel}","templated":true}]}}