{"id":29281,"date":"2026-02-27T00:46:24","date_gmt":"2026-02-27T00:46:24","guid":{"rendered":"https:\/\/nordicmart.andreevmaster.com\/product\/tooky-toy-pink-trae-makeup-toiletbord-med-spejl\/"},"modified":"2026-02-27T09:22:34","modified_gmt":"2026-02-27T09:22:34","slug":"tooky-toy-pink-trae-makeup-toiletbord-med-spejl","status":"publish","type":"product","link":"https:\/\/nordicmart.andreevmaster.com\/da\/vare\/tooky-toy-pink-trae-makeup-toiletbord-med-spejl\/","title":{"rendered":"TOOKY TOY Pink Tr\u00e6 Makeup Toiletbord med Spejl"},"content":{"rendered":"<p>Dette smukke pink toiletbord fra Tooky Toy er det perfekte m\u00f8belstykke til ethvert pigev\u00e6relse. Toiletbordet har to udtr\u00e6kkelige skuffer, hvor din lille prinsesse kan opbevare sine skatte. S\u00e6ttet inkluderer ogs\u00e5 adskillige tilbeh\u00f8r. Hele stykket er lavet af tr\u00e6 og malet med ikke-giftige maling, der er sikre for b\u00f8rn og milj\u00f8et.<\/p>\n<p>Funktioner:<\/p>\n<p>* &#8211; toiletbordet har to udtr\u00e6kkelige skuffer og et spejl, lavet helt af tr\u00e6,<br \/>\n* &#8211; s\u00e6ttet inkluderer tr\u00e6 tilbeh\u00f8r: neglelak, l\u00e6bestift, armb\u00e5nd, \u00f8reringe, h\u00e5rb\u00f8rste, parfume, pudder compact og \u00f8jenskygge,<br \/>\n* &#8211; takket v\u00e6re toiletbordet kan piger g\u00f8re deres makeup sammen med deres m\u00f8dre,<br \/>\n* &#8211; hele s\u00e6ttet er i en delikat pink farveskema,<br \/>\n* &#8211; leget\u00f8jet har ingen skarpe kanter,<br \/>\n* &#8211; malet med ikke-giftige maling,<br \/>\n* &#8211; produktet er lavet af h\u00f8jeste kvalitet materialer.<\/p>\n<p>Leget\u00f8jet udvikler:<\/p>\n<p>* &#8211; kreativitet,<br \/>\n* &#8211; manuelle f\u00e6rdigheder,<br \/>\n* &#8211; imagination,<br \/>\n* &#8211; pr\u00e6cision af bev\u00e6gelse.<\/p>\n<p>Tooky Toy er en virksomhed, der fremstiller tr\u00e6 leget\u00f8j til b\u00f8rn og har v\u00e6ret p\u00e5 markedet siden 2004. Over et \u00e5rti med erfaring i branchen garanterer h\u00f8j kvalitet produkter fremstillet med b\u00f8rns sikkerhed i tankerne. Tooky Toy leget\u00f8j har adskillige certifikater, der bekr\u00e6fter sikkerheden af disse \u00f8ko-venlige produkter. Leget\u00f8jet er vel-gladet, fri for splinter og skarpe kanter og d\u00e6kket kun med sikre, ikke-giftige maling, farvestoffer og lakker. Alt dette g\u00f8r Tooky Toy leget\u00f8j elsket af b\u00f8rn og v\u00e6rdsat af for\u00e6ldre rundt om i verden.<\/p>\n","protected":false},"excerpt":{"rendered":"<p>Dette smukke pink toiletbord fra Tooky Toy er det perfekte m\u00f8belstykke til ethvert pigev\u00e6relse. Toiletbordet har to udtr\u00e6kkelige skuffer, hvor din lille prinsesse kan opbevare sine skatte. S\u00e6ttet inkluderer ogs\u00e5 adskillige tilbeh\u00f8r. Hele stykket er lavet af tr\u00e6 og malet med ikke-giftige maling, der er sikre for b\u00f8rn og milj\u00f8et. Funktioner: * &#8211; toiletbordet har [&hellip;]<\/p>\n","protected":false},"featured_media":0,"comment_status":"open","ping_status":"closed","template":"","meta":[],"product_brand":[],"product_cat":[31],"product_tag":[],"class_list":{"0":"post-29281","1":"product","2":"type-product","3":"status-publish","5":"product_cat-uncategorized-da","7":"first","8":"instock","9":"shipping-taxable","10":"purchasable","11":"product-type-simple"},"_links":{"self":[{"href":"https:\/\/nordicmart.andreevmaster.com\/da\/wp-json\/wp\/v2\/product\/29281","targetHints":{"allow":["GET"]}}],"collection":[{"href":"https:\/\/nordicmart.andreevmaster.com\/da\/wp-json\/wp\/v2\/product"}],"about":[{"href":"https:\/\/nordicmart.andreevmaster.com\/da\/wp-json\/wp\/v2\/types\/product"}],"replies":[{"embeddable":true,"href":"https:\/\/nordicmart.andreevmaster.com\/da\/wp-json\/wp\/v2\/comments?post=29281"}],"wp:attachment":[{"href":"https:\/\/nordicmart.andreevmaster.com\/da\/wp-json\/wp\/v2\/media?parent=29281"}],"wp:term":[{"taxonomy":"product_brand","embeddable":true,"href":"https:\/\/nordicmart.andreevmaster.com\/da\/wp-json\/wp\/v2\/product_brand?post=29281"},{"taxonomy":"product_cat","embeddable":true,"href":"https:\/\/nordicmart.andreevmaster.com\/da\/wp-json\/wp\/v2\/product_cat?post=29281"},{"taxonomy":"product_tag","embeddable":true,"href":"https:\/\/nordicmart.andreevmaster.com\/da\/wp-json\/wp\/v2\/product_tag?post=29281"}],"curies":[{"name":"wp","href":"https:\/\/api.w.org\/{rel}","templated":true}]}}