{"id":29279,"date":"2026-02-27T00:46:23","date_gmt":"2026-02-27T00:46:23","guid":{"rendered":"https:\/\/nordicmart.andreevmaster.com\/product\/tooky-toy-boks-xxl-montessori-paedagogisk-6-i-1-sensorisk-19-24-maneder\/"},"modified":"2026-02-27T09:22:33","modified_gmt":"2026-02-27T09:22:33","slug":"tooky-toy-boks-xxl-montessori-paedagogisk-6-i-1-sensorisk-19-24-maneder","status":"publish","type":"product","link":"https:\/\/nordicmart.andreevmaster.com\/da\/vare\/tooky-toy-boks-xxl-montessori-paedagogisk-6-i-1-sensorisk-19-24-maneder\/","title":{"rendered":"TOOKY TOY Boks XXL Montessori P\u00e6dagogisk 6-i-1 Sensorisk 19-24 M\u00e5neder"},"content":{"rendered":"<p>Tooky Toy p\u00e6dagogiske boks er designet til b\u00f8rn fra 19 m\u00e5neder og \u00e6ldre. Den indeholder 6 sensoriske og Montessori p\u00e6dagogiske leget\u00f8j, der st\u00f8tter dit barns sunde psykomotoriske udvikling og stimulerer deres sanser: syn, ber\u00f8ring og h\u00f8relse. Den udvikler ogs\u00e5 logisk t\u00e6nkning og h\u00e5nd-\u00f8je koordination. Der er ogs\u00e5 en detaljeret guide til for\u00e6ldre, som vil hj\u00e6lpe dig med at l\u00e6re hvorn\u00e5r du skal introducere leget\u00f8jet til dit barn og hvordan man leger med det. Tooky Toy p\u00e6dagogiske boks er egnet som gave til en toddler.<\/p>\n<p>Boksen indeholder 6 p\u00e6dagogiske leget\u00f8j til b\u00f8rn fra 19 m\u00e5neder og \u00e6ldre i \u00e9n pakke:<\/p>\n<p>* &#8211; et tr\u00e6 folde puslespil best\u00e5ende af 4 brikker,<br \/>\n* &#8211; en hund p\u00e5 hjul med en snor at tr\u00e6kke,<br \/>\n* &#8211; perler med en snor, en tr\u00e6 n\u00e5l og en pose,<br \/>\n* &#8211; en multi-aktivitet trekant med en sorterer, labyrint, gear og abacus,<br \/>\n* &#8211; arrangere billeder fra roterende blokke,<br \/>\n* &#8211; &#8220;Lille og Stor&#8221; billedbog.<\/p>\n<p>Tooky Toy er en virksomhed, der fremstiller tr\u00e6 leget\u00f8j til b\u00f8rn og har v\u00e6ret p\u00e5 markedet siden 2004. Over et \u00e5rti med erfaring i branchen garanterer h\u00f8j kvalitet produkter fremstillet med b\u00f8rns sikkerhed i tankerne. Tooky Toy leget\u00f8j har adskillige certifikater, der bekr\u00e6fter sikkerheden af disse \u00f8ko-venlige produkter. Leget\u00f8jet er vel-gladet, fri for splinter og skarpe kanter og d\u00e6kket kun med sikre, ikke-giftige maling, farvestoffer og lakker. Alt dette g\u00f8r Tooky Toy leget\u00f8j elsket af b\u00f8rn og v\u00e6rdsat af for\u00e6ldre rundt om i verden.<\/p>\n","protected":false},"excerpt":{"rendered":"<p>Tooky Toy p\u00e6dagogiske boks er designet til b\u00f8rn fra 19 m\u00e5neder og \u00e6ldre. Den indeholder 6 sensoriske og Montessori p\u00e6dagogiske leget\u00f8j, der st\u00f8tter dit barns sunde psykomotoriske udvikling og stimulerer deres sanser: syn, ber\u00f8ring og h\u00f8relse. Den udvikler ogs\u00e5 logisk t\u00e6nkning og h\u00e5nd-\u00f8je koordination. Der er ogs\u00e5 en detaljeret guide til for\u00e6ldre, som vil hj\u00e6lpe [&hellip;]<\/p>\n","protected":false},"featured_media":0,"comment_status":"open","ping_status":"closed","template":"","meta":[],"product_brand":[],"product_cat":[31],"product_tag":[],"class_list":{"0":"post-29279","1":"product","2":"type-product","3":"status-publish","5":"product_cat-uncategorized-da","7":"first","8":"instock","9":"shipping-taxable","10":"purchasable","11":"product-type-simple"},"_links":{"self":[{"href":"https:\/\/nordicmart.andreevmaster.com\/da\/wp-json\/wp\/v2\/product\/29279","targetHints":{"allow":["GET"]}}],"collection":[{"href":"https:\/\/nordicmart.andreevmaster.com\/da\/wp-json\/wp\/v2\/product"}],"about":[{"href":"https:\/\/nordicmart.andreevmaster.com\/da\/wp-json\/wp\/v2\/types\/product"}],"replies":[{"embeddable":true,"href":"https:\/\/nordicmart.andreevmaster.com\/da\/wp-json\/wp\/v2\/comments?post=29279"}],"wp:attachment":[{"href":"https:\/\/nordicmart.andreevmaster.com\/da\/wp-json\/wp\/v2\/media?parent=29279"}],"wp:term":[{"taxonomy":"product_brand","embeddable":true,"href":"https:\/\/nordicmart.andreevmaster.com\/da\/wp-json\/wp\/v2\/product_brand?post=29279"},{"taxonomy":"product_cat","embeddable":true,"href":"https:\/\/nordicmart.andreevmaster.com\/da\/wp-json\/wp\/v2\/product_cat?post=29279"},{"taxonomy":"product_tag","embeddable":true,"href":"https:\/\/nordicmart.andreevmaster.com\/da\/wp-json\/wp\/v2\/product_tag?post=29279"}],"curies":[{"name":"wp","href":"https:\/\/api.w.org\/{rel}","templated":true}]}}