{"id":29278,"date":"2026-02-27T00:46:23","date_gmt":"2026-02-27T00:46:23","guid":{"rendered":"https:\/\/nordicmart.andreevmaster.com\/product\/tooky-toy-trae-pink-toiletbord-med-stol\/"},"modified":"2026-02-27T09:22:33","modified_gmt":"2026-02-27T09:22:33","slug":"tooky-toy-trae-pink-toiletbord-med-stol","status":"publish","type":"product","link":"https:\/\/nordicmart.andreevmaster.com\/da\/vare\/tooky-toy-trae-pink-toiletbord-med-stol\/","title":{"rendered":"TOOKY TOY Tr\u00e6 Pink Toiletbord med Stol"},"content":{"rendered":"<p>Tr\u00e6 b\u00f8rne toiletbord med stol fra TOOKY TOY. Hver pige fortjener et smukt toiletbord med et stort spejl og stol i hendes sovev\u00e6relse, s\u00e5 hun kan se smuk ud hver dag. Toiletbordet er lavet af massivt tr\u00e6 og dekoreret med hvide og pink prikker. Funktioner:<\/p>\n<p>* &#8211; leget\u00f8j til b\u00f8rn over 3 \u00e5r,<br \/>\n* &#8211; tr\u00e6 toiletbord til b\u00f8rn med en stol og spejl,<br \/>\n* &#8211; lavet af massivt tr\u00e6,<br \/>\n* &#8211; toiletbordet har en lille pink skuffe til personlige ting,<br \/>\n* &#8211; toiletbord solgt uden tilbeh\u00f8r<\/p>\n<p>Leg udvikler:<\/p>\n<p>* &#8211; rollespil og imagination,<br \/>\n* &#8211; kreativitet og imagination,<br \/>\n* &#8211; selv-tillid og selv-v\u00e6rd,<br \/>\n* &#8211; h\u00e5nd-\u00f8je koordination<\/p>\n<p>DIMENSIONER:<\/p>\n<p>\u2714 H\u00f8jde &#8211; 84.5 cm<\/p>\n<p>\u2714 Bredde &#8211; 51.3 cm<\/p>\n<p>\u2714 Dybde &#8211; 30 cm<\/p>\n","protected":false},"excerpt":{"rendered":"<p>Tr\u00e6 b\u00f8rne toiletbord med stol fra TOOKY TOY. Hver pige fortjener et smukt toiletbord med et stort spejl og stol i hendes sovev\u00e6relse, s\u00e5 hun kan se smuk ud hver dag. Toiletbordet er lavet af massivt tr\u00e6 og dekoreret med hvide og pink prikker. Funktioner: * &#8211; leget\u00f8j til b\u00f8rn over 3 \u00e5r, * &#8211; [&hellip;]<\/p>\n","protected":false},"featured_media":0,"comment_status":"open","ping_status":"closed","template":"","meta":[],"product_brand":[],"product_cat":[31],"product_tag":[],"class_list":{"0":"post-29278","1":"product","2":"type-product","3":"status-publish","5":"product_cat-uncategorized-da","7":"first","8":"instock","9":"shipping-taxable","10":"purchasable","11":"product-type-simple"},"_links":{"self":[{"href":"https:\/\/nordicmart.andreevmaster.com\/da\/wp-json\/wp\/v2\/product\/29278","targetHints":{"allow":["GET"]}}],"collection":[{"href":"https:\/\/nordicmart.andreevmaster.com\/da\/wp-json\/wp\/v2\/product"}],"about":[{"href":"https:\/\/nordicmart.andreevmaster.com\/da\/wp-json\/wp\/v2\/types\/product"}],"replies":[{"embeddable":true,"href":"https:\/\/nordicmart.andreevmaster.com\/da\/wp-json\/wp\/v2\/comments?post=29278"}],"wp:attachment":[{"href":"https:\/\/nordicmart.andreevmaster.com\/da\/wp-json\/wp\/v2\/media?parent=29278"}],"wp:term":[{"taxonomy":"product_brand","embeddable":true,"href":"https:\/\/nordicmart.andreevmaster.com\/da\/wp-json\/wp\/v2\/product_brand?post=29278"},{"taxonomy":"product_cat","embeddable":true,"href":"https:\/\/nordicmart.andreevmaster.com\/da\/wp-json\/wp\/v2\/product_cat?post=29278"},{"taxonomy":"product_tag","embeddable":true,"href":"https:\/\/nordicmart.andreevmaster.com\/da\/wp-json\/wp\/v2\/product_tag?post=29278"}],"curies":[{"name":"wp","href":"https:\/\/api.w.org\/{rel}","templated":true}]}}