{"id":29277,"date":"2026-02-27T00:46:23","date_gmt":"2026-02-27T00:46:23","guid":{"rendered":"https:\/\/nordicmart.andreevmaster.com\/product\/tooky-toy-moderne-trae-kokken-tilbehor\/"},"modified":"2026-02-27T09:22:33","modified_gmt":"2026-02-27T09:22:33","slug":"tooky-toy-moderne-trae-kokken-tilbehor","status":"publish","type":"product","link":"https:\/\/nordicmart.andreevmaster.com\/da\/vare\/tooky-toy-moderne-trae-kokken-tilbehor\/","title":{"rendered":"TOOKY TOY Moderne Tr\u00e6 K\u00f8kken Tilbeh\u00f8r"},"content":{"rendered":"<p>Det moderne tr\u00e6k\u00f8kken fra Tooky Toy er et tidl\u00f8st og yndlings leget\u00f8j for b\u00f8rn over 3 \u00e5r, som vil transportere dem ind i madlavningens verden. K\u00f8kkenet er fuldt udstyret med tilbeh\u00f8r og apparater, der simulerer et rigtigt k\u00f8kken, hvilket g\u00f8r det ideelt til rollespilslege, s\u00e5 b\u00f8rn kan efterligne voksnes hverdag.<\/p>\n<p>Tr\u00e6konstruktionen af k\u00f8kkenet garanterer holdbarhed og \u00e6stetik og giver ogs\u00e5 en realistisk oplevelse under leg.<\/p>\n<p>K\u00f8kkenudstyr:<\/p>\n<p>&#8211; k\u00f8leskab med dispenser<\/p>\n<p>&#8211; mikrob\u00f8lgeovn<\/p>\n<p>&#8211; induktionskogeplade<\/p>\n<p>&#8211; vask<\/p>\n<p>&#8211; gryde<\/p>\n<p>&#8211; stegepande<\/p>\n<p>&#8211; tr\u00e6 spatler<\/p>\n<p>&#8211; kop<\/p>\n<p>&#8211; 2 isterninger<\/p>\n<p>&#8211; salt og peber shakere<\/p>\n<p>At lege med tr\u00e6k\u00f8kkenet fra Tooky Toy giver ikke kun gl\u00e6de og underholdning, men udvikler ogs\u00e5 barnets imagination, motorisk koordination og sociale f\u00e6rdigheder. Det er en omfattende oplevelse, der kombinerer uddannelse og kreativitet og stimulerer udviklingen af b\u00f8rn p\u00e5 mange niveauer.<\/p>\n","protected":false},"excerpt":{"rendered":"<p>Det moderne tr\u00e6k\u00f8kken fra Tooky Toy er et tidl\u00f8st og yndlings leget\u00f8j for b\u00f8rn over 3 \u00e5r, som vil transportere dem ind i madlavningens verden. K\u00f8kkenet er fuldt udstyret med tilbeh\u00f8r og apparater, der simulerer et rigtigt k\u00f8kken, hvilket g\u00f8r det ideelt til rollespilslege, s\u00e5 b\u00f8rn kan efterligne voksnes hverdag. Tr\u00e6konstruktionen af k\u00f8kkenet garanterer holdbarhed [&hellip;]<\/p>\n","protected":false},"featured_media":0,"comment_status":"open","ping_status":"closed","template":"","meta":[],"product_brand":[],"product_cat":[31],"product_tag":[],"class_list":{"0":"post-29277","1":"product","2":"type-product","3":"status-publish","5":"product_cat-uncategorized-da","7":"first","8":"instock","9":"shipping-taxable","10":"purchasable","11":"product-type-simple"},"_links":{"self":[{"href":"https:\/\/nordicmart.andreevmaster.com\/da\/wp-json\/wp\/v2\/product\/29277","targetHints":{"allow":["GET"]}}],"collection":[{"href":"https:\/\/nordicmart.andreevmaster.com\/da\/wp-json\/wp\/v2\/product"}],"about":[{"href":"https:\/\/nordicmart.andreevmaster.com\/da\/wp-json\/wp\/v2\/types\/product"}],"replies":[{"embeddable":true,"href":"https:\/\/nordicmart.andreevmaster.com\/da\/wp-json\/wp\/v2\/comments?post=29277"}],"wp:attachment":[{"href":"https:\/\/nordicmart.andreevmaster.com\/da\/wp-json\/wp\/v2\/media?parent=29277"}],"wp:term":[{"taxonomy":"product_brand","embeddable":true,"href":"https:\/\/nordicmart.andreevmaster.com\/da\/wp-json\/wp\/v2\/product_brand?post=29277"},{"taxonomy":"product_cat","embeddable":true,"href":"https:\/\/nordicmart.andreevmaster.com\/da\/wp-json\/wp\/v2\/product_cat?post=29277"},{"taxonomy":"product_tag","embeddable":true,"href":"https:\/\/nordicmart.andreevmaster.com\/da\/wp-json\/wp\/v2\/product_tag?post=29277"}],"curies":[{"name":"wp","href":"https:\/\/api.w.org\/{rel}","templated":true}]}}