{"id":29276,"date":"2026-02-27T00:46:22","date_gmt":"2026-02-27T00:46:22","guid":{"rendered":"https:\/\/nordicmart.andreevmaster.com\/product\/tooky-toy-interaktivt-trae-montessori-hexagon-abnbar-boks\/"},"modified":"2026-02-27T09:22:32","modified_gmt":"2026-02-27T09:22:32","slug":"tooky-toy-interaktivt-trae-montessori-hexagon-abnbar-boks","status":"publish","type":"product","link":"https:\/\/nordicmart.andreevmaster.com\/da\/vare\/tooky-toy-interaktivt-trae-montessori-hexagon-abnbar-boks\/","title":{"rendered":"TOOKY TOY Interaktivt Tr\u00e6 Montessori Hexagon \u00c5bnbar Boks"},"content":{"rendered":"<p>Den tr\u00e6 multifunktionelle hexagon med 7 aktiviteter fra TOOKY TOY er et interaktivt p\u00e6dagogisk leget\u00f8j, der tilbyder mange forskellige typer leg p\u00e5 hver af dens syv sider. B\u00f8rn kan flytte perler i labyrinter, dreje gear, matche former eller l\u00e6re at fort\u00e6lle tid. Leget\u00f8jet er omhyggeligt fremstillet for at opmuntre b\u00f8rn til at lege. Derudover \u00e5bnes toppanelet, s\u00e5 du kan opbevare din lilles leget\u00f8j. Funktioner:<\/p>\n<p>* &#8211; leget\u00f8j til b\u00f8rn fra 18 m\u00e5neder,<br \/>\n* &#8211; interaktivt p\u00e6dagogisk leget\u00f8j til b\u00f8rn,<br \/>\n* &#8211; inkluderer 7 forskellige aktiviteter, hver p\u00e5 en anden side af terningen,<br \/>\n* &#8211; det smukke design af hele leget\u00f8jet opmuntrer b\u00f8rn til at lege,<br \/>\n* &#8211; hexagonal form og lille st\u00f8rrelse,<br \/>\n* &#8211; lavet af sikre og holdbare materialer,<br \/>\n* &#8211; Boksen kan \u00e5bnes, s\u00e5 du kan opbevare dit barns leget\u00f8j.<\/p>\n<p>Leget\u00f8jet udvikler:<\/p>\n<p>* &#8211; logiske t\u00e6nknings f\u00e6rdigheder,<br \/>\n* &#8211; samarbejds f\u00e6rdigheder og praktiske f\u00e6rdigheder,<br \/>\n* &#8211; h\u00e5nd-\u00f8je koordination,<br \/>\n* &#8211; form og farve genkendelse,<br \/>\n* &#8211; evne til at t\u00e6lle,<br \/>\n* &#8211; finmotorik og matematiske evner.<\/p>\n","protected":false},"excerpt":{"rendered":"<p>Den tr\u00e6 multifunktionelle hexagon med 7 aktiviteter fra TOOKY TOY er et interaktivt p\u00e6dagogisk leget\u00f8j, der tilbyder mange forskellige typer leg p\u00e5 hver af dens syv sider. B\u00f8rn kan flytte perler i labyrinter, dreje gear, matche former eller l\u00e6re at fort\u00e6lle tid. Leget\u00f8jet er omhyggeligt fremstillet for at opmuntre b\u00f8rn til at lege. Derudover \u00e5bnes [&hellip;]<\/p>\n","protected":false},"featured_media":0,"comment_status":"open","ping_status":"closed","template":"","meta":[],"product_brand":[],"product_cat":[31],"product_tag":[],"class_list":{"0":"post-29276","1":"product","2":"type-product","3":"status-publish","5":"product_cat-uncategorized-da","7":"first","8":"instock","9":"shipping-taxable","10":"purchasable","11":"product-type-simple"},"_links":{"self":[{"href":"https:\/\/nordicmart.andreevmaster.com\/da\/wp-json\/wp\/v2\/product\/29276","targetHints":{"allow":["GET"]}}],"collection":[{"href":"https:\/\/nordicmart.andreevmaster.com\/da\/wp-json\/wp\/v2\/product"}],"about":[{"href":"https:\/\/nordicmart.andreevmaster.com\/da\/wp-json\/wp\/v2\/types\/product"}],"replies":[{"embeddable":true,"href":"https:\/\/nordicmart.andreevmaster.com\/da\/wp-json\/wp\/v2\/comments?post=29276"}],"wp:attachment":[{"href":"https:\/\/nordicmart.andreevmaster.com\/da\/wp-json\/wp\/v2\/media?parent=29276"}],"wp:term":[{"taxonomy":"product_brand","embeddable":true,"href":"https:\/\/nordicmart.andreevmaster.com\/da\/wp-json\/wp\/v2\/product_brand?post=29276"},{"taxonomy":"product_cat","embeddable":true,"href":"https:\/\/nordicmart.andreevmaster.com\/da\/wp-json\/wp\/v2\/product_cat?post=29276"},{"taxonomy":"product_tag","embeddable":true,"href":"https:\/\/nordicmart.andreevmaster.com\/da\/wp-json\/wp\/v2\/product_tag?post=29276"}],"curies":[{"name":"wp","href":"https:\/\/api.w.org\/{rel}","templated":true}]}}