{"id":29275,"date":"2026-02-27T00:46:22","date_gmt":"2026-02-27T00:46:22","guid":{"rendered":"https:\/\/nordicmart.andreevmaster.com\/product\/tooky-toy-trae-rum-parkerings-rum-station\/"},"modified":"2026-02-27T09:22:32","modified_gmt":"2026-02-27T09:22:32","slug":"tooky-toy-trae-rum-parkerings-rum-station","status":"publish","type":"product","link":"https:\/\/nordicmart.andreevmaster.com\/da\/vare\/tooky-toy-trae-rum-parkerings-rum-station\/","title":{"rendered":"TOOKY TOY Tr\u00e6 Rum Parkerings Rum Station"},"content":{"rendered":"<p>Station klar til opsendelse \u2013 lille astronauter i aktion!<\/p>\n<p>Dette unikke tr\u00e6 s\u00e6t er en rigtig godbid for lille rum udforskere! Rumstationen med flere niveauer, ramper, en landingsplads og en elevator giver timer af fascinerende sjov. S\u00e6ttet inkluderer ikke kun stationen, men ogs\u00e5 k\u00f8ret\u00f8jer, en raket, en alien og astronauter \u2013 alt lavet med opm\u00e6rksomhed p\u00e5 detaljer og barnesikkerhed i tankerne.<\/p>\n<p>Funktioner:<\/p>\n<p>* &#8211; Leget\u00f8j til aldre 3 og op<br \/>\n* &#8211; Fler-niveau konstruktion<br \/>\n* &#8211; Landingsplads med raket<br \/>\n* &#8211; Bev\u00e6gelig elevator og glide rampe<br \/>\n* &#8211; 3 astronaut figurer og 1 alien<br \/>\n* &#8211; 3 rum k\u00f8ret\u00f8jer (inklusive et lab k\u00f8ret\u00f8j, transporter og elektrisk k\u00f8ret\u00f8j)<br \/>\n* &#8211; Satellit, UFO, ladestation, radar og barriereskilt<br \/>\n* &#8211; H\u00f8j kvalitet konstruktion lavet af tr\u00e6 og sikre maling<\/p>\n<p>S\u00e6ttet inkluderer:<\/p>\n<p>* &#8211; 1 rum station med landingsplads<br \/>\n* &#8211; 1 raket<br \/>\n* &#8211; 3 astronauter<br \/>\n* &#8211; 1 alien<br \/>\n* &#8211; 1 satellit<br \/>\n* &#8211; 1 UFO<br \/>\n* &#8211; 1 radar<br \/>\n* &#8211; 1 skilt + barriere<br \/>\n* &#8211; 3 k\u00f8ret\u00f8jer<br \/>\n* &#8211; 1 ladestation<\/p>\n<p>Leget\u00f8jet udvikler:<\/p>\n<p>* &#8211; imagination og kreativitet<br \/>\n* &#8211; rollespils f\u00e6rdigheder<br \/>\n* &#8211; h\u00e5nd-\u00f8je koordination<br \/>\n* &#8211; manuelle f\u00e6rdigheder<\/p>\n","protected":false},"excerpt":{"rendered":"<p>Station klar til opsendelse \u2013 lille astronauter i aktion! Dette unikke tr\u00e6 s\u00e6t er en rigtig godbid for lille rum udforskere! Rumstationen med flere niveauer, ramper, en landingsplads og en elevator giver timer af fascinerende sjov. S\u00e6ttet inkluderer ikke kun stationen, men ogs\u00e5 k\u00f8ret\u00f8jer, en raket, en alien og astronauter \u2013 alt lavet med opm\u00e6rksomhed [&hellip;]<\/p>\n","protected":false},"featured_media":0,"comment_status":"open","ping_status":"closed","template":"","meta":[],"product_brand":[],"product_cat":[31],"product_tag":[],"class_list":{"0":"post-29275","1":"product","2":"type-product","3":"status-publish","5":"product_cat-uncategorized-da","7":"first","8":"instock","9":"shipping-taxable","10":"purchasable","11":"product-type-simple"},"_links":{"self":[{"href":"https:\/\/nordicmart.andreevmaster.com\/da\/wp-json\/wp\/v2\/product\/29275","targetHints":{"allow":["GET"]}}],"collection":[{"href":"https:\/\/nordicmart.andreevmaster.com\/da\/wp-json\/wp\/v2\/product"}],"about":[{"href":"https:\/\/nordicmart.andreevmaster.com\/da\/wp-json\/wp\/v2\/types\/product"}],"replies":[{"embeddable":true,"href":"https:\/\/nordicmart.andreevmaster.com\/da\/wp-json\/wp\/v2\/comments?post=29275"}],"wp:attachment":[{"href":"https:\/\/nordicmart.andreevmaster.com\/da\/wp-json\/wp\/v2\/media?parent=29275"}],"wp:term":[{"taxonomy":"product_brand","embeddable":true,"href":"https:\/\/nordicmart.andreevmaster.com\/da\/wp-json\/wp\/v2\/product_brand?post=29275"},{"taxonomy":"product_cat","embeddable":true,"href":"https:\/\/nordicmart.andreevmaster.com\/da\/wp-json\/wp\/v2\/product_cat?post=29275"},{"taxonomy":"product_tag","embeddable":true,"href":"https:\/\/nordicmart.andreevmaster.com\/da\/wp-json\/wp\/v2\/product_tag?post=29275"}],"curies":[{"name":"wp","href":"https:\/\/api.w.org\/{rel}","templated":true}]}}