{"id":29274,"date":"2026-02-27T00:46:22","date_gmt":"2026-02-27T00:46:22","guid":{"rendered":"https:\/\/nordicmart.andreevmaster.com\/product\/tooky-toy-stort-trae-dukkehus-figurer-fsc\/"},"modified":"2026-02-27T09:22:32","modified_gmt":"2026-02-27T09:22:32","slug":"tooky-toy-stort-trae-dukkehus-figurer-fsc","status":"publish","type":"product","link":"https:\/\/nordicmart.andreevmaster.com\/da\/vare\/tooky-toy-stort-trae-dukkehus-figurer-fsc\/","title":{"rendered":"TOOKY TOY Stort Tr\u00e6 Dukkehus + Figurer FSC"},"content":{"rendered":"<p>Tooky Toy dukkehuset skiller sig ud med sit moderne, tre-etagers design, lavet helt af tr\u00e6. Dets stilfulde linjer og nutidige \u00e6stetik g\u00f8r det til det perfekte valg for b\u00f8rn, der s\u00e6tter pris p\u00e5 moderne arkitektur. Huset tilbyder tre niveauer fuld af attraktioner, med hver etage udstyret med unikke rum og funktioner.<\/p>\n<p>P\u00e5 stueetagen er der et k\u00f8kken med et spiseomr\u00e5de, ved siden af et badev\u00e6relse udstyret med alle n\u00f8dvendige elementer, s\u00e5som et badekar, bruser og toilet. F\u00f8rste sal huser en rummelig stue med en hyggelig sofa og TV, hvor dukker kan slappe af og tilbringe tid sammen. Loftet er et charmerende sovev\u00e6relse med en komfortabel seng, garderobe og vugge. Sovev\u00e6relset \u00e5bner ud til en balkon, som er det perfekte sted at slappe af og nyde udsigten.<\/p>\n<p>Dukkehuset leveres med en familie p\u00e5 seks dukker klar til at flytte ind. Hver dukke har en unik stil og personlighed, og med fuldt bev\u00e6gelige led, er mulighederne for kreativ leg endel\u00f8se. S\u00e6ttet inkluderer ogs\u00e5 m\u00f8bler og dekorationer, der bringer hvert rum til live og skaber en unik atmosf\u00e6re.<\/p>\n<p>Tooky Toy dukkehuset inspirerer b\u00f8rn til at lege kreativt, udvikler deres imagination og sociale f\u00e6rdigheder mens det l\u00e6rer dem om familieliv. Det er det perfekte valg for ethvert barn, der elsker moderne design og kreativ leg.<\/p>\n<p>Funktioner:<\/p>\n<p>* &#8211; leget\u00f8j til aldre 3 og op<br \/>\n* &#8211; huset er malet med sikre, ikke-giftige maling i pastelfarver,<br \/>\n* &#8211; huset har 2 etager + et loft<br \/>\n* &#8211; leget\u00f8j lavet af h\u00f8j kvalitet tr\u00e6, solidt og holdbart, designet til at modst\u00e5 intens leg.<\/p>\n<p>Leget\u00f8jet udvikler:<\/p>\n<p>* &#8211; social adf\u00e6rd<br \/>\n* &#8211; imagination<br \/>\n* &#8211; kreativitet<\/p>\n<p>[img-67344-left-thickbox_default]<\/p>\n<p>[img-67336-left-thickbox_default]<\/p>\n<p>[img-67342-left-thickbox_default]<\/p>\n","protected":false},"excerpt":{"rendered":"<p>Tooky Toy dukkehuset skiller sig ud med sit moderne, tre-etagers design, lavet helt af tr\u00e6. Dets stilfulde linjer og nutidige \u00e6stetik g\u00f8r det til det perfekte valg for b\u00f8rn, der s\u00e6tter pris p\u00e5 moderne arkitektur. Huset tilbyder tre niveauer fuld af attraktioner, med hver etage udstyret med unikke rum og funktioner. P\u00e5 stueetagen er der [&hellip;]<\/p>\n","protected":false},"featured_media":0,"comment_status":"open","ping_status":"closed","template":"","meta":[],"product_brand":[],"product_cat":[31],"product_tag":[],"class_list":{"0":"post-29274","1":"product","2":"type-product","3":"status-publish","5":"product_cat-uncategorized-da","7":"first","8":"instock","9":"shipping-taxable","10":"purchasable","11":"product-type-simple"},"_links":{"self":[{"href":"https:\/\/nordicmart.andreevmaster.com\/da\/wp-json\/wp\/v2\/product\/29274","targetHints":{"allow":["GET"]}}],"collection":[{"href":"https:\/\/nordicmart.andreevmaster.com\/da\/wp-json\/wp\/v2\/product"}],"about":[{"href":"https:\/\/nordicmart.andreevmaster.com\/da\/wp-json\/wp\/v2\/types\/product"}],"replies":[{"embeddable":true,"href":"https:\/\/nordicmart.andreevmaster.com\/da\/wp-json\/wp\/v2\/comments?post=29274"}],"wp:attachment":[{"href":"https:\/\/nordicmart.andreevmaster.com\/da\/wp-json\/wp\/v2\/media?parent=29274"}],"wp:term":[{"taxonomy":"product_brand","embeddable":true,"href":"https:\/\/nordicmart.andreevmaster.com\/da\/wp-json\/wp\/v2\/product_brand?post=29274"},{"taxonomy":"product_cat","embeddable":true,"href":"https:\/\/nordicmart.andreevmaster.com\/da\/wp-json\/wp\/v2\/product_cat?post=29274"},{"taxonomy":"product_tag","embeddable":true,"href":"https:\/\/nordicmart.andreevmaster.com\/da\/wp-json\/wp\/v2\/product_tag?post=29274"}],"curies":[{"name":"wp","href":"https:\/\/api.w.org\/{rel}","templated":true}]}}